{"id":105658,"date":"2025-11-05T00:54:43","date_gmt":"2025-11-05T00:54:43","guid":{"rendered":"https:\/\/promis.ro\/product\/ment\/"},"modified":"2025-11-11T21:03:31","modified_gmt":"2025-11-11T21:03:31","slug":"ment","status":"publish","type":"product","link":"https:\/\/promis.ro\/ro\/produs\/ment\/","title":{"rendered":"Ment"},"content":{"rendered":"<p>Tricou polo unisex \u00een culori pastelate cu tonuri dulci \u0219i moi. Fabricat din 100% bumbac organic piqu\u00e9 Ring Spun 180g\/m2. Textur\u0103 moale \u0219i croial\u0103 modern\u0103, cu placket colorat cu dou\u0103 butoane. Marginile \u0219i m\u00e2necile cusute dublu pentru durabilitate \u0219i rezisten\u021b\u0103 la uzur\u0103 intensiv\u0103. Cu eticheta exterioar\u0103 ORGANIC COTTON, indicativ al unui produs de origine reciclat\u0103. Etichet\u0103 u\u0219or de \u00eendep\u0103rtat \u0219i disponibil \u00een dimensiunile XS, S, M, L, XL \u0219i XXL.<\/p>","protected":false},"excerpt":{"rendered":"<p>Tricou polo unisex \u00een culori pastelate cu tonuri dulci \u0219i moi. Fabricat din 100% bumbac organic piqu\u00e9 Ring Spun 180g\/m2.<\/p>","protected":false},"featured_media":159683,"comment_status":"open","ping_status":"closed","template":"","meta":[],"product_brand":[],"product_cat":[197],"product_tag":[],"class_list":{"0":"post-105658","1":"product","2":"type-product","3":"status-publish","4":"has-post-thumbnail","6":"product_cat-articole-durabile","8":"first","9":"instock","10":"shipping-taxable","11":"purchasable","12":"product-type-variable"},"_links":{"self":[{"href":"https:\/\/promis.ro\/ro\/wp-json\/wp\/v2\/product\/105658","targetHints":{"allow":["GET"]}}],"collection":[{"href":"https:\/\/promis.ro\/ro\/wp-json\/wp\/v2\/product"}],"about":[{"href":"https:\/\/promis.ro\/ro\/wp-json\/wp\/v2\/types\/product"}],"replies":[{"embeddable":true,"href":"https:\/\/promis.ro\/ro\/wp-json\/wp\/v2\/comments?post=105658"}],"version-history":[{"count":1,"href":"https:\/\/promis.ro\/ro\/wp-json\/wp\/v2\/product\/105658\/revisions"}],"predecessor-version":[{"id":114360,"href":"https:\/\/promis.ro\/ro\/wp-json\/wp\/v2\/product\/105658\/revisions\/114360"}],"wp:featuredmedia":[{"embeddable":true,"href":"https:\/\/promis.ro\/ro\/wp-json\/wp\/v2\/media\/159683"}],"wp:attachment":[{"href":"https:\/\/promis.ro\/ro\/wp-json\/wp\/v2\/media?parent=105658"}],"wp:term":[{"taxonomy":"product_brand","embeddable":true,"href":"https:\/\/promis.ro\/ro\/wp-json\/wp\/v2\/product_brand?post=105658"},{"taxonomy":"product_cat","embeddable":true,"href":"https:\/\/promis.ro\/ro\/wp-json\/wp\/v2\/product_cat?post=105658"},{"taxonomy":"product_tag","embeddable":true,"href":"https:\/\/promis.ro\/ro\/wp-json\/wp\/v2\/product_tag?post=105658"}],"curies":[{"name":"wp","href":"https:\/\/api.w.org\/{rel}","templated":true}]}}