{"id":105664,"date":"2025-11-05T00:54:48","date_gmt":"2025-11-05T00:54:48","guid":{"rendered":"https:\/\/promis.ro\/product\/lightweight-shorts\/"},"modified":"2025-11-11T20:56:36","modified_gmt":"2025-11-11T20:56:36","slug":"lightweight-shorts","status":"publish","type":"product","link":"https:\/\/promis.ro\/ro\/produs\/lightweight-shorts\/","title":{"rendered":"Lightweight Shorts"},"content":{"rendered":"<p>Shorts u\u0219ori de la Fruit Of The Loom. Fabricat din fleece u\u0219or neperiat, \u00eentr-o combina\u021bie de 80% bumbac + 20% poliester 240g\/m2. Talie elastic\u0103 cu \u0219nur asortat \u0219i buzunare laterale. Disponibil \u00eentr-o gam\u0103 larg\u0103 de culori \u0219i \u00een dimensiunile S, M, L, XL, XXL.<\/p>","protected":false},"excerpt":{"rendered":"<p>Shorts u\u0219ori de la Fruit Of The Loom. Fabricat din fleece u\u0219or neperiat, \u00eentr-o combina\u021bie de 80% bumbac + 20%<\/p>","protected":false},"featured_media":159706,"comment_status":"open","ping_status":"closed","template":"","meta":[],"product_brand":[],"product_cat":[191],"product_tag":[],"class_list":{"0":"post-105664","1":"product","2":"type-product","3":"status-publish","4":"has-post-thumbnail","6":"product_cat-textile","8":"first","9":"instock","10":"shipping-taxable","11":"purchasable","12":"product-type-variable"},"_links":{"self":[{"href":"https:\/\/promis.ro\/ro\/wp-json\/wp\/v2\/product\/105664","targetHints":{"allow":["GET"]}}],"collection":[{"href":"https:\/\/promis.ro\/ro\/wp-json\/wp\/v2\/product"}],"about":[{"href":"https:\/\/promis.ro\/ro\/wp-json\/wp\/v2\/types\/product"}],"replies":[{"embeddable":true,"href":"https:\/\/promis.ro\/ro\/wp-json\/wp\/v2\/comments?post=105664"}],"version-history":[{"count":1,"href":"https:\/\/promis.ro\/ro\/wp-json\/wp\/v2\/product\/105664\/revisions"}],"predecessor-version":[{"id":114358,"href":"https:\/\/promis.ro\/ro\/wp-json\/wp\/v2\/product\/105664\/revisions\/114358"}],"wp:featuredmedia":[{"embeddable":true,"href":"https:\/\/promis.ro\/ro\/wp-json\/wp\/v2\/media\/159706"}],"wp:attachment":[{"href":"https:\/\/promis.ro\/ro\/wp-json\/wp\/v2\/media?parent=105664"}],"wp:term":[{"taxonomy":"product_brand","embeddable":true,"href":"https:\/\/promis.ro\/ro\/wp-json\/wp\/v2\/product_brand?post=105664"},{"taxonomy":"product_cat","embeddable":true,"href":"https:\/\/promis.ro\/ro\/wp-json\/wp\/v2\/product_cat?post=105664"},{"taxonomy":"product_tag","embeddable":true,"href":"https:\/\/promis.ro\/ro\/wp-json\/wp\/v2\/product_tag?post=105664"}],"curies":[{"name":"wp","href":"https:\/\/api.w.org\/{rel}","templated":true}]}}