{"id":105665,"date":"2025-11-05T00:54:48","date_gmt":"2025-11-05T00:54:48","guid":{"rendered":"https:\/\/promis.ro\/product\/articos\/"},"modified":"2025-11-11T21:04:09","modified_gmt":"2025-11-11T21:04:09","slug":"articos","status":"publish","type":"product","link":"https:\/\/promis.ro\/ro\/produs\/articos\/","title":{"rendered":"Articos"},"content":{"rendered":"<p>guler c\u0103lduros din polar fleece 200g\/m2 cu tratament anti-pilling. Disponibil \u00eentr-o gam\u0103 larg\u0103 de nuan\u021be str\u0103lucitoare, cu \u00eenchidere cu sfoar\u0103 \u0219i accesoriu de ajustare.<\/p>","protected":false},"excerpt":{"rendered":"<p>guler c\u0103lduros din polar fleece 200g\/m2 cu tratament anti-pilling. Disponibil \u00eentr-o gam\u0103 larg\u0103 de nuan\u021be str\u0103lucitoare, cu \u00eenchidere cu sfoar\u0103<\/p>","protected":false},"featured_media":159707,"comment_status":"open","ping_status":"closed","template":"","meta":[],"product_brand":[],"product_cat":[193],"product_tag":[],"class_list":{"0":"post-105665","1":"product","2":"type-product","3":"status-publish","4":"has-post-thumbnail","6":"product_cat-ploaie-si-frig","8":"first","9":"instock","10":"shipping-taxable","11":"purchasable","12":"product-type-variable"},"_links":{"self":[{"href":"https:\/\/promis.ro\/ro\/wp-json\/wp\/v2\/product\/105665","targetHints":{"allow":["GET"]}}],"collection":[{"href":"https:\/\/promis.ro\/ro\/wp-json\/wp\/v2\/product"}],"about":[{"href":"https:\/\/promis.ro\/ro\/wp-json\/wp\/v2\/types\/product"}],"replies":[{"embeddable":true,"href":"https:\/\/promis.ro\/ro\/wp-json\/wp\/v2\/comments?post=105665"}],"version-history":[{"count":1,"href":"https:\/\/promis.ro\/ro\/wp-json\/wp\/v2\/product\/105665\/revisions"}],"predecessor-version":[{"id":114361,"href":"https:\/\/promis.ro\/ro\/wp-json\/wp\/v2\/product\/105665\/revisions\/114361"}],"wp:featuredmedia":[{"embeddable":true,"href":"https:\/\/promis.ro\/ro\/wp-json\/wp\/v2\/media\/159707"}],"wp:attachment":[{"href":"https:\/\/promis.ro\/ro\/wp-json\/wp\/v2\/media?parent=105665"}],"wp:term":[{"taxonomy":"product_brand","embeddable":true,"href":"https:\/\/promis.ro\/ro\/wp-json\/wp\/v2\/product_brand?post=105665"},{"taxonomy":"product_cat","embeddable":true,"href":"https:\/\/promis.ro\/ro\/wp-json\/wp\/v2\/product_cat?post=105665"},{"taxonomy":"product_tag","embeddable":true,"href":"https:\/\/promis.ro\/ro\/wp-json\/wp\/v2\/product_tag?post=105665"}],"curies":[{"name":"wp","href":"https:\/\/api.w.org\/{rel}","templated":true}]}}