{"id":105667,"date":"2025-11-05T00:54:50","date_gmt":"2025-11-05T00:54:50","guid":{"rendered":"https:\/\/promis.ro\/product\/lightweight-open-hem\/"},"modified":"2025-11-11T21:04:01","modified_gmt":"2025-11-11T21:04:01","slug":"lightweight-open-hem","status":"publish","type":"product","link":"https:\/\/promis.ro\/ro\/produs\/lightweight-open-hem\/","title":{"rendered":"Lightweight Open Hem"},"content":{"rendered":"<p>Pantaloni lungi cu tiv deschis, u\u0219ori, de la Fruit Of The Loom. Fabricat din fleece u\u0219or, neperiat, \u00eentr-o combina\u021bie de 80% bumbac + 20% poliester 240g\/m2. Talie elastic\u0103 cu \u0219nur asortat, buzunare laterale \u0219i tiv deschis. Disponibil \u00eentr-o gam\u0103 larg\u0103 de culori \u0219i \u00een m\u0103rimile S, M, L, XL, XXL.<\/p>","protected":false},"excerpt":{"rendered":"<p>Pantaloni lungi cu tiv deschis, u\u0219ori, de la Fruit Of The Loom. Fabricat din fleece u\u0219or, neperiat, \u00eentr-o combina\u021bie de<\/p>","protected":false},"featured_media":159712,"comment_status":"open","ping_status":"closed","template":"","meta":[],"product_brand":[],"product_cat":[191],"product_tag":[],"class_list":{"0":"post-105667","1":"product","2":"type-product","3":"status-publish","4":"has-post-thumbnail","6":"product_cat-textile","8":"first","9":"instock","10":"shipping-taxable","11":"purchasable","12":"product-type-variable"},"_links":{"self":[{"href":"https:\/\/promis.ro\/ro\/wp-json\/wp\/v2\/product\/105667","targetHints":{"allow":["GET"]}}],"collection":[{"href":"https:\/\/promis.ro\/ro\/wp-json\/wp\/v2\/product"}],"about":[{"href":"https:\/\/promis.ro\/ro\/wp-json\/wp\/v2\/types\/product"}],"replies":[{"embeddable":true,"href":"https:\/\/promis.ro\/ro\/wp-json\/wp\/v2\/comments?post=105667"}],"version-history":[{"count":1,"href":"https:\/\/promis.ro\/ro\/wp-json\/wp\/v2\/product\/105667\/revisions"}],"predecessor-version":[{"id":114376,"href":"https:\/\/promis.ro\/ro\/wp-json\/wp\/v2\/product\/105667\/revisions\/114376"}],"wp:featuredmedia":[{"embeddable":true,"href":"https:\/\/promis.ro\/ro\/wp-json\/wp\/v2\/media\/159712"}],"wp:attachment":[{"href":"https:\/\/promis.ro\/ro\/wp-json\/wp\/v2\/media?parent=105667"}],"wp:term":[{"taxonomy":"product_brand","embeddable":true,"href":"https:\/\/promis.ro\/ro\/wp-json\/wp\/v2\/product_brand?post=105667"},{"taxonomy":"product_cat","embeddable":true,"href":"https:\/\/promis.ro\/ro\/wp-json\/wp\/v2\/product_cat?post=105667"},{"taxonomy":"product_tag","embeddable":true,"href":"https:\/\/promis.ro\/ro\/wp-json\/wp\/v2\/product_tag?post=105667"}],"curies":[{"name":"wp","href":"https:\/\/api.w.org\/{rel}","templated":true}]}}