{"id":106066,"date":"2025-11-05T00:58:43","date_gmt":"2025-11-05T00:58:43","guid":{"rendered":"https:\/\/promis.ro\/product\/lua\/"},"modified":"2025-11-11T20:57:06","modified_gmt":"2025-11-11T20:57:06","slug":"lua","status":"publish","type":"product","link":"https:\/\/promis.ro\/ro\/produs\/lua\/","title":{"rendered":"Lua"},"content":{"rendered":"<p>\u0218apc\u0103 din paie de culoare alb\u0103 cu panglic\u0103 interioar\u0103 confortabil\u0103 \u0219i g\u0103uri de ventila\u021bie.<\/p>","protected":false},"excerpt":{"rendered":"<p>\u0218apc\u0103 din paie de culoare alb\u0103 cu panglic\u0103 interioar\u0103 confortabil\u0103 \u0219i g\u0103uri de ventila\u021bie.<\/p>","protected":false},"featured_media":159726,"comment_status":"open","ping_status":"closed","template":"","meta":[],"product_brand":[],"product_cat":[186],"product_tag":[],"class_list":{"0":"post-106066","1":"product","2":"type-product","3":"status-publish","4":"has-post-thumbnail","6":"product_cat-sepci-si-palarii","8":"first","9":"instock","10":"shipping-taxable","11":"purchasable","12":"product-type-simple"},"_links":{"self":[{"href":"https:\/\/promis.ro\/ro\/wp-json\/wp\/v2\/product\/106066","targetHints":{"allow":["GET"]}}],"collection":[{"href":"https:\/\/promis.ro\/ro\/wp-json\/wp\/v2\/product"}],"about":[{"href":"https:\/\/promis.ro\/ro\/wp-json\/wp\/v2\/types\/product"}],"replies":[{"embeddable":true,"href":"https:\/\/promis.ro\/ro\/wp-json\/wp\/v2\/comments?post=106066"}],"version-history":[{"count":1,"href":"https:\/\/promis.ro\/ro\/wp-json\/wp\/v2\/product\/106066\/revisions"}],"predecessor-version":[{"id":114371,"href":"https:\/\/promis.ro\/ro\/wp-json\/wp\/v2\/product\/106066\/revisions\/114371"}],"wp:featuredmedia":[{"embeddable":true,"href":"https:\/\/promis.ro\/ro\/wp-json\/wp\/v2\/media\/159726"}],"wp:attachment":[{"href":"https:\/\/promis.ro\/ro\/wp-json\/wp\/v2\/media?parent=106066"}],"wp:term":[{"taxonomy":"product_brand","embeddable":true,"href":"https:\/\/promis.ro\/ro\/wp-json\/wp\/v2\/product_brand?post=106066"},{"taxonomy":"product_cat","embeddable":true,"href":"https:\/\/promis.ro\/ro\/wp-json\/wp\/v2\/product_cat?post=106066"},{"taxonomy":"product_tag","embeddable":true,"href":"https:\/\/promis.ro\/ro\/wp-json\/wp\/v2\/product_tag?post=106066"}],"curies":[{"name":"wp","href":"https:\/\/api.w.org\/{rel}","templated":true}]}}