{"id":106067,"date":"2025-11-05T00:58:43","date_gmt":"2025-11-05T00:58:43","guid":{"rendered":"https:\/\/promis.ro\/product\/vita\/"},"modified":"2025-11-11T20:57:11","modified_gmt":"2025-11-11T20:57:11","slug":"vita","status":"publish","type":"product","link":"https:\/\/promis.ro\/ro\/produs\/vita\/","title":{"rendered":"Vita"},"content":{"rendered":"<p>P\u0103l\u0103rie din paie. Fabricat\u0103 din paie \u00eempletit\u0103 de culoare verde natural\u0103, ceea ce o face respirabil\u0103. Cu o band\u0103 interioar\u0103 pentru un fit mai confortabil.<\/p>","protected":false},"excerpt":{"rendered":"<p>P\u0103l\u0103rie din paie. Fabricat\u0103 din paie \u00eempletit\u0103 de culoare verde natural\u0103, ceea ce o face respirabil\u0103. Cu o band\u0103 interioar\u0103<\/p>","protected":false},"featured_media":159728,"comment_status":"open","ping_status":"closed","template":"","meta":[],"product_brand":[],"product_cat":[186],"product_tag":[],"class_list":{"0":"post-106067","1":"product","2":"type-product","3":"status-publish","4":"has-post-thumbnail","6":"product_cat-sepci-si-palarii","8":"first","9":"instock","10":"shipping-taxable","11":"purchasable","12":"product-type-simple"},"_links":{"self":[{"href":"https:\/\/promis.ro\/ro\/wp-json\/wp\/v2\/product\/106067","targetHints":{"allow":["GET"]}}],"collection":[{"href":"https:\/\/promis.ro\/ro\/wp-json\/wp\/v2\/product"}],"about":[{"href":"https:\/\/promis.ro\/ro\/wp-json\/wp\/v2\/types\/product"}],"replies":[{"embeddable":true,"href":"https:\/\/promis.ro\/ro\/wp-json\/wp\/v2\/comments?post=106067"}],"version-history":[{"count":1,"href":"https:\/\/promis.ro\/ro\/wp-json\/wp\/v2\/product\/106067\/revisions"}],"predecessor-version":[{"id":114383,"href":"https:\/\/promis.ro\/ro\/wp-json\/wp\/v2\/product\/106067\/revisions\/114383"}],"wp:featuredmedia":[{"embeddable":true,"href":"https:\/\/promis.ro\/ro\/wp-json\/wp\/v2\/media\/159728"}],"wp:attachment":[{"href":"https:\/\/promis.ro\/ro\/wp-json\/wp\/v2\/media?parent=106067"}],"wp:term":[{"taxonomy":"product_brand","embeddable":true,"href":"https:\/\/promis.ro\/ro\/wp-json\/wp\/v2\/product_brand?post=106067"},{"taxonomy":"product_cat","embeddable":true,"href":"https:\/\/promis.ro\/ro\/wp-json\/wp\/v2\/product_cat?post=106067"},{"taxonomy":"product_tag","embeddable":true,"href":"https:\/\/promis.ro\/ro\/wp-json\/wp\/v2\/product_tag?post=106067"}],"curies":[{"name":"wp","href":"https:\/\/api.w.org\/{rel}","templated":true}]}}