{"id":106068,"date":"2025-11-05T00:58:44","date_gmt":"2025-11-05T00:58:44","guid":{"rendered":"https:\/\/promis.ro\/product\/filagarchado\/"},"modified":"2025-11-11T20:57:12","modified_gmt":"2025-11-11T20:57:12","slug":"filagarchado","status":"publish","type":"product","link":"https:\/\/promis.ro\/ro\/produs\/filagarchado\/","title":{"rendered":"Filagarchado"},"content":{"rendered":"<p>P\u0103l\u0103rie de paie de culoare alb\u0103 cu panglic\u0103 interioar\u0103 confortabil\u0103 \u0219i margine franjurat\u0103.<\/p>","protected":false},"excerpt":{"rendered":"<p>P\u0103l\u0103rie de paie de culoare alb\u0103 cu panglic\u0103 interioar\u0103 confortabil\u0103 \u0219i margine franjurat\u0103.<\/p>","protected":false},"featured_media":159731,"comment_status":"open","ping_status":"closed","template":"","meta":[],"product_brand":[],"product_cat":[201],"product_tag":[],"class_list":{"0":"post-106068","1":"product","2":"type-product","3":"status-publish","4":"has-post-thumbnail","6":"product_cat-outlet","8":"first","9":"instock","10":"shipping-taxable","11":"purchasable","12":"product-type-simple"},"_links":{"self":[{"href":"https:\/\/promis.ro\/ro\/wp-json\/wp\/v2\/product\/106068","targetHints":{"allow":["GET"]}}],"collection":[{"href":"https:\/\/promis.ro\/ro\/wp-json\/wp\/v2\/product"}],"about":[{"href":"https:\/\/promis.ro\/ro\/wp-json\/wp\/v2\/types\/product"}],"replies":[{"embeddable":true,"href":"https:\/\/promis.ro\/ro\/wp-json\/wp\/v2\/comments?post=106068"}],"version-history":[{"count":1,"href":"https:\/\/promis.ro\/ro\/wp-json\/wp\/v2\/product\/106068\/revisions"}],"predecessor-version":[{"id":114367,"href":"https:\/\/promis.ro\/ro\/wp-json\/wp\/v2\/product\/106068\/revisions\/114367"}],"wp:featuredmedia":[{"embeddable":true,"href":"https:\/\/promis.ro\/ro\/wp-json\/wp\/v2\/media\/159731"}],"wp:attachment":[{"href":"https:\/\/promis.ro\/ro\/wp-json\/wp\/v2\/media?parent=106068"}],"wp:term":[{"taxonomy":"product_brand","embeddable":true,"href":"https:\/\/promis.ro\/ro\/wp-json\/wp\/v2\/product_brand?post=106068"},{"taxonomy":"product_cat","embeddable":true,"href":"https:\/\/promis.ro\/ro\/wp-json\/wp\/v2\/product_cat?post=106068"},{"taxonomy":"product_tag","embeddable":true,"href":"https:\/\/promis.ro\/ro\/wp-json\/wp\/v2\/product_tag?post=106068"}],"curies":[{"name":"wp","href":"https:\/\/api.w.org\/{rel}","templated":true}]}}