{"id":106096,"date":"2025-11-05T00:59:05","date_gmt":"2025-11-05T00:59:05","guid":{"rendered":"https:\/\/promis.ro\/product\/salti\/"},"modified":"2025-11-11T21:05:09","modified_gmt":"2025-11-11T21:05:09","slug":"salti","status":"publish","type":"product","link":"https:\/\/promis.ro\/ro\/produs\/salti\/","title":{"rendered":"Salti"},"content":{"rendered":"<p>Un pair de sandale flip flop din EVA \u0219i PVC. Talpa este fabricat\u0103 din EVA durabil pentru o rezisten\u021b\u0103 ridicat\u0103, iar bretelele ergonomice sunt realizate din PVC de culoare asortat\u0103. Disponibile \u00eentr-o gam\u0103 de culori vibrante pentru a se potrivi fiec\u0103rui stil. \u00cen m\u0103rimile 36-38 \u0219i 42-44.<\/p>","protected":false},"excerpt":{"rendered":"<p>Un pair de sandale flip flop din EVA \u0219i PVC. Talpa este fabricat\u0103 din EVA durabil pentru o rezisten\u021b\u0103 ridicat\u0103,<\/p>","protected":false},"featured_media":159814,"comment_status":"open","ping_status":"closed","template":"","meta":[],"product_brand":[],"product_cat":[188],"product_tag":[],"class_list":{"0":"post-106096","1":"product","2":"type-product","3":"status-publish","4":"has-post-thumbnail","6":"product_cat-vara-si-plaja","8":"first","9":"instock","10":"shipping-taxable","11":"purchasable","12":"product-type-variable"},"yoast_head":"<!-- This site is optimized with the Yoast SEO plugin v27.4 - https:\/\/yoast.com\/product\/yoast-seo-wordpress\/ -->\n<title>Salti - Promis.ro<\/title>\n<meta name=\"description\" content=\"Un pair de sandale flip flop din EVA \u0219i PVC. Talpa este fabricat\u0103 din EVA durabil pentru o rezisten\u021b\u0103 ridicat\u0103, iar bretelele ergonomice sunt realizate\" \/>\n<meta name=\"robots\" content=\"index, follow, max-snippet:-1, max-image-preview:large, max-video-preview:-1\" \/>\n<link rel=\"canonical\" href=\"https:\/\/promis.ro\/ro\/produs\/salti\/\" \/>\n<meta property=\"og:locale\" content=\"ro_RO\" \/>\n<meta property=\"og:type\" content=\"article\" \/>\n<meta property=\"og:title\" content=\"Salti - Promis.ro\" \/>\n<meta property=\"og:description\" content=\"Un pair de sandale flip flop din EVA \u0219i PVC. Talpa este fabricat\u0103 din EVA durabil pentru o rezisten\u021b\u0103 ridicat\u0103, iar bretelele ergonomice sunt realizate\" \/>\n<meta property=\"og:url\" content=\"https:\/\/promis.ro\/ro\/produs\/salti\/\" \/>\n<meta property=\"og:site_name\" content=\"Promis.ro\" \/>\n<meta property=\"article:modified_time\" content=\"2025-11-11T21:05:09+00:00\" \/>\n<meta property=\"og:image\" content=\"https:\/\/promis.ro\/wp-content\/uploads\/2025\/11\/8884-W-1.jpg\" \/>\n\t<meta property=\"og:image:width\" content=\"1080\" \/>\n\t<meta property=\"og:image:height\" content=\"1080\" \/>\n\t<meta property=\"og:image:type\" content=\"image\/jpeg\" \/>\n<meta name=\"twitter:card\" content=\"summary_large_image\" \/>\n<script type=\"application\/ld+json\" class=\"yoast-schema-graph\">{\"@context\":\"https:\\\/\\\/schema.org\",\"@graph\":[{\"@type\":\"WebPage\",\"@id\":\"https:\\\/\\\/promis.ro\\\/product\\\/salti\\\/\",\"url\":\"https:\\\/\\\/promis.ro\\\/product\\\/salti\\\/\",\"name\":\"Salti - Promis.ro\",\"isPartOf\":{\"@id\":\"https:\\\/\\\/promis.ro\\\/#website\"},\"primaryImageOfPage\":{\"@id\":\"https:\\\/\\\/promis.ro\\\/product\\\/salti\\\/#primaryimage\"},\"image\":{\"@id\":\"https:\\\/\\\/promis.ro\\\/product\\\/salti\\\/#primaryimage\"},\"thumbnailUrl\":\"https:\\\/\\\/promis.ro\\\/wp-content\\\/uploads\\\/2025\\\/11\\\/8884-W-1.jpg\",\"datePublished\":\"2025-11-05T00:59:05+00:00\",\"dateModified\":\"2025-11-11T21:05:09+00:00\",\"description\":\"Un pair de sandale flip flop din EVA \u0219i PVC. Talpa este fabricat\u0103 din EVA durabil pentru o rezisten\u021b\u0103 ridicat\u0103, iar bretelele ergonomice sunt realizate\",\"breadcrumb\":{\"@id\":\"https:\\\/\\\/promis.ro\\\/product\\\/salti\\\/#breadcrumb\"},\"inLanguage\":\"ro-RO\",\"potentialAction\":[{\"@type\":\"ReadAction\",\"target\":[\"https:\\\/\\\/promis.ro\\\/product\\\/salti\\\/\"]}]},{\"@type\":\"ImageObject\",\"inLanguage\":\"ro-RO\",\"@id\":\"https:\\\/\\\/promis.ro\\\/product\\\/salti\\\/#primaryimage\",\"url\":\"https:\\\/\\\/promis.ro\\\/wp-content\\\/uploads\\\/2025\\\/11\\\/8884-W-1.jpg\",\"contentUrl\":\"https:\\\/\\\/promis.ro\\\/wp-content\\\/uploads\\\/2025\\\/11\\\/8884-W-1.jpg\",\"width\":1080,\"height\":1080},{\"@type\":\"BreadcrumbList\",\"@id\":\"https:\\\/\\\/promis.ro\\\/product\\\/salti\\\/#breadcrumb\",\"itemListElement\":[{\"@type\":\"ListItem\",\"position\":1,\"name\":\"Home\",\"item\":\"https:\\\/\\\/promis.ro\\\/\"},{\"@type\":\"ListItem\",\"position\":2,\"name\":\"Magazin\",\"item\":\"https:\\\/\\\/promis.ro\\\/magazin\\\/\"},{\"@type\":\"ListItem\",\"position\":3,\"name\":\"Salti\"}]},{\"@type\":\"WebSite\",\"@id\":\"https:\\\/\\\/promis.ro\\\/#website\",\"url\":\"https:\\\/\\\/promis.ro\\\/\",\"name\":\"Promis.ro\",\"description\":\"\",\"potentialAction\":[{\"@type\":\"SearchAction\",\"target\":{\"@type\":\"EntryPoint\",\"urlTemplate\":\"https:\\\/\\\/promis.ro\\\/?s={search_term_string}\"},\"query-input\":{\"@type\":\"PropertyValueSpecification\",\"valueRequired\":true,\"valueName\":\"search_term_string\"}}],\"inLanguage\":\"ro-RO\"}]}<\/script>\n<!-- \/ Yoast SEO plugin. -->","yoast_head_json":{"title":"Salti - Promis.ro","description":"Un pair de sandale flip flop din EVA \u0219i PVC. Talpa este fabricat\u0103 din EVA durabil pentru o rezisten\u021b\u0103 ridicat\u0103, iar bretelele ergonomice sunt realizate","robots":{"index":"index","follow":"follow","max-snippet":"max-snippet:-1","max-image-preview":"max-image-preview:large","max-video-preview":"max-video-preview:-1"},"canonical":"https:\/\/promis.ro\/ro\/produs\/salti\/","og_locale":"ro_RO","og_type":"article","og_title":"Salti - Promis.ro","og_description":"Un pair de sandale flip flop din EVA \u0219i PVC. Talpa este fabricat\u0103 din EVA durabil pentru o rezisten\u021b\u0103 ridicat\u0103, iar bretelele ergonomice sunt realizate","og_url":"https:\/\/promis.ro\/ro\/produs\/salti\/","og_site_name":"Promis.ro","article_modified_time":"2025-11-11T21:05:09+00:00","og_image":[{"width":1080,"height":1080,"url":"https:\/\/promis.ro\/wp-content\/uploads\/2025\/11\/8884-W-1.jpg","type":"image\/jpeg"}],"twitter_card":"summary_large_image","schema":{"@context":"https:\/\/schema.org","@graph":[{"@type":"WebPage","@id":"https:\/\/promis.ro\/product\/salti\/","url":"https:\/\/promis.ro\/product\/salti\/","name":"Salti - Promis.ro","isPartOf":{"@id":"https:\/\/promis.ro\/#website"},"primaryImageOfPage":{"@id":"https:\/\/promis.ro\/product\/salti\/#primaryimage"},"image":{"@id":"https:\/\/promis.ro\/product\/salti\/#primaryimage"},"thumbnailUrl":"https:\/\/promis.ro\/wp-content\/uploads\/2025\/11\/8884-W-1.jpg","datePublished":"2025-11-05T00:59:05+00:00","dateModified":"2025-11-11T21:05:09+00:00","description":"Un pair de sandale flip flop din EVA \u0219i PVC. Talpa este fabricat\u0103 din EVA durabil pentru o rezisten\u021b\u0103 ridicat\u0103, iar bretelele ergonomice sunt realizate","breadcrumb":{"@id":"https:\/\/promis.ro\/product\/salti\/#breadcrumb"},"inLanguage":"ro-RO","potentialAction":[{"@type":"ReadAction","target":["https:\/\/promis.ro\/product\/salti\/"]}]},{"@type":"ImageObject","inLanguage":"ro-RO","@id":"https:\/\/promis.ro\/product\/salti\/#primaryimage","url":"https:\/\/promis.ro\/wp-content\/uploads\/2025\/11\/8884-W-1.jpg","contentUrl":"https:\/\/promis.ro\/wp-content\/uploads\/2025\/11\/8884-W-1.jpg","width":1080,"height":1080},{"@type":"BreadcrumbList","@id":"https:\/\/promis.ro\/product\/salti\/#breadcrumb","itemListElement":[{"@type":"ListItem","position":1,"name":"Home","item":"https:\/\/promis.ro\/"},{"@type":"ListItem","position":2,"name":"Magazin","item":"https:\/\/promis.ro\/magazin\/"},{"@type":"ListItem","position":3,"name":"Salti"}]},{"@type":"WebSite","@id":"https:\/\/promis.ro\/#website","url":"https:\/\/promis.ro\/","name":"Promis.ro","description":"","potentialAction":[{"@type":"SearchAction","target":{"@type":"EntryPoint","urlTemplate":"https:\/\/promis.ro\/?s={search_term_string}"},"query-input":{"@type":"PropertyValueSpecification","valueRequired":true,"valueName":"search_term_string"}}],"inLanguage":"ro-RO"}]}},"_links":{"self":[{"href":"https:\/\/promis.ro\/ro\/wp-json\/wp\/v2\/product\/106096","targetHints":{"allow":["GET"]}}],"collection":[{"href":"https:\/\/promis.ro\/ro\/wp-json\/wp\/v2\/product"}],"about":[{"href":"https:\/\/promis.ro\/ro\/wp-json\/wp\/v2\/types\/product"}],"replies":[{"embeddable":true,"href":"https:\/\/promis.ro\/ro\/wp-json\/wp\/v2\/comments?post=106096"}],"version-history":[{"count":1,"href":"https:\/\/promis.ro\/ro\/wp-json\/wp\/v2\/product\/106096\/revisions"}],"predecessor-version":[{"id":114414,"href":"https:\/\/promis.ro\/ro\/wp-json\/wp\/v2\/product\/106096\/revisions\/114414"}],"wp:featuredmedia":[{"embeddable":true,"href":"https:\/\/promis.ro\/ro\/wp-json\/wp\/v2\/media\/159814"}],"wp:attachment":[{"href":"https:\/\/promis.ro\/ro\/wp-json\/wp\/v2\/media?parent=106096"}],"wp:term":[{"taxonomy":"product_brand","embeddable":true,"href":"https:\/\/promis.ro\/ro\/wp-json\/wp\/v2\/product_brand?post=106096"},{"taxonomy":"product_cat","embeddable":true,"href":"https:\/\/promis.ro\/ro\/wp-json\/wp\/v2\/product_cat?post=106096"},{"taxonomy":"product_tag","embeddable":true,"href":"https:\/\/promis.ro\/ro\/wp-json\/wp\/v2\/product_tag?post=106096"}],"curies":[{"name":"wp","href":"https:\/\/api.w.org\/{rel}","templated":true}]}}