{"id":106536,"date":"2025-11-05T01:04:06","date_gmt":"2025-11-05T01:04:06","guid":{"rendered":"https:\/\/promis.ro\/product\/tune\/"},"modified":"2025-11-11T21:09:12","modified_gmt":"2025-11-11T21:09:12","slug":"tune","status":"publish","type":"product","link":"https:\/\/promis.ro\/ro\/produs\/tune\/","title":{"rendered":"Tune"},"content":{"rendered":"<p>Set de 6 creioane \u00eentr-o cutie din carton cu fereastr\u0103 \u0219i \u00een tonuri str\u0103lucitoare \u0219i lucioase. Cu corp cilindric \u00een culori variate. Inclusiv creioane \u00eentr-o gam\u0103 larg\u0103 de nuan\u021be.<\/p>","protected":false},"excerpt":{"rendered":"<p>Set de 6 creioane \u00eentr-o cutie din carton cu fereastr\u0103 \u0219i \u00een tonuri str\u0103lucitoare \u0219i lucioase. Cu corp cilindric \u00een<\/p>","protected":false},"featured_media":160985,"comment_status":"open","ping_status":"closed","template":"","meta":[],"product_brand":[],"product_cat":[175],"product_tag":[],"class_list":{"0":"post-106536","1":"product","2":"type-product","3":"status-publish","4":"has-post-thumbnail","6":"product_cat-scris","8":"first","9":"instock","10":"shipping-taxable","11":"purchasable","12":"product-type-variable"},"_links":{"self":[{"href":"https:\/\/promis.ro\/ro\/wp-json\/wp\/v2\/product\/106536","targetHints":{"allow":["GET"]}}],"collection":[{"href":"https:\/\/promis.ro\/ro\/wp-json\/wp\/v2\/product"}],"about":[{"href":"https:\/\/promis.ro\/ro\/wp-json\/wp\/v2\/types\/product"}],"replies":[{"embeddable":true,"href":"https:\/\/promis.ro\/ro\/wp-json\/wp\/v2\/comments?post=106536"}],"version-history":[{"count":1,"href":"https:\/\/promis.ro\/ro\/wp-json\/wp\/v2\/product\/106536\/revisions"}],"predecessor-version":[{"id":114485,"href":"https:\/\/promis.ro\/ro\/wp-json\/wp\/v2\/product\/106536\/revisions\/114485"}],"wp:featuredmedia":[{"embeddable":true,"href":"https:\/\/promis.ro\/ro\/wp-json\/wp\/v2\/media\/160985"}],"wp:attachment":[{"href":"https:\/\/promis.ro\/ro\/wp-json\/wp\/v2\/media?parent=106536"}],"wp:term":[{"taxonomy":"product_brand","embeddable":true,"href":"https:\/\/promis.ro\/ro\/wp-json\/wp\/v2\/product_brand?post=106536"},{"taxonomy":"product_cat","embeddable":true,"href":"https:\/\/promis.ro\/ro\/wp-json\/wp\/v2\/product_cat?post=106536"},{"taxonomy":"product_tag","embeddable":true,"href":"https:\/\/promis.ro\/ro\/wp-json\/wp\/v2\/product_tag?post=106536"}],"curies":[{"name":"wp","href":"https:\/\/api.w.org\/{rel}","templated":true}]}}