{"id":106537,"date":"2025-11-05T01:04:08","date_gmt":"2025-11-05T01:04:08","guid":{"rendered":"https:\/\/promis.ro\/product\/helena\/"},"modified":"2025-11-11T21:09:17","modified_gmt":"2025-11-11T21:09:17","slug":"helena","status":"publish","type":"product","link":"https:\/\/promis.ro\/ro\/produs\/helena\/","title":{"rendered":"Helena"},"content":{"rendered":"<p>Geant\u0103 din material PET reciclat rezistent, disponibil\u0103 \u00eentr-o gam\u0103 larg\u0103 de nuan\u021be str\u0103lucitoare. Cu m\u00e2nere lungi de 60cm \u00een verde \u0219i \u00eent\u0103rite cu nylon. Finisaj cusut \u0219i rezisten\u021b\u0103 de p\u00e2n\u0103 la 12kg greutate.<\/p>","protected":false},"excerpt":{"rendered":"<p>Geant\u0103 din material PET reciclat rezistent, disponibil\u0103 \u00eentr-o gam\u0103 larg\u0103 de nuan\u021be str\u0103lucitoare. Cu m\u00e2nere lungi de 60cm \u00een verde<\/p>","protected":false},"featured_media":160987,"comment_status":"open","ping_status":"closed","template":"","meta":[],"product_brand":[],"product_cat":[174],"product_tag":[],"class_list":{"0":"post-106537","1":"product","2":"type-product","3":"status-publish","4":"has-post-thumbnail","6":"product_cat-pungi","8":"first","9":"instock","10":"shipping-taxable","11":"purchasable","12":"product-type-variable"},"_links":{"self":[{"href":"https:\/\/promis.ro\/ro\/wp-json\/wp\/v2\/product\/106537","targetHints":{"allow":["GET"]}}],"collection":[{"href":"https:\/\/promis.ro\/ro\/wp-json\/wp\/v2\/product"}],"about":[{"href":"https:\/\/promis.ro\/ro\/wp-json\/wp\/v2\/types\/product"}],"replies":[{"embeddable":true,"href":"https:\/\/promis.ro\/ro\/wp-json\/wp\/v2\/comments?post=106537"}],"version-history":[{"count":1,"href":"https:\/\/promis.ro\/ro\/wp-json\/wp\/v2\/product\/106537\/revisions"}],"predecessor-version":[{"id":114481,"href":"https:\/\/promis.ro\/ro\/wp-json\/wp\/v2\/product\/106537\/revisions\/114481"}],"wp:featuredmedia":[{"embeddable":true,"href":"https:\/\/promis.ro\/ro\/wp-json\/wp\/v2\/media\/160987"}],"wp:attachment":[{"href":"https:\/\/promis.ro\/ro\/wp-json\/wp\/v2\/media?parent=106537"}],"wp:term":[{"taxonomy":"product_brand","embeddable":true,"href":"https:\/\/promis.ro\/ro\/wp-json\/wp\/v2\/product_brand?post=106537"},{"taxonomy":"product_cat","embeddable":true,"href":"https:\/\/promis.ro\/ro\/wp-json\/wp\/v2\/product_cat?post=106537"},{"taxonomy":"product_tag","embeddable":true,"href":"https:\/\/promis.ro\/ro\/wp-json\/wp\/v2\/product_tag?post=106537"}],"curies":[{"name":"wp","href":"https:\/\/api.w.org\/{rel}","templated":true}]}}