{"id":106540,"date":"2025-11-05T01:04:10","date_gmt":"2025-11-05T01:04:10","guid":{"rendered":"https:\/\/promis.ro\/product\/caiman\/"},"modified":"2025-11-11T21:09:08","modified_gmt":"2025-11-11T21:09:08","slug":"caiman","status":"publish","type":"product","link":"https:\/\/promis.ro\/ro\/produs\/caiman\/","title":{"rendered":"Caim\u00e1n"},"content":{"rendered":"<p>Un pair de flip-flops cu t\u0103lpi groase din EVA rezistent, cu finisaj bicolor \u0219i curele din nylon de aceea\u0219i culoare. Disponibile \u00eentr-o gam\u0103 larg\u0103 de nuan\u021be str\u0103lucitoare \u0219i \u00een m\u0103rimile 36-38, 42-44.<\/p>","protected":false},"excerpt":{"rendered":"<p>Un pair de flip-flops cu t\u0103lpi groase din EVA rezistent, cu finisaj bicolor \u0219i curele din nylon de aceea\u0219i culoare.<\/p>","protected":false},"featured_media":160994,"comment_status":"open","ping_status":"closed","template":"","meta":[],"product_brand":[],"product_cat":[188],"product_tag":[],"class_list":{"0":"post-106540","1":"product","2":"type-product","3":"status-publish","4":"has-post-thumbnail","6":"product_cat-vara-si-plaja","8":"first","9":"instock","10":"shipping-taxable","11":"purchasable","12":"product-type-variable"},"_links":{"self":[{"href":"https:\/\/promis.ro\/ro\/wp-json\/wp\/v2\/product\/106540","targetHints":{"allow":["GET"]}}],"collection":[{"href":"https:\/\/promis.ro\/ro\/wp-json\/wp\/v2\/product"}],"about":[{"href":"https:\/\/promis.ro\/ro\/wp-json\/wp\/v2\/types\/product"}],"replies":[{"embeddable":true,"href":"https:\/\/promis.ro\/ro\/wp-json\/wp\/v2\/comments?post=106540"}],"version-history":[{"count":1,"href":"https:\/\/promis.ro\/ro\/wp-json\/wp\/v2\/product\/106540\/revisions"}],"predecessor-version":[{"id":114474,"href":"https:\/\/promis.ro\/ro\/wp-json\/wp\/v2\/product\/106540\/revisions\/114474"}],"wp:featuredmedia":[{"embeddable":true,"href":"https:\/\/promis.ro\/ro\/wp-json\/wp\/v2\/media\/160994"}],"wp:attachment":[{"href":"https:\/\/promis.ro\/ro\/wp-json\/wp\/v2\/media?parent=106540"}],"wp:term":[{"taxonomy":"product_brand","embeddable":true,"href":"https:\/\/promis.ro\/ro\/wp-json\/wp\/v2\/product_brand?post=106540"},{"taxonomy":"product_cat","embeddable":true,"href":"https:\/\/promis.ro\/ro\/wp-json\/wp\/v2\/product_cat?post=106540"},{"taxonomy":"product_tag","embeddable":true,"href":"https:\/\/promis.ro\/ro\/wp-json\/wp\/v2\/product_tag?post=106540"}],"curies":[{"name":"wp","href":"https:\/\/api.w.org\/{rel}","templated":true}]}}