{"id":106541,"date":"2025-11-05T01:04:11","date_gmt":"2025-11-05T01:04:11","guid":{"rendered":"https:\/\/promis.ro\/product\/glance\/"},"modified":"2025-11-11T21:07:55","modified_gmt":"2025-11-11T21:07:55","slug":"glance","status":"publish","type":"product","link":"https:\/\/promis.ro\/ro\/produs\/glance\/","title":{"rendered":"Glance"},"content":{"rendered":"<p>Perie pliabil\u0103 cu oglind\u0103 \u00eentr-o gam\u0103 larg\u0103 de tonuri str\u0103lucitoare.<\/p>","protected":false},"excerpt":{"rendered":"<p>Perie pliabil\u0103 cu oglind\u0103 \u00eentr-o gam\u0103 larg\u0103 de tonuri str\u0103lucitoare.<\/p>","protected":false},"featured_media":160998,"comment_status":"open","ping_status":"closed","template":"","meta":[],"product_brand":[],"product_cat":[181],"product_tag":[],"class_list":{"0":"post-106541","1":"product","2":"type-product","3":"status-publish","4":"has-post-thumbnail","6":"product_cat-ingrijire-personala-si-farmaceutica","8":"first","9":"instock","10":"shipping-taxable","11":"purchasable","12":"product-type-simple"},"_links":{"self":[{"href":"https:\/\/promis.ro\/ro\/wp-json\/wp\/v2\/product\/106541","targetHints":{"allow":["GET"]}}],"collection":[{"href":"https:\/\/promis.ro\/ro\/wp-json\/wp\/v2\/product"}],"about":[{"href":"https:\/\/promis.ro\/ro\/wp-json\/wp\/v2\/types\/product"}],"replies":[{"embeddable":true,"href":"https:\/\/promis.ro\/ro\/wp-json\/wp\/v2\/comments?post=106541"}],"version-history":[{"count":1,"href":"https:\/\/promis.ro\/ro\/wp-json\/wp\/v2\/product\/106541\/revisions"}],"predecessor-version":[{"id":114483,"href":"https:\/\/promis.ro\/ro\/wp-json\/wp\/v2\/product\/106541\/revisions\/114483"}],"wp:featuredmedia":[{"embeddable":true,"href":"https:\/\/promis.ro\/ro\/wp-json\/wp\/v2\/media\/160998"}],"wp:attachment":[{"href":"https:\/\/promis.ro\/ro\/wp-json\/wp\/v2\/media?parent=106541"}],"wp:term":[{"taxonomy":"product_brand","embeddable":true,"href":"https:\/\/promis.ro\/ro\/wp-json\/wp\/v2\/product_brand?post=106541"},{"taxonomy":"product_cat","embeddable":true,"href":"https:\/\/promis.ro\/ro\/wp-json\/wp\/v2\/product_cat?post=106541"},{"taxonomy":"product_tag","embeddable":true,"href":"https:\/\/promis.ro\/ro\/wp-json\/wp\/v2\/product_tag?post=106541"}],"curies":[{"name":"wp","href":"https:\/\/api.w.org\/{rel}","templated":true}]}}