{"id":106542,"date":"2025-11-05T01:04:11","date_gmt":"2025-11-05T01:04:11","guid":{"rendered":"https:\/\/promis.ro\/product\/tundra\/"},"modified":"2025-11-11T21:07:58","modified_gmt":"2025-11-11T21:07:58","slug":"tundra","status":"publish","type":"product","link":"https:\/\/promis.ro\/ro\/produs\/tundra\/","title":{"rendered":"Tundra"},"content":{"rendered":"<p>Pensul este fabricat din h\u00e2rtie de ziar reciclat\u0103. Rezistent, cu un corp de culoare natural\u0103, cu mina neagr\u0103 \u0219i v\u00e2rf ascu\u021bit.<\/p>","protected":false},"excerpt":{"rendered":"<p>Pensul este fabricat din h\u00e2rtie de ziar reciclat\u0103. Rezistent, cu un corp de culoare natural\u0103, cu mina neagr\u0103 \u0219i v\u00e2rf<\/p>","protected":false},"featured_media":161000,"comment_status":"open","ping_status":"closed","template":"","meta":[],"product_brand":[],"product_cat":[197],"product_tag":[],"class_list":{"0":"post-106542","1":"product","2":"type-product","3":"status-publish","4":"has-post-thumbnail","6":"product_cat-articole-durabile","8":"first","9":"instock","10":"shipping-taxable","11":"purchasable","12":"product-type-simple"},"_links":{"self":[{"href":"https:\/\/promis.ro\/ro\/wp-json\/wp\/v2\/product\/106542","targetHints":{"allow":["GET"]}}],"collection":[{"href":"https:\/\/promis.ro\/ro\/wp-json\/wp\/v2\/product"}],"about":[{"href":"https:\/\/promis.ro\/ro\/wp-json\/wp\/v2\/types\/product"}],"replies":[{"embeddable":true,"href":"https:\/\/promis.ro\/ro\/wp-json\/wp\/v2\/comments?post=106542"}],"version-history":[{"count":1,"href":"https:\/\/promis.ro\/ro\/wp-json\/wp\/v2\/product\/106542\/revisions"}],"predecessor-version":[{"id":114472,"href":"https:\/\/promis.ro\/ro\/wp-json\/wp\/v2\/product\/106542\/revisions\/114472"}],"wp:featuredmedia":[{"embeddable":true,"href":"https:\/\/promis.ro\/ro\/wp-json\/wp\/v2\/media\/161000"}],"wp:attachment":[{"href":"https:\/\/promis.ro\/ro\/wp-json\/wp\/v2\/media?parent=106542"}],"wp:term":[{"taxonomy":"product_brand","embeddable":true,"href":"https:\/\/promis.ro\/ro\/wp-json\/wp\/v2\/product_brand?post=106542"},{"taxonomy":"product_cat","embeddable":true,"href":"https:\/\/promis.ro\/ro\/wp-json\/wp\/v2\/product_cat?post=106542"},{"taxonomy":"product_tag","embeddable":true,"href":"https:\/\/promis.ro\/ro\/wp-json\/wp\/v2\/product_tag?post=106542"}],"curies":[{"name":"wp","href":"https:\/\/api.w.org\/{rel}","templated":true}]}}