{"id":106543,"date":"2025-11-05T01:04:12","date_gmt":"2025-11-05T01:04:12","guid":{"rendered":"https:\/\/promis.ro\/product\/tedchain\/"},"modified":"2025-11-11T21:09:18","modified_gmt":"2025-11-11T21:09:18","slug":"tedchain","status":"publish","type":"product","link":"https:\/\/promis.ro\/ro\/produs\/tedchain\/","title":{"rendered":"Tedchain"},"content":{"rendered":"<p>Breloc cu ursule\u021b de plu\u0219 cu tricou \u00eentr-o gam\u0103 distractiv\u0103 de tonuri str\u0103lucitoare.<\/p>","protected":false},"excerpt":{"rendered":"<p>Breloc cu ursule\u021b de plu\u0219 cu tricou \u00eentr-o gam\u0103 distractiv\u0103 de tonuri str\u0103lucitoare.<\/p>","protected":false},"featured_media":161003,"comment_status":"open","ping_status":"closed","template":"","meta":[],"product_brand":[],"product_cat":[182],"product_tag":[],"class_list":{"0":"post-106543","1":"product","2":"type-product","3":"status-publish","4":"has-post-thumbnail","6":"product_cat-copii","8":"first","9":"instock","10":"shipping-taxable","11":"purchasable","12":"product-type-variable"},"_links":{"self":[{"href":"https:\/\/promis.ro\/ro\/wp-json\/wp\/v2\/product\/106543","targetHints":{"allow":["GET"]}}],"collection":[{"href":"https:\/\/promis.ro\/ro\/wp-json\/wp\/v2\/product"}],"about":[{"href":"https:\/\/promis.ro\/ro\/wp-json\/wp\/v2\/types\/product"}],"replies":[{"embeddable":true,"href":"https:\/\/promis.ro\/ro\/wp-json\/wp\/v2\/comments?post=106543"}],"version-history":[{"count":1,"href":"https:\/\/promis.ro\/ro\/wp-json\/wp\/v2\/product\/106543\/revisions"}],"predecessor-version":[{"id":114480,"href":"https:\/\/promis.ro\/ro\/wp-json\/wp\/v2\/product\/106543\/revisions\/114480"}],"wp:featuredmedia":[{"embeddable":true,"href":"https:\/\/promis.ro\/ro\/wp-json\/wp\/v2\/media\/161003"}],"wp:attachment":[{"href":"https:\/\/promis.ro\/ro\/wp-json\/wp\/v2\/media?parent=106543"}],"wp:term":[{"taxonomy":"product_brand","embeddable":true,"href":"https:\/\/promis.ro\/ro\/wp-json\/wp\/v2\/product_brand?post=106543"},{"taxonomy":"product_cat","embeddable":true,"href":"https:\/\/promis.ro\/ro\/wp-json\/wp\/v2\/product_cat?post=106543"},{"taxonomy":"product_tag","embeddable":true,"href":"https:\/\/promis.ro\/ro\/wp-json\/wp\/v2\/product_tag?post=106543"}],"curies":[{"name":"wp","href":"https:\/\/api.w.org\/{rel}","templated":true}]}}