{"id":106544,"date":"2025-11-05T01:04:13","date_gmt":"2025-11-05T01:04:13","guid":{"rendered":"https:\/\/promis.ro\/product\/bob\/"},"modified":"2025-11-11T21:09:17","modified_gmt":"2025-11-11T21:09:17","slug":"bob","status":"publish","type":"product","link":"https:\/\/promis.ro\/ro\/produs\/bob\/","title":{"rendered":"Bob"},"content":{"rendered":"<p>\u0218nur din poliester rezistent \u0219i moale \u00een culori variate, cu capac impermeabil. Detasabil, cu \u00eenchideri cu cataram\u0103, carabin\u0103 metalic\u0103 \u0219i curea.<\/p>","protected":false},"excerpt":{"rendered":"<p>\u0218nur din poliester rezistent \u0219i moale \u00een culori variate, cu capac impermeabil. Detasabil, cu \u00eenchideri cu cataram\u0103, carabin\u0103 metalic\u0103 \u0219i<\/p>","protected":false},"featured_media":161008,"comment_status":"open","ping_status":"closed","template":"","meta":[],"product_brand":[],"product_cat":[201],"product_tag":[],"class_list":{"0":"post-106544","1":"product","2":"type-product","3":"status-publish","4":"has-post-thumbnail","6":"product_cat-outlet","8":"first","9":"outofstock","10":"shipping-taxable","11":"purchasable","12":"product-type-variable"},"_links":{"self":[{"href":"https:\/\/promis.ro\/ro\/wp-json\/wp\/v2\/product\/106544","targetHints":{"allow":["GET"]}}],"collection":[{"href":"https:\/\/promis.ro\/ro\/wp-json\/wp\/v2\/product"}],"about":[{"href":"https:\/\/promis.ro\/ro\/wp-json\/wp\/v2\/types\/product"}],"replies":[{"embeddable":true,"href":"https:\/\/promis.ro\/ro\/wp-json\/wp\/v2\/comments?post=106544"}],"version-history":[{"count":1,"href":"https:\/\/promis.ro\/ro\/wp-json\/wp\/v2\/product\/106544\/revisions"}],"predecessor-version":[{"id":114484,"href":"https:\/\/promis.ro\/ro\/wp-json\/wp\/v2\/product\/106544\/revisions\/114484"}],"wp:featuredmedia":[{"embeddable":true,"href":"https:\/\/promis.ro\/ro\/wp-json\/wp\/v2\/media\/161008"}],"wp:attachment":[{"href":"https:\/\/promis.ro\/ro\/wp-json\/wp\/v2\/media?parent=106544"}],"wp:term":[{"taxonomy":"product_brand","embeddable":true,"href":"https:\/\/promis.ro\/ro\/wp-json\/wp\/v2\/product_brand?post=106544"},{"taxonomy":"product_cat","embeddable":true,"href":"https:\/\/promis.ro\/ro\/wp-json\/wp\/v2\/product_cat?post=106544"},{"taxonomy":"product_tag","embeddable":true,"href":"https:\/\/promis.ro\/ro\/wp-json\/wp\/v2\/product_tag?post=106544"}],"curies":[{"name":"wp","href":"https:\/\/api.w.org\/{rel}","templated":true}]}}