{"id":106545,"date":"2025-11-05T01:04:13","date_gmt":"2025-11-05T01:04:13","guid":{"rendered":"https:\/\/promis.ro\/product\/plain\/"},"modified":"2025-11-11T21:09:22","modified_gmt":"2025-11-11T21:09:22","slug":"plain","status":"publish","type":"product","link":"https:\/\/promis.ro\/ro\/produs\/plain\/","title":{"rendered":"Plain"},"content":{"rendered":"<p>Brichet\u0103 cu mecanism electric. Cu protec\u021bie pentru copii, refillabil\u0103, regulator de flac\u0103r\u0103 \u0219i disponibil\u0103 \u00eentr-o gam\u0103 larg\u0103 de culori solide. Furnizat\u0103 \u00een cutii de 50 de unit\u0103\u021bi de aceea\u0219i culoare.<\/p>","protected":false},"excerpt":{"rendered":"<p>Brichet\u0103 cu mecanism electric. Cu protec\u021bie pentru copii, refillabil\u0103, regulator de flac\u0103r\u0103 \u0219i disponibil\u0103 \u00eentr-o gam\u0103 larg\u0103 de culori solide.<\/p>","protected":false},"featured_media":161010,"comment_status":"open","ping_status":"closed","template":"","meta":[],"product_brand":[],"product_cat":[180],"product_tag":[],"class_list":{"0":"post-106545","1":"product","2":"type-product","3":"status-publish","4":"has-post-thumbnail","6":"product_cat-cadouri-si-prime","8":"first","9":"instock","10":"shipping-taxable","11":"purchasable","12":"product-type-variable"},"_links":{"self":[{"href":"https:\/\/promis.ro\/ro\/wp-json\/wp\/v2\/product\/106545","targetHints":{"allow":["GET"]}}],"collection":[{"href":"https:\/\/promis.ro\/ro\/wp-json\/wp\/v2\/product"}],"about":[{"href":"https:\/\/promis.ro\/ro\/wp-json\/wp\/v2\/types\/product"}],"replies":[{"embeddable":true,"href":"https:\/\/promis.ro\/ro\/wp-json\/wp\/v2\/comments?post=106545"}],"version-history":[{"count":1,"href":"https:\/\/promis.ro\/ro\/wp-json\/wp\/v2\/product\/106545\/revisions"}],"predecessor-version":[{"id":114486,"href":"https:\/\/promis.ro\/ro\/wp-json\/wp\/v2\/product\/106545\/revisions\/114486"}],"wp:featuredmedia":[{"embeddable":true,"href":"https:\/\/promis.ro\/ro\/wp-json\/wp\/v2\/media\/161010"}],"wp:attachment":[{"href":"https:\/\/promis.ro\/ro\/wp-json\/wp\/v2\/media?parent=106545"}],"wp:term":[{"taxonomy":"product_brand","embeddable":true,"href":"https:\/\/promis.ro\/ro\/wp-json\/wp\/v2\/product_brand?post=106545"},{"taxonomy":"product_cat","embeddable":true,"href":"https:\/\/promis.ro\/ro\/wp-json\/wp\/v2\/product_cat?post=106545"},{"taxonomy":"product_tag","embeddable":true,"href":"https:\/\/promis.ro\/ro\/wp-json\/wp\/v2\/product_tag?post=106545"}],"curies":[{"name":"wp","href":"https:\/\/api.w.org\/{rel}","templated":true}]}}