{"id":106546,"date":"2025-11-05T01:04:14","date_gmt":"2025-11-05T01:04:14","guid":{"rendered":"https:\/\/promis.ro\/product\/pumper\/"},"modified":"2025-11-11T21:09:21","modified_gmt":"2025-11-11T21:09:21","slug":"pumper","status":"publish","type":"product","link":"https:\/\/promis.ro\/ro\/produs\/pumper\/","title":{"rendered":"Pumper"},"content":{"rendered":"<p>Saltea gonflabil\u0103 de 180cm din PVC rezistent \u00een tonuri str\u0103lucitoare. Prezentat\u0103 cu pliere special\u0103 pentru o imprimare u\u0219oar\u0103.<\/p>","protected":false},"excerpt":{"rendered":"<p>Saltea gonflabil\u0103 de 180cm din PVC rezistent \u00een tonuri str\u0103lucitoare. Prezentat\u0103 cu pliere special\u0103 pentru o imprimare u\u0219oar\u0103.<\/p>","protected":false},"featured_media":161015,"comment_status":"open","ping_status":"closed","template":"","meta":[],"product_brand":[],"product_cat":[188],"product_tag":[],"class_list":{"0":"post-106546","1":"product","2":"type-product","3":"status-publish","4":"has-post-thumbnail","6":"product_cat-vara-si-plaja","8":"first","9":"instock","10":"shipping-taxable","11":"purchasable","12":"product-type-variable"},"_links":{"self":[{"href":"https:\/\/promis.ro\/ro\/wp-json\/wp\/v2\/product\/106546","targetHints":{"allow":["GET"]}}],"collection":[{"href":"https:\/\/promis.ro\/ro\/wp-json\/wp\/v2\/product"}],"about":[{"href":"https:\/\/promis.ro\/ro\/wp-json\/wp\/v2\/types\/product"}],"replies":[{"embeddable":true,"href":"https:\/\/promis.ro\/ro\/wp-json\/wp\/v2\/comments?post=106546"}],"version-history":[{"count":1,"href":"https:\/\/promis.ro\/ro\/wp-json\/wp\/v2\/product\/106546\/revisions"}],"predecessor-version":[{"id":114476,"href":"https:\/\/promis.ro\/ro\/wp-json\/wp\/v2\/product\/106546\/revisions\/114476"}],"wp:featuredmedia":[{"embeddable":true,"href":"https:\/\/promis.ro\/ro\/wp-json\/wp\/v2\/media\/161015"}],"wp:attachment":[{"href":"https:\/\/promis.ro\/ro\/wp-json\/wp\/v2\/media?parent=106546"}],"wp:term":[{"taxonomy":"product_brand","embeddable":true,"href":"https:\/\/promis.ro\/ro\/wp-json\/wp\/v2\/product_brand?post=106546"},{"taxonomy":"product_cat","embeddable":true,"href":"https:\/\/promis.ro\/ro\/wp-json\/wp\/v2\/product_cat?post=106546"},{"taxonomy":"product_tag","embeddable":true,"href":"https:\/\/promis.ro\/ro\/wp-json\/wp\/v2\/product_tag?post=106546"}],"curies":[{"name":"wp","href":"https:\/\/api.w.org\/{rel}","templated":true}]}}