{"id":106547,"date":"2025-11-05T01:04:15","date_gmt":"2025-11-05T01:04:15","guid":{"rendered":"https:\/\/promis.ro\/product\/reset\/"},"modified":"2025-11-11T21:09:20","modified_gmt":"2025-11-11T21:09:20","slug":"reset","status":"publish","type":"product","link":"https:\/\/promis.ro\/ro\/produs\/reset\/","title":{"rendered":"Reset"},"content":{"rendered":"<p>Scaun de birou gonflabil din PVC cu sp\u0103tar confortabil \u0219i \u0219ezut \u00eent\u0103rit \u00een tonuri str\u0103lucitoare. Prezentat cu o pliere special\u0103 pentru o imprimare u\u0219oar\u0103.<\/p>","protected":false},"excerpt":{"rendered":"<p>Scaun de birou gonflabil din PVC cu sp\u0103tar confortabil \u0219i \u0219ezut \u00eent\u0103rit \u00een tonuri str\u0103lucitoare. Prezentat cu o pliere special\u0103<\/p>","protected":false},"featured_media":161016,"comment_status":"open","ping_status":"closed","template":"","meta":[],"product_brand":[],"product_cat":[188],"product_tag":[],"class_list":{"0":"post-106547","1":"product","2":"type-product","3":"status-publish","4":"has-post-thumbnail","6":"product_cat-vara-si-plaja","8":"first","9":"instock","10":"shipping-taxable","11":"purchasable","12":"product-type-variable"},"_links":{"self":[{"href":"https:\/\/promis.ro\/ro\/wp-json\/wp\/v2\/product\/106547","targetHints":{"allow":["GET"]}}],"collection":[{"href":"https:\/\/promis.ro\/ro\/wp-json\/wp\/v2\/product"}],"about":[{"href":"https:\/\/promis.ro\/ro\/wp-json\/wp\/v2\/types\/product"}],"replies":[{"embeddable":true,"href":"https:\/\/promis.ro\/ro\/wp-json\/wp\/v2\/comments?post=106547"}],"version-history":[{"count":1,"href":"https:\/\/promis.ro\/ro\/wp-json\/wp\/v2\/product\/106547\/revisions"}],"predecessor-version":[{"id":114487,"href":"https:\/\/promis.ro\/ro\/wp-json\/wp\/v2\/product\/106547\/revisions\/114487"}],"wp:featuredmedia":[{"embeddable":true,"href":"https:\/\/promis.ro\/ro\/wp-json\/wp\/v2\/media\/161016"}],"wp:attachment":[{"href":"https:\/\/promis.ro\/ro\/wp-json\/wp\/v2\/media?parent=106547"}],"wp:term":[{"taxonomy":"product_brand","embeddable":true,"href":"https:\/\/promis.ro\/ro\/wp-json\/wp\/v2\/product_brand?post=106547"},{"taxonomy":"product_cat","embeddable":true,"href":"https:\/\/promis.ro\/ro\/wp-json\/wp\/v2\/product_cat?post=106547"},{"taxonomy":"product_tag","embeddable":true,"href":"https:\/\/promis.ro\/ro\/wp-json\/wp\/v2\/product_tag?post=106547"}],"curies":[{"name":"wp","href":"https:\/\/api.w.org\/{rel}","templated":true}]}}