{"id":106548,"date":"2025-11-05T01:04:16","date_gmt":"2025-11-05T01:04:16","guid":{"rendered":"https:\/\/promis.ro\/product\/niki\/"},"modified":"2025-11-11T21:09:16","modified_gmt":"2025-11-11T21:09:16","slug":"niki","status":"publish","type":"product","link":"https:\/\/promis.ro\/ro\/produs\/niki\/","title":{"rendered":"Niki"},"content":{"rendered":"<p>Minge pentru animale din cauciuc rezistent, c\u0103ptu\u0219it\u0103 cu material moale, disponibil\u0103 \u00een culori variate.<\/p>","protected":false},"excerpt":{"rendered":"<p>Minge pentru animale din cauciuc rezistent, c\u0103ptu\u0219it\u0103 cu material moale, disponibil\u0103 \u00een culori variate.<\/p>","protected":false},"featured_media":161018,"comment_status":"open","ping_status":"closed","template":"","meta":[],"product_brand":[],"product_cat":[183],"product_tag":[],"class_list":{"0":"post-106548","1":"product","2":"type-product","3":"status-publish","4":"has-post-thumbnail","6":"product_cat-produse-pentru-animale","8":"first","9":"instock","10":"shipping-taxable","11":"purchasable","12":"product-type-variable"},"_links":{"self":[{"href":"https:\/\/promis.ro\/ro\/wp-json\/wp\/v2\/product\/106548","targetHints":{"allow":["GET"]}}],"collection":[{"href":"https:\/\/promis.ro\/ro\/wp-json\/wp\/v2\/product"}],"about":[{"href":"https:\/\/promis.ro\/ro\/wp-json\/wp\/v2\/types\/product"}],"replies":[{"embeddable":true,"href":"https:\/\/promis.ro\/ro\/wp-json\/wp\/v2\/comments?post=106548"}],"version-history":[{"count":1,"href":"https:\/\/promis.ro\/ro\/wp-json\/wp\/v2\/product\/106548\/revisions"}],"predecessor-version":[{"id":114488,"href":"https:\/\/promis.ro\/ro\/wp-json\/wp\/v2\/product\/106548\/revisions\/114488"}],"wp:featuredmedia":[{"embeddable":true,"href":"https:\/\/promis.ro\/ro\/wp-json\/wp\/v2\/media\/161018"}],"wp:attachment":[{"href":"https:\/\/promis.ro\/ro\/wp-json\/wp\/v2\/media?parent=106548"}],"wp:term":[{"taxonomy":"product_brand","embeddable":true,"href":"https:\/\/promis.ro\/ro\/wp-json\/wp\/v2\/product_brand?post=106548"},{"taxonomy":"product_cat","embeddable":true,"href":"https:\/\/promis.ro\/ro\/wp-json\/wp\/v2\/product_cat?post=106548"},{"taxonomy":"product_tag","embeddable":true,"href":"https:\/\/promis.ro\/ro\/wp-json\/wp\/v2\/product_tag?post=106548"}],"curies":[{"name":"wp","href":"https:\/\/api.w.org\/{rel}","templated":true}]}}