{"id":106549,"date":"2025-11-05T01:04:16","date_gmt":"2025-11-05T01:04:16","guid":{"rendered":"https:\/\/promis.ro\/product\/advert\/"},"modified":"2025-11-11T21:09:16","modified_gmt":"2025-11-11T21:09:16","slug":"advert","status":"publish","type":"product","link":"https:\/\/promis.ro\/ro\/produs\/advert\/","title":{"rendered":"Advert"},"content":{"rendered":"<p>Vaz\u0103 Nature line cu semin\u021be de Petunia \u00eentr-o gam\u0103 variat\u0103 de culori. Cu 5-8 semin\u021be \u0219i pachet cu substrat de cre\u0219tere.<\/p>","protected":false},"excerpt":{"rendered":"<p>Vaz\u0103 Nature line cu semin\u021be de Petunia \u00eentr-o gam\u0103 variat\u0103 de culori. Cu 5-8 semin\u021be \u0219i pachet cu substrat de<\/p>","protected":false},"featured_media":161020,"comment_status":"open","ping_status":"closed","template":"","meta":[],"product_brand":[],"product_cat":[179],"product_tag":[],"class_list":{"0":"post-106549","1":"product","2":"type-product","3":"status-publish","4":"has-post-thumbnail","6":"product_cat-casa-si-decoratiuni","8":"first","9":"instock","10":"shipping-taxable","11":"purchasable","12":"product-type-variable"},"_links":{"self":[{"href":"https:\/\/promis.ro\/ro\/wp-json\/wp\/v2\/product\/106549","targetHints":{"allow":["GET"]}}],"collection":[{"href":"https:\/\/promis.ro\/ro\/wp-json\/wp\/v2\/product"}],"about":[{"href":"https:\/\/promis.ro\/ro\/wp-json\/wp\/v2\/types\/product"}],"replies":[{"embeddable":true,"href":"https:\/\/promis.ro\/ro\/wp-json\/wp\/v2\/comments?post=106549"}],"version-history":[{"count":1,"href":"https:\/\/promis.ro\/ro\/wp-json\/wp\/v2\/product\/106549\/revisions"}],"predecessor-version":[{"id":114490,"href":"https:\/\/promis.ro\/ro\/wp-json\/wp\/v2\/product\/106549\/revisions\/114490"}],"wp:featuredmedia":[{"embeddable":true,"href":"https:\/\/promis.ro\/ro\/wp-json\/wp\/v2\/media\/161020"}],"wp:attachment":[{"href":"https:\/\/promis.ro\/ro\/wp-json\/wp\/v2\/media?parent=106549"}],"wp:term":[{"taxonomy":"product_brand","embeddable":true,"href":"https:\/\/promis.ro\/ro\/wp-json\/wp\/v2\/product_brand?post=106549"},{"taxonomy":"product_cat","embeddable":true,"href":"https:\/\/promis.ro\/ro\/wp-json\/wp\/v2\/product_cat?post=106549"},{"taxonomy":"product_tag","embeddable":true,"href":"https:\/\/promis.ro\/ro\/wp-json\/wp\/v2\/product_tag?post=106549"}],"curies":[{"name":"wp","href":"https:\/\/api.w.org\/{rel}","templated":true}]}}