{"id":106550,"date":"2025-11-05T01:04:17","date_gmt":"2025-11-05T01:04:17","guid":{"rendered":"https:\/\/promis.ro\/product\/tage\/"},"modified":"2025-11-11T21:08:30","modified_gmt":"2025-11-11T21:08:30","slug":"tage","status":"publish","type":"product","link":"https:\/\/promis.ro\/ro\/produs\/tage\/","title":{"rendered":"Tage"},"content":{"rendered":"<p>Geant\u0103 cu fermoar din poliester 600D rezistent\u0103, \u00een tonuri str\u0103lucitoare. Cu fermoar de culoare asortat\u0103.<\/p>","protected":false},"excerpt":{"rendered":"<p>Geant\u0103 cu fermoar din poliester 600D rezistent\u0103, \u00een tonuri str\u0103lucitoare. Cu fermoar de culoare asortat\u0103.<\/p>","protected":false},"featured_media":161021,"comment_status":"open","ping_status":"closed","template":"","meta":[],"product_brand":[],"product_cat":[182],"product_tag":[],"class_list":{"0":"post-106550","1":"product","2":"type-product","3":"status-publish","4":"has-post-thumbnail","6":"product_cat-copii","8":"first","9":"instock","10":"shipping-taxable","11":"purchasable","12":"product-type-simple"},"_links":{"self":[{"href":"https:\/\/promis.ro\/ro\/wp-json\/wp\/v2\/product\/106550","targetHints":{"allow":["GET"]}}],"collection":[{"href":"https:\/\/promis.ro\/ro\/wp-json\/wp\/v2\/product"}],"about":[{"href":"https:\/\/promis.ro\/ro\/wp-json\/wp\/v2\/types\/product"}],"replies":[{"embeddable":true,"href":"https:\/\/promis.ro\/ro\/wp-json\/wp\/v2\/comments?post=106550"}],"version-history":[{"count":1,"href":"https:\/\/promis.ro\/ro\/wp-json\/wp\/v2\/product\/106550\/revisions"}],"predecessor-version":[{"id":114489,"href":"https:\/\/promis.ro\/ro\/wp-json\/wp\/v2\/product\/106550\/revisions\/114489"}],"wp:featuredmedia":[{"embeddable":true,"href":"https:\/\/promis.ro\/ro\/wp-json\/wp\/v2\/media\/161021"}],"wp:attachment":[{"href":"https:\/\/promis.ro\/ro\/wp-json\/wp\/v2\/media?parent=106550"}],"wp:term":[{"taxonomy":"product_brand","embeddable":true,"href":"https:\/\/promis.ro\/ro\/wp-json\/wp\/v2\/product_brand?post=106550"},{"taxonomy":"product_cat","embeddable":true,"href":"https:\/\/promis.ro\/ro\/wp-json\/wp\/v2\/product_cat?post=106550"},{"taxonomy":"product_tag","embeddable":true,"href":"https:\/\/promis.ro\/ro\/wp-json\/wp\/v2\/product_tag?post=106550"}],"curies":[{"name":"wp","href":"https:\/\/api.w.org\/{rel}","templated":true}]}}