{"id":106551,"date":"2025-11-05T01:04:18","date_gmt":"2025-11-05T01:04:18","guid":{"rendered":"https:\/\/promis.ro\/product\/premia\/"},"modified":"2025-11-11T21:09:16","modified_gmt":"2025-11-11T21:09:16","slug":"premia","status":"publish","type":"product","link":"https:\/\/promis.ro\/ro\/produs\/premia\/","title":{"rendered":"Premia"},"content":{"rendered":"<p>Ochelari de soare cu design sportiv \u0219i protec\u021bie UV400, din past\u0103 rezistent\u0103, disponibile \u00een culori variate.<\/p>","protected":false},"excerpt":{"rendered":"<p>Ochelari de soare cu design sportiv \u0219i protec\u021bie UV400, din past\u0103 rezistent\u0103, disponibile \u00een culori variate.<\/p>","protected":false},"featured_media":161023,"comment_status":"open","ping_status":"closed","template":"","meta":[],"product_brand":[],"product_cat":[188],"product_tag":[],"class_list":{"0":"post-106551","1":"product","2":"type-product","3":"status-publish","4":"has-post-thumbnail","6":"product_cat-vara-si-plaja","8":"first","9":"instock","10":"shipping-taxable","11":"purchasable","12":"product-type-variable"},"_links":{"self":[{"href":"https:\/\/promis.ro\/ro\/wp-json\/wp\/v2\/product\/106551","targetHints":{"allow":["GET"]}}],"collection":[{"href":"https:\/\/promis.ro\/ro\/wp-json\/wp\/v2\/product"}],"about":[{"href":"https:\/\/promis.ro\/ro\/wp-json\/wp\/v2\/types\/product"}],"replies":[{"embeddable":true,"href":"https:\/\/promis.ro\/ro\/wp-json\/wp\/v2\/comments?post=106551"}],"version-history":[{"count":1,"href":"https:\/\/promis.ro\/ro\/wp-json\/wp\/v2\/product\/106551\/revisions"}],"predecessor-version":[{"id":114492,"href":"https:\/\/promis.ro\/ro\/wp-json\/wp\/v2\/product\/106551\/revisions\/114492"}],"wp:featuredmedia":[{"embeddable":true,"href":"https:\/\/promis.ro\/ro\/wp-json\/wp\/v2\/media\/161023"}],"wp:attachment":[{"href":"https:\/\/promis.ro\/ro\/wp-json\/wp\/v2\/media?parent=106551"}],"wp:term":[{"taxonomy":"product_brand","embeddable":true,"href":"https:\/\/promis.ro\/ro\/wp-json\/wp\/v2\/product_brand?post=106551"},{"taxonomy":"product_cat","embeddable":true,"href":"https:\/\/promis.ro\/ro\/wp-json\/wp\/v2\/product_cat?post=106551"},{"taxonomy":"product_tag","embeddable":true,"href":"https:\/\/promis.ro\/ro\/wp-json\/wp\/v2\/product_tag?post=106551"}],"curies":[{"name":"wp","href":"https:\/\/api.w.org\/{rel}","templated":true}]}}