{"id":106619,"date":"2025-11-05T01:32:07","date_gmt":"2025-11-05T01:32:07","guid":{"rendered":"https:\/\/promis.ro\/product\/landers\/"},"modified":"2025-11-11T14:22:06","modified_gmt":"2025-11-11T14:22:06","slug":"landers","status":"publish","type":"product","link":"https:\/\/promis.ro\/ro\/produs\/landers\/","title":{"rendered":"Landers"},"content":{"rendered":"<p>Domino-uri clasice de 28 de piese, fabricate din melamin\u0103 rezistent\u0103. Prezentate \u00eentr-o cutie individual\u0103 din bambus l\u0103cuit, cu \u00eenchidere magnetic\u0103. Prezentate \u00eentr-o cutie de design atractiv, individual\u0103.<\/p>","protected":false},"excerpt":{"rendered":"<p>Domino-uri clasice de 28 de piese, fabricate din melamin\u0103 rezistent\u0103. Prezentate \u00eentr-o cutie individual\u0103 din bambus l\u0103cuit, cu \u00eenchidere magnetic\u0103.<\/p>","protected":false},"featured_media":119997,"comment_status":"open","ping_status":"closed","template":"","meta":[],"product_brand":[],"product_cat":[180],"product_tag":[],"class_list":{"0":"post-106619","1":"product","2":"type-product","3":"status-publish","4":"has-post-thumbnail","6":"product_cat-cadouri-si-prime","8":"first","9":"outofstock","10":"shipping-taxable","11":"purchasable","12":"product-type-simple"},"_links":{"self":[{"href":"https:\/\/promis.ro\/ro\/wp-json\/wp\/v2\/product\/106619","targetHints":{"allow":["GET"]}}],"collection":[{"href":"https:\/\/promis.ro\/ro\/wp-json\/wp\/v2\/product"}],"about":[{"href":"https:\/\/promis.ro\/ro\/wp-json\/wp\/v2\/types\/product"}],"replies":[{"embeddable":true,"href":"https:\/\/promis.ro\/ro\/wp-json\/wp\/v2\/comments?post=106619"}],"version-history":[{"count":1,"href":"https:\/\/promis.ro\/ro\/wp-json\/wp\/v2\/product\/106619\/revisions"}],"predecessor-version":[{"id":109983,"href":"https:\/\/promis.ro\/ro\/wp-json\/wp\/v2\/product\/106619\/revisions\/109983"}],"wp:featuredmedia":[{"embeddable":true,"href":"https:\/\/promis.ro\/ro\/wp-json\/wp\/v2\/media\/119997"}],"wp:attachment":[{"href":"https:\/\/promis.ro\/ro\/wp-json\/wp\/v2\/media?parent=106619"}],"wp:term":[{"taxonomy":"product_brand","embeddable":true,"href":"https:\/\/promis.ro\/ro\/wp-json\/wp\/v2\/product_brand?post=106619"},{"taxonomy":"product_cat","embeddable":true,"href":"https:\/\/promis.ro\/ro\/wp-json\/wp\/v2\/product_cat?post=106619"},{"taxonomy":"product_tag","embeddable":true,"href":"https:\/\/promis.ro\/ro\/wp-json\/wp\/v2\/product_tag?post=106619"}],"curies":[{"name":"wp","href":"https:\/\/api.w.org\/{rel}","templated":true}]}}