{"id":106621,"date":"2025-11-05T01:32:08","date_gmt":"2025-11-05T01:32:08","guid":{"rendered":"https:\/\/promis.ro\/product\/pickot\/"},"modified":"2025-11-11T12:26:11","modified_gmt":"2025-11-11T12:26:11","slug":"pickot","status":"publish","type":"product","link":"https:\/\/promis.ro\/ro\/produs\/pickot\/","title":{"rendered":"Pickot"},"content":{"rendered":"<p>\u0218apc\u0103 cu 5 panouri din linia naturii, fabricat\u0103 dintr-o combina\u021bie de bumbac reciclat \u0219i poliester reciclat. Certificare GRS (Global Recycled Standard), care garanteaz\u0103 originea reciclat\u0103 a materialului folosit pentru fabricarea produsului. Cu \u00eenchidere ajustabil\u0103 cu velcro \u0219i disponibil\u0103 \u00eentr-o gam\u0103 larg\u0103 de nuan\u021be.<\/p>","protected":false},"excerpt":{"rendered":"<p>\u0218apc\u0103 cu 5 panouri din linia naturii, fabricat\u0103 dintr-o combina\u021bie de bumbac reciclat \u0219i poliester reciclat. Certificare GRS (Global Recycled<\/p>","protected":false},"featured_media":120001,"comment_status":"open","ping_status":"closed","template":"","meta":[],"product_brand":[],"product_cat":[197],"product_tag":[],"class_list":{"0":"post-106621","1":"product","2":"type-product","3":"status-publish","4":"has-post-thumbnail","6":"product_cat-articole-durabile","8":"first","9":"instock","10":"shipping-taxable","11":"purchasable","12":"product-type-simple"},"_links":{"self":[{"href":"https:\/\/promis.ro\/ro\/wp-json\/wp\/v2\/product\/106621","targetHints":{"allow":["GET"]}}],"collection":[{"href":"https:\/\/promis.ro\/ro\/wp-json\/wp\/v2\/product"}],"about":[{"href":"https:\/\/promis.ro\/ro\/wp-json\/wp\/v2\/types\/product"}],"replies":[{"embeddable":true,"href":"https:\/\/promis.ro\/ro\/wp-json\/wp\/v2\/comments?post=106621"}],"version-history":[{"count":1,"href":"https:\/\/promis.ro\/ro\/wp-json\/wp\/v2\/product\/106621\/revisions"}],"predecessor-version":[{"id":109989,"href":"https:\/\/promis.ro\/ro\/wp-json\/wp\/v2\/product\/106621\/revisions\/109989"}],"wp:featuredmedia":[{"embeddable":true,"href":"https:\/\/promis.ro\/ro\/wp-json\/wp\/v2\/media\/120001"}],"wp:attachment":[{"href":"https:\/\/promis.ro\/ro\/wp-json\/wp\/v2\/media?parent=106621"}],"wp:term":[{"taxonomy":"product_brand","embeddable":true,"href":"https:\/\/promis.ro\/ro\/wp-json\/wp\/v2\/product_brand?post=106621"},{"taxonomy":"product_cat","embeddable":true,"href":"https:\/\/promis.ro\/ro\/wp-json\/wp\/v2\/product_cat?post=106621"},{"taxonomy":"product_tag","embeddable":true,"href":"https:\/\/promis.ro\/ro\/wp-json\/wp\/v2\/product_tag?post=106621"}],"curies":[{"name":"wp","href":"https:\/\/api.w.org\/{rel}","templated":true}]}}