{"id":106622,"date":"2025-11-05T01:32:08","date_gmt":"2025-11-05T01:32:08","guid":{"rendered":"https:\/\/promis.ro\/product\/cottonband\/"},"modified":"2025-11-11T12:26:18","modified_gmt":"2025-11-11T12:26:18","slug":"cottonband","status":"publish","type":"product","link":"https:\/\/promis.ro\/ro\/produs\/cottonband\/","title":{"rendered":"Cottonband"},"content":{"rendered":"<p>Linie de natur\u0103, panglic\u0103 exterioar\u0103 pentru p\u0103l\u0103rie. Fabricat\u0103 din bumbac reciclat cu certificare GRS (Global Recycled Standard), care garanteaz\u0103 originea reciclat\u0103 a materialului utilizat pentru fabricarea produsului.<\/p>","protected":false},"excerpt":{"rendered":"<p>Linie de natur\u0103, panglic\u0103 exterioar\u0103 pentru p\u0103l\u0103rie. Fabricat\u0103 din bumbac reciclat cu certificare GRS (Global Recycled Standard), care garanteaz\u0103 originea<\/p>","protected":false},"featured_media":120003,"comment_status":"open","ping_status":"closed","template":"","meta":[],"product_brand":[],"product_cat":[197],"product_tag":[],"class_list":{"0":"post-106622","1":"product","2":"type-product","3":"status-publish","4":"has-post-thumbnail","6":"product_cat-articole-durabile","8":"first","9":"outofstock","10":"shipping-taxable","11":"purchasable","12":"product-type-simple"},"_links":{"self":[{"href":"https:\/\/promis.ro\/ro\/wp-json\/wp\/v2\/product\/106622","targetHints":{"allow":["GET"]}}],"collection":[{"href":"https:\/\/promis.ro\/ro\/wp-json\/wp\/v2\/product"}],"about":[{"href":"https:\/\/promis.ro\/ro\/wp-json\/wp\/v2\/types\/product"}],"replies":[{"embeddable":true,"href":"https:\/\/promis.ro\/ro\/wp-json\/wp\/v2\/comments?post=106622"}],"version-history":[{"count":1,"href":"https:\/\/promis.ro\/ro\/wp-json\/wp\/v2\/product\/106622\/revisions"}],"predecessor-version":[{"id":109977,"href":"https:\/\/promis.ro\/ro\/wp-json\/wp\/v2\/product\/106622\/revisions\/109977"}],"wp:featuredmedia":[{"embeddable":true,"href":"https:\/\/promis.ro\/ro\/wp-json\/wp\/v2\/media\/120003"}],"wp:attachment":[{"href":"https:\/\/promis.ro\/ro\/wp-json\/wp\/v2\/media?parent=106622"}],"wp:term":[{"taxonomy":"product_brand","embeddable":true,"href":"https:\/\/promis.ro\/ro\/wp-json\/wp\/v2\/product_brand?post=106622"},{"taxonomy":"product_cat","embeddable":true,"href":"https:\/\/promis.ro\/ro\/wp-json\/wp\/v2\/product_cat?post=106622"},{"taxonomy":"product_tag","embeddable":true,"href":"https:\/\/promis.ro\/ro\/wp-json\/wp\/v2\/product_tag?post=106622"}],"curies":[{"name":"wp","href":"https:\/\/api.w.org\/{rel}","templated":true}]}}