{"id":106623,"date":"2025-11-05T01:32:09","date_gmt":"2025-11-05T01:32:09","guid":{"rendered":"https:\/\/promis.ro\/product\/ranyit\/"},"modified":"2025-11-11T12:26:25","modified_gmt":"2025-11-11T12:26:25","slug":"ranyit","status":"publish","type":"product","link":"https:\/\/promis.ro\/ro\/produs\/ranyit\/","title":{"rendered":"Ranyit"},"content":{"rendered":"<p>\u015eapc\u0103 de \u00eenalt\u0103 calitate, fabricat\u0103 din material sintetic. Ajustabil\u0103 din interior, cu band\u0103 exterioar\u0103 \u0219i band\u0103 interioar\u0103 confortabil\u0103. Disponibil\u0103 \u00eentr-o gam\u0103 larg\u0103 de culori.<\/p>","protected":false},"excerpt":{"rendered":"<p>\u015eapc\u0103 de \u00eenalt\u0103 calitate, fabricat\u0103 din material sintetic. Ajustabil\u0103 din interior, cu band\u0103 exterioar\u0103 \u0219i band\u0103 interioar\u0103 confortabil\u0103. Disponibil\u0103 \u00eentr-o<\/p>","protected":false},"featured_media":120005,"comment_status":"open","ping_status":"closed","template":"","meta":[],"product_brand":[],"product_cat":[197],"product_tag":[],"class_list":{"0":"post-106623","1":"product","2":"type-product","3":"status-publish","4":"has-post-thumbnail","6":"product_cat-articole-durabile","8":"first","9":"instock","10":"shipping-taxable","11":"purchasable","12":"product-type-variable"},"_links":{"self":[{"href":"https:\/\/promis.ro\/ro\/wp-json\/wp\/v2\/product\/106623","targetHints":{"allow":["GET"]}}],"collection":[{"href":"https:\/\/promis.ro\/ro\/wp-json\/wp\/v2\/product"}],"about":[{"href":"https:\/\/promis.ro\/ro\/wp-json\/wp\/v2\/types\/product"}],"replies":[{"embeddable":true,"href":"https:\/\/promis.ro\/ro\/wp-json\/wp\/v2\/comments?post=106623"}],"version-history":[{"count":1,"href":"https:\/\/promis.ro\/ro\/wp-json\/wp\/v2\/product\/106623\/revisions"}],"predecessor-version":[{"id":109992,"href":"https:\/\/promis.ro\/ro\/wp-json\/wp\/v2\/product\/106623\/revisions\/109992"}],"wp:featuredmedia":[{"embeddable":true,"href":"https:\/\/promis.ro\/ro\/wp-json\/wp\/v2\/media\/120005"}],"wp:attachment":[{"href":"https:\/\/promis.ro\/ro\/wp-json\/wp\/v2\/media?parent=106623"}],"wp:term":[{"taxonomy":"product_brand","embeddable":true,"href":"https:\/\/promis.ro\/ro\/wp-json\/wp\/v2\/product_brand?post=106623"},{"taxonomy":"product_cat","embeddable":true,"href":"https:\/\/promis.ro\/ro\/wp-json\/wp\/v2\/product_cat?post=106623"},{"taxonomy":"product_tag","embeddable":true,"href":"https:\/\/promis.ro\/ro\/wp-json\/wp\/v2\/product_tag?post=106623"}],"curies":[{"name":"wp","href":"https:\/\/api.w.org\/{rel}","templated":true}]}}