{"id":106626,"date":"2025-11-05T01:32:11","date_gmt":"2025-11-05T01:32:11","guid":{"rendered":"https:\/\/promis.ro\/product\/shirley\/"},"modified":"2025-11-11T14:22:06","modified_gmt":"2025-11-11T14:22:06","slug":"shirley","status":"publish","type":"product","link":"https:\/\/promis.ro\/ro\/produs\/shirley\/","title":{"rendered":"Shirley"},"content":{"rendered":"<p>Can\u0103 din o\u021bel inoxidabil cu perete dublu, cu o capacitate de 350ml. \u00centr-o finisare elegant\u0103 \u00een dou\u0103 nuan\u021be \u0219i prezentat\u0103 \u00eentr-o cutie individual\u0103.<\/p>","protected":false},"excerpt":{"rendered":"<p>Can\u0103 din o\u021bel inoxidabil cu perete dublu, cu o capacitate de 350ml. \u00centr-o finisare elegant\u0103 \u00een dou\u0103 nuan\u021be \u0219i prezentat\u0103<\/p>","protected":false},"featured_media":120014,"comment_status":"open","ping_status":"closed","template":"","meta":[],"product_brand":[],"product_cat":[172],"product_tag":[],"class_list":{"0":"post-106626","1":"product","2":"type-product","3":"status-publish","4":"has-post-thumbnail","6":"product_cat-cani-borcane-si-thermosuri","8":"first","9":"instock","10":"shipping-taxable","11":"purchasable","12":"product-type-variable"},"_links":{"self":[{"href":"https:\/\/promis.ro\/ro\/wp-json\/wp\/v2\/product\/106626","targetHints":{"allow":["GET"]}}],"collection":[{"href":"https:\/\/promis.ro\/ro\/wp-json\/wp\/v2\/product"}],"about":[{"href":"https:\/\/promis.ro\/ro\/wp-json\/wp\/v2\/types\/product"}],"replies":[{"embeddable":true,"href":"https:\/\/promis.ro\/ro\/wp-json\/wp\/v2\/comments?post=106626"}],"version-history":[{"count":1,"href":"https:\/\/promis.ro\/ro\/wp-json\/wp\/v2\/product\/106626\/revisions"}],"predecessor-version":[{"id":109994,"href":"https:\/\/promis.ro\/ro\/wp-json\/wp\/v2\/product\/106626\/revisions\/109994"}],"wp:featuredmedia":[{"embeddable":true,"href":"https:\/\/promis.ro\/ro\/wp-json\/wp\/v2\/media\/120014"}],"wp:attachment":[{"href":"https:\/\/promis.ro\/ro\/wp-json\/wp\/v2\/media?parent=106626"}],"wp:term":[{"taxonomy":"product_brand","embeddable":true,"href":"https:\/\/promis.ro\/ro\/wp-json\/wp\/v2\/product_brand?post=106626"},{"taxonomy":"product_cat","embeddable":true,"href":"https:\/\/promis.ro\/ro\/wp-json\/wp\/v2\/product_cat?post=106626"},{"taxonomy":"product_tag","embeddable":true,"href":"https:\/\/promis.ro\/ro\/wp-json\/wp\/v2\/product_tag?post=106626"}],"curies":[{"name":"wp","href":"https:\/\/api.w.org\/{rel}","templated":true}]}}