{"id":106628,"date":"2025-11-05T01:32:12","date_gmt":"2025-11-05T01:32:12","guid":{"rendered":"https:\/\/promis.ro\/product\/krobus\/"},"modified":"2025-11-11T14:22:06","modified_gmt":"2025-11-11T14:22:06","slug":"krobus","status":"publish","type":"product","link":"https:\/\/promis.ro\/ro\/produs\/krobus\/","title":{"rendered":"Krobus"},"content":{"rendered":"<p>Sticl\u0103 de \u00eenalt\u0103 calitate, cu o capacitate de 550ml. Fabricat\u0103 din sticl\u0103 borosilicat\u0103, care ofer\u0103 o rezisten\u021b\u0103 \u0219i durabilitate excep\u021bionale, extinz\u00e2nd durata de via\u021b\u0103 \u0219i put\u00e2nd fi reutilizat\u0103 de nenum\u0103rate ori. Cu capac din o\u021bel inoxidabil, f\u0103r\u0103 BPA. Prezentat\u0103 \u00eentr-o cutie de design atractiv.<\/p>","protected":false},"excerpt":{"rendered":"<p>Sticl\u0103 de \u00eenalt\u0103 calitate, cu o capacitate de 550ml. Fabricat\u0103 din sticl\u0103 borosilicat\u0103, care ofer\u0103 o rezisten\u021b\u0103 \u0219i durabilitate excep\u021bionale,<\/p>","protected":false},"featured_media":120016,"comment_status":"open","ping_status":"closed","template":"","meta":[],"product_brand":[],"product_cat":[172],"product_tag":[],"class_list":{"0":"post-106628","1":"product","2":"type-product","3":"status-publish","4":"has-post-thumbnail","6":"product_cat-cani-borcane-si-thermosuri","8":"first","9":"instock","10":"shipping-taxable","11":"purchasable","12":"product-type-simple"},"_links":{"self":[{"href":"https:\/\/promis.ro\/ro\/wp-json\/wp\/v2\/product\/106628","targetHints":{"allow":["GET"]}}],"collection":[{"href":"https:\/\/promis.ro\/ro\/wp-json\/wp\/v2\/product"}],"about":[{"href":"https:\/\/promis.ro\/ro\/wp-json\/wp\/v2\/types\/product"}],"replies":[{"embeddable":true,"href":"https:\/\/promis.ro\/ro\/wp-json\/wp\/v2\/comments?post=106628"}],"version-history":[{"count":1,"href":"https:\/\/promis.ro\/ro\/wp-json\/wp\/v2\/product\/106628\/revisions"}],"predecessor-version":[{"id":110001,"href":"https:\/\/promis.ro\/ro\/wp-json\/wp\/v2\/product\/106628\/revisions\/110001"}],"wp:featuredmedia":[{"embeddable":true,"href":"https:\/\/promis.ro\/ro\/wp-json\/wp\/v2\/media\/120016"}],"wp:attachment":[{"href":"https:\/\/promis.ro\/ro\/wp-json\/wp\/v2\/media?parent=106628"}],"wp:term":[{"taxonomy":"product_brand","embeddable":true,"href":"https:\/\/promis.ro\/ro\/wp-json\/wp\/v2\/product_brand?post=106628"},{"taxonomy":"product_cat","embeddable":true,"href":"https:\/\/promis.ro\/ro\/wp-json\/wp\/v2\/product_cat?post=106628"},{"taxonomy":"product_tag","embeddable":true,"href":"https:\/\/promis.ro\/ro\/wp-json\/wp\/v2\/product_tag?post=106628"}],"curies":[{"name":"wp","href":"https:\/\/api.w.org\/{rel}","templated":true}]}}