{"id":106629,"date":"2025-11-05T01:32:12","date_gmt":"2025-11-05T01:32:12","guid":{"rendered":"https:\/\/promis.ro\/product\/sereok\/"},"modified":"2025-11-11T14:22:09","modified_gmt":"2025-11-11T14:22:09","slug":"sereok","status":"publish","type":"product","link":"https:\/\/promis.ro\/ro\/produs\/sereok\/","title":{"rendered":"Sereok"},"content":{"rendered":"<p>Sticl\u0103 Nature line, \u00eentr-o combina\u021bie de o\u021bel inoxidabil cu finisaj mat \u0219i plut\u0103. Capacitate de 750ml, cu capac de siguran\u021b\u0103 \u0219i prezentat\u0103 \u00eentr-o cutie atractiv\u0103 cu design eco.<\/p>","protected":false},"excerpt":{"rendered":"<p>Sticl\u0103 Nature line, \u00eentr-o combina\u021bie de o\u021bel inoxidabil cu finisaj mat \u0219i plut\u0103. Capacitate de 750ml, cu capac de siguran\u021b\u0103<\/p>","protected":false},"featured_media":120020,"comment_status":"open","ping_status":"closed","template":"","meta":[],"product_brand":[],"product_cat":[197],"product_tag":[],"class_list":{"0":"post-106629","1":"product","2":"type-product","3":"status-publish","4":"has-post-thumbnail","6":"product_cat-articole-durabile","8":"first","9":"instock","10":"shipping-taxable","11":"purchasable","12":"product-type-simple"},"_links":{"self":[{"href":"https:\/\/promis.ro\/ro\/wp-json\/wp\/v2\/product\/106629","targetHints":{"allow":["GET"]}}],"collection":[{"href":"https:\/\/promis.ro\/ro\/wp-json\/wp\/v2\/product"}],"about":[{"href":"https:\/\/promis.ro\/ro\/wp-json\/wp\/v2\/types\/product"}],"replies":[{"embeddable":true,"href":"https:\/\/promis.ro\/ro\/wp-json\/wp\/v2\/comments?post=106629"}],"version-history":[{"count":1,"href":"https:\/\/promis.ro\/ro\/wp-json\/wp\/v2\/product\/106629\/revisions"}],"predecessor-version":[{"id":109993,"href":"https:\/\/promis.ro\/ro\/wp-json\/wp\/v2\/product\/106629\/revisions\/109993"}],"wp:featuredmedia":[{"embeddable":true,"href":"https:\/\/promis.ro\/ro\/wp-json\/wp\/v2\/media\/120020"}],"wp:attachment":[{"href":"https:\/\/promis.ro\/ro\/wp-json\/wp\/v2\/media?parent=106629"}],"wp:term":[{"taxonomy":"product_brand","embeddable":true,"href":"https:\/\/promis.ro\/ro\/wp-json\/wp\/v2\/product_brand?post=106629"},{"taxonomy":"product_cat","embeddable":true,"href":"https:\/\/promis.ro\/ro\/wp-json\/wp\/v2\/product_cat?post=106629"},{"taxonomy":"product_tag","embeddable":true,"href":"https:\/\/promis.ro\/ro\/wp-json\/wp\/v2\/product_tag?post=106629"}],"curies":[{"name":"wp","href":"https:\/\/api.w.org\/{rel}","templated":true}]}}