{"id":106630,"date":"2025-11-05T01:32:13","date_gmt":"2025-11-05T01:32:13","guid":{"rendered":"https:\/\/promis.ro\/product\/aveiro\/"},"modified":"2025-11-11T14:22:09","modified_gmt":"2025-11-11T14:22:09","slug":"aveiro","status":"publish","type":"product","link":"https:\/\/promis.ro\/ro\/produs\/aveiro\/","title":{"rendered":"Aveiro"},"content":{"rendered":"<p>Perie Nature line din bambus lustruit pentru a \u00eencuraja utilizarea materialelor naturale \u0219i a reduce emisiile de poluan\u021bi. Cu o suprafa\u021b\u0103 larg\u0103 de branding pe m\u00e2ner \u0219i prezentat\u0103 \u00eentr-o cutie atractiv\u0103 cu design ecologic.<\/p>","protected":false},"excerpt":{"rendered":"<p>Perie Nature line din bambus lustruit pentru a \u00eencuraja utilizarea materialelor naturale \u0219i a reduce emisiile de poluan\u021bi. Cu o<\/p>","protected":false},"featured_media":120023,"comment_status":"open","ping_status":"closed","template":"","meta":[],"product_brand":[],"product_cat":[197],"product_tag":[],"class_list":{"0":"post-106630","1":"product","2":"type-product","3":"status-publish","4":"has-post-thumbnail","6":"product_cat-articole-durabile","8":"first","9":"instock","10":"shipping-taxable","11":"purchasable","12":"product-type-simple"},"_links":{"self":[{"href":"https:\/\/promis.ro\/ro\/wp-json\/wp\/v2\/product\/106630","targetHints":{"allow":["GET"]}}],"collection":[{"href":"https:\/\/promis.ro\/ro\/wp-json\/wp\/v2\/product"}],"about":[{"href":"https:\/\/promis.ro\/ro\/wp-json\/wp\/v2\/types\/product"}],"replies":[{"embeddable":true,"href":"https:\/\/promis.ro\/ro\/wp-json\/wp\/v2\/comments?post=106630"}],"version-history":[{"count":1,"href":"https:\/\/promis.ro\/ro\/wp-json\/wp\/v2\/product\/106630\/revisions"}],"predecessor-version":[{"id":109998,"href":"https:\/\/promis.ro\/ro\/wp-json\/wp\/v2\/product\/106630\/revisions\/109998"}],"wp:featuredmedia":[{"embeddable":true,"href":"https:\/\/promis.ro\/ro\/wp-json\/wp\/v2\/media\/120023"}],"wp:attachment":[{"href":"https:\/\/promis.ro\/ro\/wp-json\/wp\/v2\/media?parent=106630"}],"wp:term":[{"taxonomy":"product_brand","embeddable":true,"href":"https:\/\/promis.ro\/ro\/wp-json\/wp\/v2\/product_brand?post=106630"},{"taxonomy":"product_cat","embeddable":true,"href":"https:\/\/promis.ro\/ro\/wp-json\/wp\/v2\/product_cat?post=106630"},{"taxonomy":"product_tag","embeddable":true,"href":"https:\/\/promis.ro\/ro\/wp-json\/wp\/v2\/product_tag?post=106630"}],"curies":[{"name":"wp","href":"https:\/\/api.w.org\/{rel}","templated":true}]}}