{"id":106631,"date":"2025-11-05T01:32:13","date_gmt":"2025-11-05T01:32:13","guid":{"rendered":"https:\/\/promis.ro\/product\/dunay\/"},"modified":"2025-11-11T14:22:09","modified_gmt":"2025-11-11T14:22:09","slug":"dunay","status":"publish","type":"product","link":"https:\/\/promis.ro\/ro\/produs\/dunay\/","title":{"rendered":"Dunay"},"content":{"rendered":"<p>Set de be\u021bi\u0219oare reutilizabile Nature line, realizate din nuc\u0103 de cocos. Dup\u0103 consumarea fructului de nuc\u0103 de cocos, se poate ob\u021bine o \u00eentreag\u0103 gam\u0103 de produse din nuca de cocos \u0219i planta sa, contribuind la sustenabilitatea planetei \u0219i \u00eencuraj\u00e2nd utilizarea materiilor prime naturale. Prezentate \u00eentr-un sac de h\u00e2rtie individual.<\/p>","protected":false},"excerpt":{"rendered":"<p>Set de be\u021bi\u0219oare reutilizabile Nature line, realizate din nuc\u0103 de cocos. Dup\u0103 consumarea fructului de nuc\u0103 de cocos, se poate<\/p>","protected":false},"featured_media":120025,"comment_status":"open","ping_status":"closed","template":"","meta":[],"product_brand":[],"product_cat":[201],"product_tag":[],"class_list":{"0":"post-106631","1":"product","2":"type-product","3":"status-publish","4":"has-post-thumbnail","6":"product_cat-outlet","8":"first","9":"outofstock","10":"shipping-taxable","11":"purchasable","12":"product-type-simple"},"_links":{"self":[{"href":"https:\/\/promis.ro\/ro\/wp-json\/wp\/v2\/product\/106631","targetHints":{"allow":["GET"]}}],"collection":[{"href":"https:\/\/promis.ro\/ro\/wp-json\/wp\/v2\/product"}],"about":[{"href":"https:\/\/promis.ro\/ro\/wp-json\/wp\/v2\/types\/product"}],"replies":[{"embeddable":true,"href":"https:\/\/promis.ro\/ro\/wp-json\/wp\/v2\/comments?post=106631"}],"version-history":[{"count":1,"href":"https:\/\/promis.ro\/ro\/wp-json\/wp\/v2\/product\/106631\/revisions"}],"predecessor-version":[{"id":110006,"href":"https:\/\/promis.ro\/ro\/wp-json\/wp\/v2\/product\/106631\/revisions\/110006"}],"wp:featuredmedia":[{"embeddable":true,"href":"https:\/\/promis.ro\/ro\/wp-json\/wp\/v2\/media\/120025"}],"wp:attachment":[{"href":"https:\/\/promis.ro\/ro\/wp-json\/wp\/v2\/media?parent=106631"}],"wp:term":[{"taxonomy":"product_brand","embeddable":true,"href":"https:\/\/promis.ro\/ro\/wp-json\/wp\/v2\/product_brand?post=106631"},{"taxonomy":"product_cat","embeddable":true,"href":"https:\/\/promis.ro\/ro\/wp-json\/wp\/v2\/product_cat?post=106631"},{"taxonomy":"product_tag","embeddable":true,"href":"https:\/\/promis.ro\/ro\/wp-json\/wp\/v2\/product_tag?post=106631"}],"curies":[{"name":"wp","href":"https:\/\/api.w.org\/{rel}","templated":true}]}}