{"id":106632,"date":"2025-11-05T01:32:14","date_gmt":"2025-11-05T01:32:14","guid":{"rendered":"https:\/\/promis.ro\/product\/ricaly\/"},"modified":"2025-11-11T14:22:09","modified_gmt":"2025-11-11T14:22:09","slug":"ricaly","status":"publish","type":"product","link":"https:\/\/promis.ro\/ro\/produs\/ricaly\/","title":{"rendered":"Ricaly"},"content":{"rendered":"<p>Can\u0103 termic\u0103 din o\u021bel inoxidabil cu o capacitate de 350ml. Capac din bambus \u0219i prezentat\u0103 \u00eentr-o cutie atractiv\u0103, cu design ecologic.<\/p>","protected":false},"excerpt":{"rendered":"<p>Can\u0103 termic\u0103 din o\u021bel inoxidabil cu o capacitate de 350ml. Capac din bambus \u0219i prezentat\u0103 \u00eentr-o cutie atractiv\u0103, cu design<\/p>","protected":false},"featured_media":120028,"comment_status":"open","ping_status":"closed","template":"","meta":[],"product_brand":[],"product_cat":[172],"product_tag":[],"class_list":{"0":"post-106632","1":"product","2":"type-product","3":"status-publish","4":"has-post-thumbnail","6":"product_cat-cani-borcane-si-thermosuri","8":"first","9":"instock","10":"shipping-taxable","11":"purchasable","12":"product-type-simple"},"_links":{"self":[{"href":"https:\/\/promis.ro\/ro\/wp-json\/wp\/v2\/product\/106632","targetHints":{"allow":["GET"]}}],"collection":[{"href":"https:\/\/promis.ro\/ro\/wp-json\/wp\/v2\/product"}],"about":[{"href":"https:\/\/promis.ro\/ro\/wp-json\/wp\/v2\/types\/product"}],"replies":[{"embeddable":true,"href":"https:\/\/promis.ro\/ro\/wp-json\/wp\/v2\/comments?post=106632"}],"version-history":[{"count":1,"href":"https:\/\/promis.ro\/ro\/wp-json\/wp\/v2\/product\/106632\/revisions"}],"predecessor-version":[{"id":110004,"href":"https:\/\/promis.ro\/ro\/wp-json\/wp\/v2\/product\/106632\/revisions\/110004"}],"wp:featuredmedia":[{"embeddable":true,"href":"https:\/\/promis.ro\/ro\/wp-json\/wp\/v2\/media\/120028"}],"wp:attachment":[{"href":"https:\/\/promis.ro\/ro\/wp-json\/wp\/v2\/media?parent=106632"}],"wp:term":[{"taxonomy":"product_brand","embeddable":true,"href":"https:\/\/promis.ro\/ro\/wp-json\/wp\/v2\/product_brand?post=106632"},{"taxonomy":"product_cat","embeddable":true,"href":"https:\/\/promis.ro\/ro\/wp-json\/wp\/v2\/product_cat?post=106632"},{"taxonomy":"product_tag","embeddable":true,"href":"https:\/\/promis.ro\/ro\/wp-json\/wp\/v2\/product_tag?post=106632"}],"curies":[{"name":"wp","href":"https:\/\/api.w.org\/{rel}","templated":true}]}}