{"id":106633,"date":"2025-11-05T01:32:14","date_gmt":"2025-11-05T01:32:14","guid":{"rendered":"https:\/\/promis.ro\/product\/tobby\/"},"modified":"2025-11-11T14:22:09","modified_gmt":"2025-11-11T14:22:09","slug":"tobby","status":"publish","type":"product","link":"https:\/\/promis.ro\/ro\/produs\/tobby\/","title":{"rendered":"Tobby"},"content":{"rendered":"<p>Can\u0103 termic\u0103 de \u00eenalt\u0103 calitate, din linia naturii, cu perete dublu \u0219i capacitate de 350ml. Fabricat\u0103 din sticl\u0103 borosilicat\u0103, care ofer\u0103 o rezisten\u021b\u0103 \u0219i durabilitate excep\u021bionale, extinz\u00e2nd durata de via\u021b\u0103 \u0219i put\u00e2nd fi reutilizat\u0103 de nenum\u0103rate ori. Include capac din bambus \u0219i este prezentat\u0103 \u00eentr-o cutie atractiv\u0103 cu design ecologic.<\/p>","protected":false},"excerpt":{"rendered":"<p>Can\u0103 termic\u0103 de \u00eenalt\u0103 calitate, din linia naturii, cu perete dublu \u0219i capacitate de 350ml. Fabricat\u0103 din sticl\u0103 borosilicat\u0103, care<\/p>","protected":false},"featured_media":120031,"comment_status":"open","ping_status":"closed","template":"","meta":[],"product_brand":[],"product_cat":[172],"product_tag":[],"class_list":{"0":"post-106633","1":"product","2":"type-product","3":"status-publish","4":"has-post-thumbnail","6":"product_cat-cani-borcane-si-thermosuri","8":"first","9":"outofstock","10":"shipping-taxable","11":"purchasable","12":"product-type-simple"},"_links":{"self":[{"href":"https:\/\/promis.ro\/ro\/wp-json\/wp\/v2\/product\/106633","targetHints":{"allow":["GET"]}}],"collection":[{"href":"https:\/\/promis.ro\/ro\/wp-json\/wp\/v2\/product"}],"about":[{"href":"https:\/\/promis.ro\/ro\/wp-json\/wp\/v2\/types\/product"}],"replies":[{"embeddable":true,"href":"https:\/\/promis.ro\/ro\/wp-json\/wp\/v2\/comments?post=106633"}],"version-history":[{"count":1,"href":"https:\/\/promis.ro\/ro\/wp-json\/wp\/v2\/product\/106633\/revisions"}],"predecessor-version":[{"id":110021,"href":"https:\/\/promis.ro\/ro\/wp-json\/wp\/v2\/product\/106633\/revisions\/110021"}],"wp:featuredmedia":[{"embeddable":true,"href":"https:\/\/promis.ro\/ro\/wp-json\/wp\/v2\/media\/120031"}],"wp:attachment":[{"href":"https:\/\/promis.ro\/ro\/wp-json\/wp\/v2\/media?parent=106633"}],"wp:term":[{"taxonomy":"product_brand","embeddable":true,"href":"https:\/\/promis.ro\/ro\/wp-json\/wp\/v2\/product_brand?post=106633"},{"taxonomy":"product_cat","embeddable":true,"href":"https:\/\/promis.ro\/ro\/wp-json\/wp\/v2\/product_cat?post=106633"},{"taxonomy":"product_tag","embeddable":true,"href":"https:\/\/promis.ro\/ro\/wp-json\/wp\/v2\/product_tag?post=106633"}],"curies":[{"name":"wp","href":"https:\/\/api.w.org\/{rel}","templated":true}]}}