{"id":106634,"date":"2025-11-05T01:32:14","date_gmt":"2025-11-05T01:32:14","guid":{"rendered":"https:\/\/promis.ro\/product\/natara\/"},"modified":"2025-11-11T14:22:09","modified_gmt":"2025-11-11T14:22:09","slug":"natara","status":"publish","type":"product","link":"https:\/\/promis.ro\/ro\/produs\/natara\/","title":{"rendered":"Natara"},"content":{"rendered":"<p>Bloc robust, din linia naturii, pentru yoga \u0219i alte activit\u0103\u021bi. Fabricat din plut\u0103 natural\u0103, durabil\u0103 \u0219i prezentat \u00eentr-o carcas\u0103 atractiv\u0103, individual\u0103, cu un design ecologic, care include ilustra\u021bii pentru exerci\u021bii.<\/p>","protected":false},"excerpt":{"rendered":"<p>Bloc robust, din linia naturii, pentru yoga \u0219i alte activit\u0103\u021bi. Fabricat din plut\u0103 natural\u0103, durabil\u0103 \u0219i prezentat \u00eentr-o carcas\u0103 atractiv\u0103,<\/p>","protected":false},"featured_media":120033,"comment_status":"open","ping_status":"closed","template":"","meta":[],"product_brand":[],"product_cat":[176],"product_tag":[],"class_list":{"0":"post-106634","1":"product","2":"type-product","3":"status-publish","4":"has-post-thumbnail","6":"product_cat-sport-si-aventura","8":"first","9":"instock","10":"shipping-taxable","11":"purchasable","12":"product-type-simple"},"_links":{"self":[{"href":"https:\/\/promis.ro\/ro\/wp-json\/wp\/v2\/product\/106634","targetHints":{"allow":["GET"]}}],"collection":[{"href":"https:\/\/promis.ro\/ro\/wp-json\/wp\/v2\/product"}],"about":[{"href":"https:\/\/promis.ro\/ro\/wp-json\/wp\/v2\/types\/product"}],"replies":[{"embeddable":true,"href":"https:\/\/promis.ro\/ro\/wp-json\/wp\/v2\/comments?post=106634"}],"version-history":[{"count":1,"href":"https:\/\/promis.ro\/ro\/wp-json\/wp\/v2\/product\/106634\/revisions"}],"predecessor-version":[{"id":110014,"href":"https:\/\/promis.ro\/ro\/wp-json\/wp\/v2\/product\/106634\/revisions\/110014"}],"wp:featuredmedia":[{"embeddable":true,"href":"https:\/\/promis.ro\/ro\/wp-json\/wp\/v2\/media\/120033"}],"wp:attachment":[{"href":"https:\/\/promis.ro\/ro\/wp-json\/wp\/v2\/media?parent=106634"}],"wp:term":[{"taxonomy":"product_brand","embeddable":true,"href":"https:\/\/promis.ro\/ro\/wp-json\/wp\/v2\/product_brand?post=106634"},{"taxonomy":"product_cat","embeddable":true,"href":"https:\/\/promis.ro\/ro\/wp-json\/wp\/v2\/product_cat?post=106634"},{"taxonomy":"product_tag","embeddable":true,"href":"https:\/\/promis.ro\/ro\/wp-json\/wp\/v2\/product_tag?post=106634"}],"curies":[{"name":"wp","href":"https:\/\/api.w.org\/{rel}","templated":true}]}}