{"id":106714,"date":"2025-11-05T01:33:07","date_gmt":"2025-11-05T01:33:07","guid":{"rendered":"https:\/\/promis.ro\/product\/bastic\/"},"modified":"2025-11-11T18:56:04","modified_gmt":"2025-11-11T18:56:04","slug":"bastic","status":"publish","type":"product","link":"https:\/\/promis.ro\/ro\/produs\/bastic\/","title":{"rendered":"Bastic"},"content":{"rendered":"<p>Can\u0103 din o\u021bel inoxidabil de 220ml, cu un corp metalic str\u0103lucitor \u0219i un m\u00e2ner func\u021bional tip carabin\u0103, disponibil\u0103 \u00eentr-o gam\u0103 larg\u0103 de culori, facilit\u00e2nd transportul. Prezentat\u0103 \u00eentr-o cutie individual\u0103 din carton kraft.<\/p>","protected":false},"excerpt":{"rendered":"<p>Can\u0103 din o\u021bel inoxidabil de 220ml, cu un corp metalic str\u0103lucitor \u0219i un m\u00e2ner func\u021bional tip carabin\u0103, disponibil\u0103 \u00eentr-o gam\u0103<\/p>","protected":false},"featured_media":148129,"comment_status":"open","ping_status":"closed","template":"","meta":[],"product_brand":[],"product_cat":[177],"product_tag":[],"class_list":{"0":"post-106714","1":"product","2":"type-product","3":"status-publish","4":"has-post-thumbnail","6":"product_cat-timp-liber-si-divertisment","8":"first","9":"instock","10":"shipping-taxable","11":"purchasable","12":"product-type-variable"},"_links":{"self":[{"href":"https:\/\/promis.ro\/ro\/wp-json\/wp\/v2\/product\/106714","targetHints":{"allow":["GET"]}}],"collection":[{"href":"https:\/\/promis.ro\/ro\/wp-json\/wp\/v2\/product"}],"about":[{"href":"https:\/\/promis.ro\/ro\/wp-json\/wp\/v2\/types\/product"}],"replies":[{"embeddable":true,"href":"https:\/\/promis.ro\/ro\/wp-json\/wp\/v2\/comments?post=106714"}],"version-history":[{"count":1,"href":"https:\/\/promis.ro\/ro\/wp-json\/wp\/v2\/product\/106714\/revisions"}],"predecessor-version":[{"id":113068,"href":"https:\/\/promis.ro\/ro\/wp-json\/wp\/v2\/product\/106714\/revisions\/113068"}],"wp:featuredmedia":[{"embeddable":true,"href":"https:\/\/promis.ro\/ro\/wp-json\/wp\/v2\/media\/148129"}],"wp:attachment":[{"href":"https:\/\/promis.ro\/ro\/wp-json\/wp\/v2\/media?parent=106714"}],"wp:term":[{"taxonomy":"product_brand","embeddable":true,"href":"https:\/\/promis.ro\/ro\/wp-json\/wp\/v2\/product_brand?post=106714"},{"taxonomy":"product_cat","embeddable":true,"href":"https:\/\/promis.ro\/ro\/wp-json\/wp\/v2\/product_cat?post=106714"},{"taxonomy":"product_tag","embeddable":true,"href":"https:\/\/promis.ro\/ro\/wp-json\/wp\/v2\/product_tag?post=106714"}],"curies":[{"name":"wp","href":"https:\/\/api.w.org\/{rel}","templated":true}]}}