{"id":163231,"date":"2025-11-12T03:51:28","date_gmt":"2025-11-12T03:51:28","guid":{"rendered":"https:\/\/promis.ro\/product\/vinga-alcamo-serving-cutlery\/"},"modified":"2025-11-12T03:56:57","modified_gmt":"2025-11-12T03:56:57","slug":"vinga-alcamo-serving-cutlery","status":"publish","type":"product","link":"https:\/\/promis.ro\/ro\/produs\/vinga-alcamo-serving-cutlery\/","title":{"rendered":"VINGA Alcamo serving cutlery"},"content":{"rendered":"<p>Ustensile de servire din stejar exclusiv, cu un detaliu fin din PU. Lemnul frumos aduce o not\u0103 vie \u0219i cald\u0103 designului simplu \u0219i elegant. Perfecte at\u00e2t pentru utilizarea zilnic\u0103, c\u00e2t \u0219i pentru petreceri.<\/p>","protected":false},"excerpt":{"rendered":"<p>Ustensile de servire din stejar exclusiv, cu un detaliu fin din PU. Lemnul frumos aduce o not\u0103 vie \u0219i cald\u0103<\/p>","protected":false},"featured_media":163228,"comment_status":"open","ping_status":"closed","template":"","meta":[],"product_brand":[],"product_cat":[179],"product_tag":[],"class_list":{"0":"post-163231","1":"product","2":"type-product","3":"status-publish","4":"has-post-thumbnail","6":"product_cat-casa-si-decoratiuni","8":"first","9":"instock","10":"shipping-taxable","11":"purchasable","12":"product-type-simple"},"_links":{"self":[{"href":"https:\/\/promis.ro\/ro\/wp-json\/wp\/v2\/product\/163231","targetHints":{"allow":["GET"]}}],"collection":[{"href":"https:\/\/promis.ro\/ro\/wp-json\/wp\/v2\/product"}],"about":[{"href":"https:\/\/promis.ro\/ro\/wp-json\/wp\/v2\/types\/product"}],"replies":[{"embeddable":true,"href":"https:\/\/promis.ro\/ro\/wp-json\/wp\/v2\/comments?post=163231"}],"version-history":[{"count":1,"href":"https:\/\/promis.ro\/ro\/wp-json\/wp\/v2\/product\/163231\/revisions"}],"predecessor-version":[{"id":163924,"href":"https:\/\/promis.ro\/ro\/wp-json\/wp\/v2\/product\/163231\/revisions\/163924"}],"wp:featuredmedia":[{"embeddable":true,"href":"https:\/\/promis.ro\/ro\/wp-json\/wp\/v2\/media\/163228"}],"wp:attachment":[{"href":"https:\/\/promis.ro\/ro\/wp-json\/wp\/v2\/media?parent=163231"}],"wp:term":[{"taxonomy":"product_brand","embeddable":true,"href":"https:\/\/promis.ro\/ro\/wp-json\/wp\/v2\/product_brand?post=163231"},{"taxonomy":"product_cat","embeddable":true,"href":"https:\/\/promis.ro\/ro\/wp-json\/wp\/v2\/product_cat?post=163231"},{"taxonomy":"product_tag","embeddable":true,"href":"https:\/\/promis.ro\/ro\/wp-json\/wp\/v2\/product_tag?post=163231"}],"curies":[{"name":"wp","href":"https:\/\/api.w.org\/{rel}","templated":true}]}}