{"id":163283,"date":"2025-11-12T03:52:12","date_gmt":"2025-11-12T03:52:12","guid":{"rendered":"https:\/\/promis.ro\/product\/vinga-bilton-recycled-blanket\/"},"modified":"2025-11-12T03:57:09","modified_gmt":"2025-11-12T03:57:09","slug":"vinga-bilton-recycled-blanket","status":"publish","type":"product","link":"https:\/\/promis.ro\/ro\/produs\/vinga-bilton-recycled-blanket\/","title":{"rendered":"VINGA Bilton recycled blanket"},"content":{"rendered":"<p>Plapuma din fleece amestecat\u0103 adorabil\u0103 de care nu vei vrea s\u0103 te despar\u021bi, indiferent dac\u0103 stai afar\u0103 \u00eentr-o sear\u0103 frumoas\u0103 de var\u0103 sau te relaxezi pe canapea acas\u0103. Fabricat\u0103 din 30% fibr\u0103 de poliester reciclat. O po\u021bi transforma cu u\u0219urin\u021b\u0103 \u00eentr-un poncho practic cu ajutorul butonului discret de pe latura lung\u0103 a plapumei. Standardul OEKO-TEX 100 \u00eenseamn\u0103 c\u0103 materialul plapumei \u00eendepline\u0219te o serie de criterii de siguran\u021b\u0103 a produselor.<\/p>","protected":false},"excerpt":{"rendered":"<p>Plapuma din fleece amestecat\u0103 adorabil\u0103 de care nu vei vrea s\u0103 te despar\u021bi, indiferent dac\u0103 stai afar\u0103 \u00eentr-o sear\u0103 frumoas\u0103<\/p>","protected":false},"featured_media":163280,"comment_status":"open","ping_status":"closed","template":"","meta":[],"product_brand":[],"product_cat":[179],"product_tag":[],"class_list":{"0":"post-163283","1":"product","2":"type-product","3":"status-publish","4":"has-post-thumbnail","6":"product_cat-casa-si-decoratiuni","8":"first","9":"instock","10":"shipping-taxable","11":"purchasable","12":"product-type-variable"},"_links":{"self":[{"href":"https:\/\/promis.ro\/ro\/wp-json\/wp\/v2\/product\/163283","targetHints":{"allow":["GET"]}}],"collection":[{"href":"https:\/\/promis.ro\/ro\/wp-json\/wp\/v2\/product"}],"about":[{"href":"https:\/\/promis.ro\/ro\/wp-json\/wp\/v2\/types\/product"}],"replies":[{"embeddable":true,"href":"https:\/\/promis.ro\/ro\/wp-json\/wp\/v2\/comments?post=163283"}],"version-history":[{"count":1,"href":"https:\/\/promis.ro\/ro\/wp-json\/wp\/v2\/product\/163283\/revisions"}],"predecessor-version":[{"id":163960,"href":"https:\/\/promis.ro\/ro\/wp-json\/wp\/v2\/product\/163283\/revisions\/163960"}],"wp:featuredmedia":[{"embeddable":true,"href":"https:\/\/promis.ro\/ro\/wp-json\/wp\/v2\/media\/163280"}],"wp:attachment":[{"href":"https:\/\/promis.ro\/ro\/wp-json\/wp\/v2\/media?parent=163283"}],"wp:term":[{"taxonomy":"product_brand","embeddable":true,"href":"https:\/\/promis.ro\/ro\/wp-json\/wp\/v2\/product_brand?post=163283"},{"taxonomy":"product_cat","embeddable":true,"href":"https:\/\/promis.ro\/ro\/wp-json\/wp\/v2\/product_cat?post=163283"},{"taxonomy":"product_tag","embeddable":true,"href":"https:\/\/promis.ro\/ro\/wp-json\/wp\/v2\/product_tag?post=163283"}],"curies":[{"name":"wp","href":"https:\/\/api.w.org\/{rel}","templated":true}]}}