{"id":163287,"date":"2025-11-12T03:52:15","date_gmt":"2025-11-12T03:52:15","guid":{"rendered":"https:\/\/promis.ro\/product\/vinga-baron-copper-saute-pan\/"},"modified":"2025-11-12T03:57:14","modified_gmt":"2025-11-12T03:57:14","slug":"vinga-baron-copper-saute-pan","status":"publish","type":"product","link":"https:\/\/promis.ro\/ro\/produs\/vinga-baron-copper-saute-pan\/","title":{"rendered":"VINGA Baron copper saut\u00e9 pan"},"content":{"rendered":"<p>Vas\u0103 exclusiv\u0103 de sote din cupru cu trei straturi, cu capac. Primul strat este exteriorul din cupru, iar interiorul const\u0103 dintr-un strat de aluminiu \u0219i un strat de o\u021bel inoxidabil, ceea ce o face u\u0219or de cur\u0103\u021bat. Straturile de cupru \u0219i aluminiu conduc bine c\u0103ldura, permi\u021b\u00e2nd tig\u0103ii s\u0103 se \u00eenc\u0103lzeasc\u0103 rapid \u0219i uniform. Baza a fost \u00eent\u0103rit\u0103 cu o plac\u0103 de o\u021bel inoxidabil mai groas\u0103, care permite utilizarea pe un plit\u0103 cu induc\u021bie. Tigaia are un m\u00e2ner din o\u021bel inoxidabil care r\u0103m\u00e2ne rece \u00een timpul g\u0103titului. Potrivit\u0103 pentru toate tipurile de plite.<\/p>","protected":false},"excerpt":{"rendered":"<p>Vas\u0103 exclusiv\u0103 de sote din cupru cu trei straturi, cu capac. Primul strat este exteriorul din cupru, iar interiorul const\u0103<\/p>","protected":false},"featured_media":163284,"comment_status":"open","ping_status":"closed","template":"","meta":[],"product_brand":[],"product_cat":[179],"product_tag":[],"class_list":{"0":"post-163287","1":"product","2":"type-product","3":"status-publish","4":"has-post-thumbnail","6":"product_cat-casa-si-decoratiuni","8":"first","9":"instock","10":"shipping-taxable","11":"purchasable","12":"product-type-simple"},"_links":{"self":[{"href":"https:\/\/promis.ro\/ro\/wp-json\/wp\/v2\/product\/163287","targetHints":{"allow":["GET"]}}],"collection":[{"href":"https:\/\/promis.ro\/ro\/wp-json\/wp\/v2\/product"}],"about":[{"href":"https:\/\/promis.ro\/ro\/wp-json\/wp\/v2\/types\/product"}],"replies":[{"embeddable":true,"href":"https:\/\/promis.ro\/ro\/wp-json\/wp\/v2\/comments?post=163287"}],"version-history":[{"count":1,"href":"https:\/\/promis.ro\/ro\/wp-json\/wp\/v2\/product\/163287\/revisions"}],"predecessor-version":[{"id":163972,"href":"https:\/\/promis.ro\/ro\/wp-json\/wp\/v2\/product\/163287\/revisions\/163972"}],"wp:featuredmedia":[{"embeddable":true,"href":"https:\/\/promis.ro\/ro\/wp-json\/wp\/v2\/media\/163284"}],"wp:attachment":[{"href":"https:\/\/promis.ro\/ro\/wp-json\/wp\/v2\/media?parent=163287"}],"wp:term":[{"taxonomy":"product_brand","embeddable":true,"href":"https:\/\/promis.ro\/ro\/wp-json\/wp\/v2\/product_brand?post=163287"},{"taxonomy":"product_cat","embeddable":true,"href":"https:\/\/promis.ro\/ro\/wp-json\/wp\/v2\/product_cat?post=163287"},{"taxonomy":"product_tag","embeddable":true,"href":"https:\/\/promis.ro\/ro\/wp-json\/wp\/v2\/product_tag?post=163287"}],"curies":[{"name":"wp","href":"https:\/\/api.w.org\/{rel}","templated":true}]}}