{"id":163291,"date":"2025-11-12T03:52:18","date_gmt":"2025-11-12T03:52:18","guid":{"rendered":"https:\/\/promis.ro\/product\/vinga-baron-copper-saucepan\/"},"modified":"2025-11-12T03:57:13","modified_gmt":"2025-11-12T03:57:13","slug":"vinga-baron-copper-saucepan","status":"publish","type":"product","link":"https:\/\/promis.ro\/ro\/produs\/vinga-baron-copper-saucepan\/","title":{"rendered":"VINGA Baron copper saucepan"},"content":{"rendered":"<p>Oal\u0103 exclusiv\u0103 din cupru cu trei straturi. Primul strat este exteriorul din cupru, interiorul const\u0103 dintr-un strat de aluminiu \u0219i un strat de o\u021bel inoxidabil, ceea ce faciliteaz\u0103 cur\u0103\u021barea. Straturile de cupru \u0219i aluminiu conduc c\u0103ldura bine, permi\u021b\u00e2nd oalei s\u0103 se \u00eenc\u0103lzeasc\u0103 rapid \u0219i uniform. Baza a fost \u00eent\u0103rit\u0103 cu o plac\u0103 mai groas\u0103 din o\u021bel inoxidabil, ceea ce permite utilizarea pe un plit\u0103 cu induc\u021bie. Oala are m\u00e2nere din o\u021bel inoxidabil care r\u0103m\u00e2n mai reci \u00een timpul g\u0103titului. Potrivit\u0103 pentru toate tipurile de plite, inclusiv induc\u021bie.<\/p>","protected":false},"excerpt":{"rendered":"<p>Oal\u0103 exclusiv\u0103 din cupru cu trei straturi. Primul strat este exteriorul din cupru, interiorul const\u0103 dintr-un strat de aluminiu \u0219i<\/p>","protected":false},"featured_media":163288,"comment_status":"open","ping_status":"closed","template":"","meta":[],"product_brand":[],"product_cat":[179],"product_tag":[],"class_list":{"0":"post-163291","1":"product","2":"type-product","3":"status-publish","4":"has-post-thumbnail","6":"product_cat-casa-si-decoratiuni","8":"first","9":"instock","10":"shipping-taxable","11":"purchasable","12":"product-type-simple"},"_links":{"self":[{"href":"https:\/\/promis.ro\/ro\/wp-json\/wp\/v2\/product\/163291","targetHints":{"allow":["GET"]}}],"collection":[{"href":"https:\/\/promis.ro\/ro\/wp-json\/wp\/v2\/product"}],"about":[{"href":"https:\/\/promis.ro\/ro\/wp-json\/wp\/v2\/types\/product"}],"replies":[{"embeddable":true,"href":"https:\/\/promis.ro\/ro\/wp-json\/wp\/v2\/comments?post=163291"}],"version-history":[{"count":1,"href":"https:\/\/promis.ro\/ro\/wp-json\/wp\/v2\/product\/163291\/revisions"}],"predecessor-version":[{"id":163969,"href":"https:\/\/promis.ro\/ro\/wp-json\/wp\/v2\/product\/163291\/revisions\/163969"}],"wp:featuredmedia":[{"embeddable":true,"href":"https:\/\/promis.ro\/ro\/wp-json\/wp\/v2\/media\/163288"}],"wp:attachment":[{"href":"https:\/\/promis.ro\/ro\/wp-json\/wp\/v2\/media?parent=163291"}],"wp:term":[{"taxonomy":"product_brand","embeddable":true,"href":"https:\/\/promis.ro\/ro\/wp-json\/wp\/v2\/product_brand?post=163291"},{"taxonomy":"product_cat","embeddable":true,"href":"https:\/\/promis.ro\/ro\/wp-json\/wp\/v2\/product_cat?post=163291"},{"taxonomy":"product_tag","embeddable":true,"href":"https:\/\/promis.ro\/ro\/wp-json\/wp\/v2\/product_tag?post=163291"}],"curies":[{"name":"wp","href":"https:\/\/api.w.org\/{rel}","templated":true}]}}