{"id":163311,"date":"2025-11-12T03:52:34","date_gmt":"2025-11-12T03:52:34","guid":{"rendered":"https:\/\/promis.ro\/product\/vinga-asado-first-aid-kit\/"},"modified":"2025-11-12T03:57:07","modified_gmt":"2025-11-12T03:57:07","slug":"vinga-asado-first-aid-kit","status":"publish","type":"product","link":"https:\/\/promis.ro\/ro\/produs\/vinga-asado-first-aid-kit\/","title":{"rendered":"VINGA Asado First Aid Kit"},"content":{"rendered":"<p>Un kit de prim ajutor din seria noastr\u0103 popular\u0103 Asado. Geanta din material cu fermoar con\u021bine tot ce ai nevoie \u00een caz de accidente minore, cum ar fi plasturi, foarfece, bandaje etc. Ambalat \u00eentr-o pung\u0103 din plastic.<\/p>","protected":false},"excerpt":{"rendered":"<p>Un kit de prim ajutor din seria noastr\u0103 popular\u0103 Asado. Geanta din material cu fermoar con\u021bine tot ce ai nevoie<\/p>","protected":false},"featured_media":163308,"comment_status":"open","ping_status":"closed","template":"","meta":[],"product_brand":[],"product_cat":[181],"product_tag":[],"class_list":{"0":"post-163311","1":"product","2":"type-product","3":"status-publish","4":"has-post-thumbnail","6":"product_cat-ingrijire-personala-si-farmaceutica","8":"first","9":"outofstock","10":"shipping-taxable","11":"purchasable","12":"product-type-simple"},"yoast_head":"<!-- This site is optimized with the Yoast SEO plugin v27.4 - https:\/\/yoast.com\/product\/yoast-seo-wordpress\/ -->\n<title>VINGA Asado First Aid Kit - Promis.ro<\/title>\n<meta name=\"description\" content=\"Un kit de prim ajutor din seria noastr\u0103 popular\u0103 Asado. Geanta din material cu fermoar con\u021bine tot ce ai nevoie \u00een caz de accidente minore, cum ar fi\" \/>\n<meta name=\"robots\" content=\"index, follow, max-snippet:-1, max-image-preview:large, max-video-preview:-1\" \/>\n<link rel=\"canonical\" href=\"https:\/\/promis.ro\/ro\/produs\/vinga-asado-first-aid-kit\/\" \/>\n<meta property=\"og:locale\" content=\"ro_RO\" \/>\n<meta property=\"og:type\" content=\"article\" \/>\n<meta property=\"og:title\" content=\"VINGA Asado First Aid Kit - Promis.ro\" \/>\n<meta property=\"og:description\" content=\"Un kit de prim ajutor din seria noastr\u0103 popular\u0103 Asado. Geanta din material cu fermoar con\u021bine tot ce ai nevoie \u00een caz de accidente minore, cum ar fi\" \/>\n<meta property=\"og:url\" content=\"https:\/\/promis.ro\/ro\/produs\/vinga-asado-first-aid-kit\/\" \/>\n<meta property=\"og:site_name\" content=\"Promis.ro\" \/>\n<meta property=\"article:modified_time\" content=\"2025-11-12T03:57:07+00:00\" \/>\n<meta property=\"og:image\" content=\"https:\/\/promis.ro\/wp-content\/uploads\/2025\/11\/2190__B_1__cecd81c407af4b608f13a9eb7cfc40fe-2.jpg\" \/>\n\t<meta property=\"og:image:width\" content=\"1024\" \/>\n\t<meta property=\"og:image:height\" content=\"1024\" \/>\n\t<meta property=\"og:image:type\" content=\"image\/jpeg\" \/>\n<meta name=\"twitter:card\" content=\"summary_large_image\" \/>\n<script type=\"application\/ld+json\" class=\"yoast-schema-graph\">{\"@context\":\"https:\\\/\\\/schema.org\",\"@graph\":[{\"@type\":\"WebPage\",\"@id\":\"https:\\\/\\\/promis.ro\\\/product\\\/vinga-asado-first-aid-kit\\\/\",\"url\":\"https:\\\/\\\/promis.ro\\\/product\\\/vinga-asado-first-aid-kit\\\/\",\"name\":\"VINGA Asado First Aid Kit - Promis.ro\",\"isPartOf\":{\"@id\":\"https:\\\/\\\/promis.ro\\\/#website\"},\"primaryImageOfPage\":{\"@id\":\"https:\\\/\\\/promis.ro\\\/product\\\/vinga-asado-first-aid-kit\\\/#primaryimage\"},\"image\":{\"@id\":\"https:\\\/\\\/promis.ro\\\/product\\\/vinga-asado-first-aid-kit\\\/#primaryimage\"},\"thumbnailUrl\":\"https:\\\/\\\/promis.ro\\\/wp-content\\\/uploads\\\/2025\\\/11\\\/2190__B_1__cecd81c407af4b608f13a9eb7cfc40fe-2.jpg\",\"datePublished\":\"2025-11-12T03:52:34+00:00\",\"dateModified\":\"2025-11-12T03:57:07+00:00\",\"description\":\"Un kit de prim ajutor din seria noastr\u0103 popular\u0103 Asado. Geanta din material cu fermoar con\u021bine tot ce ai nevoie \u00een caz de accidente minore, cum ar fi\",\"breadcrumb\":{\"@id\":\"https:\\\/\\\/promis.ro\\\/product\\\/vinga-asado-first-aid-kit\\\/#breadcrumb\"},\"inLanguage\":\"ro-RO\",\"potentialAction\":[{\"@type\":\"ReadAction\",\"target\":[\"https:\\\/\\\/promis.ro\\\/product\\\/vinga-asado-first-aid-kit\\\/\"]}]},{\"@type\":\"ImageObject\",\"inLanguage\":\"ro-RO\",\"@id\":\"https:\\\/\\\/promis.ro\\\/product\\\/vinga-asado-first-aid-kit\\\/#primaryimage\",\"url\":\"https:\\\/\\\/promis.ro\\\/wp-content\\\/uploads\\\/2025\\\/11\\\/2190__B_1__cecd81c407af4b608f13a9eb7cfc40fe-2.jpg\",\"contentUrl\":\"https:\\\/\\\/promis.ro\\\/wp-content\\\/uploads\\\/2025\\\/11\\\/2190__B_1__cecd81c407af4b608f13a9eb7cfc40fe-2.jpg\",\"width\":1024,\"height\":1024},{\"@type\":\"BreadcrumbList\",\"@id\":\"https:\\\/\\\/promis.ro\\\/product\\\/vinga-asado-first-aid-kit\\\/#breadcrumb\",\"itemListElement\":[{\"@type\":\"ListItem\",\"position\":1,\"name\":\"Home\",\"item\":\"https:\\\/\\\/promis.ro\\\/\"},{\"@type\":\"ListItem\",\"position\":2,\"name\":\"Magazin\",\"item\":\"https:\\\/\\\/promis.ro\\\/magazin\\\/\"},{\"@type\":\"ListItem\",\"position\":3,\"name\":\"VINGA Asado First Aid Kit\"}]},{\"@type\":\"WebSite\",\"@id\":\"https:\\\/\\\/promis.ro\\\/#website\",\"url\":\"https:\\\/\\\/promis.ro\\\/\",\"name\":\"Promis.ro\",\"description\":\"\",\"potentialAction\":[{\"@type\":\"SearchAction\",\"target\":{\"@type\":\"EntryPoint\",\"urlTemplate\":\"https:\\\/\\\/promis.ro\\\/?s={search_term_string}\"},\"query-input\":{\"@type\":\"PropertyValueSpecification\",\"valueRequired\":true,\"valueName\":\"search_term_string\"}}],\"inLanguage\":\"ro-RO\"}]}<\/script>\n<!-- \/ Yoast SEO plugin. -->","yoast_head_json":{"title":"VINGA Asado First Aid Kit - Promis.ro","description":"Un kit de prim ajutor din seria noastr\u0103 popular\u0103 Asado. Geanta din material cu fermoar con\u021bine tot ce ai nevoie \u00een caz de accidente minore, cum ar fi","robots":{"index":"index","follow":"follow","max-snippet":"max-snippet:-1","max-image-preview":"max-image-preview:large","max-video-preview":"max-video-preview:-1"},"canonical":"https:\/\/promis.ro\/ro\/produs\/vinga-asado-first-aid-kit\/","og_locale":"ro_RO","og_type":"article","og_title":"VINGA Asado First Aid Kit - Promis.ro","og_description":"Un kit de prim ajutor din seria noastr\u0103 popular\u0103 Asado. Geanta din material cu fermoar con\u021bine tot ce ai nevoie \u00een caz de accidente minore, cum ar fi","og_url":"https:\/\/promis.ro\/ro\/produs\/vinga-asado-first-aid-kit\/","og_site_name":"Promis.ro","article_modified_time":"2025-11-12T03:57:07+00:00","og_image":[{"width":1024,"height":1024,"url":"https:\/\/promis.ro\/wp-content\/uploads\/2025\/11\/2190__B_1__cecd81c407af4b608f13a9eb7cfc40fe-2.jpg","type":"image\/jpeg"}],"twitter_card":"summary_large_image","schema":{"@context":"https:\/\/schema.org","@graph":[{"@type":"WebPage","@id":"https:\/\/promis.ro\/product\/vinga-asado-first-aid-kit\/","url":"https:\/\/promis.ro\/product\/vinga-asado-first-aid-kit\/","name":"VINGA Asado First Aid Kit - Promis.ro","isPartOf":{"@id":"https:\/\/promis.ro\/#website"},"primaryImageOfPage":{"@id":"https:\/\/promis.ro\/product\/vinga-asado-first-aid-kit\/#primaryimage"},"image":{"@id":"https:\/\/promis.ro\/product\/vinga-asado-first-aid-kit\/#primaryimage"},"thumbnailUrl":"https:\/\/promis.ro\/wp-content\/uploads\/2025\/11\/2190__B_1__cecd81c407af4b608f13a9eb7cfc40fe-2.jpg","datePublished":"2025-11-12T03:52:34+00:00","dateModified":"2025-11-12T03:57:07+00:00","description":"Un kit de prim ajutor din seria noastr\u0103 popular\u0103 Asado. Geanta din material cu fermoar con\u021bine tot ce ai nevoie \u00een caz de accidente minore, cum ar fi","breadcrumb":{"@id":"https:\/\/promis.ro\/product\/vinga-asado-first-aid-kit\/#breadcrumb"},"inLanguage":"ro-RO","potentialAction":[{"@type":"ReadAction","target":["https:\/\/promis.ro\/product\/vinga-asado-first-aid-kit\/"]}]},{"@type":"ImageObject","inLanguage":"ro-RO","@id":"https:\/\/promis.ro\/product\/vinga-asado-first-aid-kit\/#primaryimage","url":"https:\/\/promis.ro\/wp-content\/uploads\/2025\/11\/2190__B_1__cecd81c407af4b608f13a9eb7cfc40fe-2.jpg","contentUrl":"https:\/\/promis.ro\/wp-content\/uploads\/2025\/11\/2190__B_1__cecd81c407af4b608f13a9eb7cfc40fe-2.jpg","width":1024,"height":1024},{"@type":"BreadcrumbList","@id":"https:\/\/promis.ro\/product\/vinga-asado-first-aid-kit\/#breadcrumb","itemListElement":[{"@type":"ListItem","position":1,"name":"Home","item":"https:\/\/promis.ro\/"},{"@type":"ListItem","position":2,"name":"Magazin","item":"https:\/\/promis.ro\/magazin\/"},{"@type":"ListItem","position":3,"name":"VINGA Asado First Aid Kit"}]},{"@type":"WebSite","@id":"https:\/\/promis.ro\/#website","url":"https:\/\/promis.ro\/","name":"Promis.ro","description":"","potentialAction":[{"@type":"SearchAction","target":{"@type":"EntryPoint","urlTemplate":"https:\/\/promis.ro\/?s={search_term_string}"},"query-input":{"@type":"PropertyValueSpecification","valueRequired":true,"valueName":"search_term_string"}}],"inLanguage":"ro-RO"}]}},"_links":{"self":[{"href":"https:\/\/promis.ro\/ro\/wp-json\/wp\/v2\/product\/163311","targetHints":{"allow":["GET"]}}],"collection":[{"href":"https:\/\/promis.ro\/ro\/wp-json\/wp\/v2\/product"}],"about":[{"href":"https:\/\/promis.ro\/ro\/wp-json\/wp\/v2\/types\/product"}],"replies":[{"embeddable":true,"href":"https:\/\/promis.ro\/ro\/wp-json\/wp\/v2\/comments?post=163311"}],"version-history":[{"count":1,"href":"https:\/\/promis.ro\/ro\/wp-json\/wp\/v2\/product\/163311\/revisions"}],"predecessor-version":[{"id":163955,"href":"https:\/\/promis.ro\/ro\/wp-json\/wp\/v2\/product\/163311\/revisions\/163955"}],"wp:featuredmedia":[{"embeddable":true,"href":"https:\/\/promis.ro\/ro\/wp-json\/wp\/v2\/media\/163308"}],"wp:attachment":[{"href":"https:\/\/promis.ro\/ro\/wp-json\/wp\/v2\/media?parent=163311"}],"wp:term":[{"taxonomy":"product_brand","embeddable":true,"href":"https:\/\/promis.ro\/ro\/wp-json\/wp\/v2\/product_brand?post=163311"},{"taxonomy":"product_cat","embeddable":true,"href":"https:\/\/promis.ro\/ro\/wp-json\/wp\/v2\/product_cat?post=163311"},{"taxonomy":"product_tag","embeddable":true,"href":"https:\/\/promis.ro\/ro\/wp-json\/wp\/v2\/product_tag?post=163311"}],"curies":[{"name":"wp","href":"https:\/\/api.w.org\/{rel}","templated":true}]}}