{"id":163315,"date":"2025-11-12T03:52:37","date_gmt":"2025-11-12T03:52:37","guid":{"rendered":"https:\/\/promis.ro\/product\/vinga-gigaro-cheese-knives\/"},"modified":"2025-11-12T03:57:11","modified_gmt":"2025-11-12T03:57:11","slug":"vinga-gigaro-cheese-knives","status":"publish","type":"product","link":"https:\/\/promis.ro\/ro\/produs\/vinga-gigaro-cheese-knives\/","title":{"rendered":"VINGA Gigaro cheese knives"},"content":{"rendered":"<p>Un set exclusiv de cu\u021bite pentru br\u00e2nz\u0103 din o\u021bel inoxidabil, format din dou\u0103 cu\u021bite pentru br\u00e2nz\u0103 \u0219i un cu\u021bit pentru unt, cu un m\u00e2ner din lemn pakka negru. Ambalat \u00eentr-o cutie de cadou exclusiv\u0103.<\/p>","protected":false},"excerpt":{"rendered":"<p>Un set exclusiv de cu\u021bite pentru br\u00e2nz\u0103 din o\u021bel inoxidabil, format din dou\u0103 cu\u021bite pentru br\u00e2nz\u0103 \u0219i un cu\u021bit pentru<\/p>","protected":false},"featured_media":163312,"comment_status":"open","ping_status":"closed","template":"","meta":[],"product_brand":[],"product_cat":[179],"product_tag":[],"class_list":{"0":"post-163315","1":"product","2":"type-product","3":"status-publish","4":"has-post-thumbnail","6":"product_cat-casa-si-decoratiuni","8":"first","9":"instock","10":"shipping-taxable","11":"purchasable","12":"product-type-simple"},"yoast_head":"<!-- This site is optimized with the Yoast SEO plugin v27.4 - https:\/\/yoast.com\/product\/yoast-seo-wordpress\/ -->\n<title>VINGA Gigaro cheese knives - Promis.ro<\/title>\n<meta name=\"description\" content=\"Un set exclusiv de cu\u021bite pentru br\u00e2nz\u0103 din o\u021bel inoxidabil, format din dou\u0103 cu\u021bite pentru br\u00e2nz\u0103 \u0219i un cu\u021bit pentru unt, cu un m\u00e2ner din lemn pakka\" \/>\n<meta name=\"robots\" content=\"index, follow, max-snippet:-1, max-image-preview:large, max-video-preview:-1\" \/>\n<link rel=\"canonical\" href=\"https:\/\/promis.ro\/ro\/produs\/vinga-gigaro-cheese-knives\/\" \/>\n<meta property=\"og:locale\" content=\"ro_RO\" \/>\n<meta property=\"og:type\" content=\"article\" \/>\n<meta property=\"og:title\" content=\"VINGA Gigaro cheese knives - Promis.ro\" \/>\n<meta property=\"og:description\" content=\"Un set exclusiv de cu\u021bite pentru br\u00e2nz\u0103 din o\u021bel inoxidabil, format din dou\u0103 cu\u021bite pentru br\u00e2nz\u0103 \u0219i un cu\u021bit pentru unt, cu un m\u00e2ner din lemn pakka\" \/>\n<meta property=\"og:url\" content=\"https:\/\/promis.ro\/ro\/produs\/vinga-gigaro-cheese-knives\/\" \/>\n<meta property=\"og:site_name\" content=\"Promis.ro\" \/>\n<meta property=\"article:modified_time\" content=\"2025-11-12T03:57:11+00:00\" \/>\n<meta property=\"og:image\" content=\"https:\/\/promis.ro\/wp-content\/uploads\/2025\/11\/30710__B_1__c41ae1443c6a48f68b1bf57e8d0a9e49-2.jpg\" \/>\n\t<meta property=\"og:image:width\" content=\"1024\" \/>\n\t<meta property=\"og:image:height\" content=\"1024\" \/>\n\t<meta property=\"og:image:type\" content=\"image\/jpeg\" \/>\n<meta name=\"twitter:card\" content=\"summary_large_image\" \/>\n<script type=\"application\/ld+json\" class=\"yoast-schema-graph\">{\"@context\":\"https:\\\/\\\/schema.org\",\"@graph\":[{\"@type\":\"WebPage\",\"@id\":\"https:\\\/\\\/promis.ro\\\/product\\\/vinga-gigaro-cheese-knives\\\/\",\"url\":\"https:\\\/\\\/promis.ro\\\/product\\\/vinga-gigaro-cheese-knives\\\/\",\"name\":\"VINGA Gigaro cheese knives - Promis.ro\",\"isPartOf\":{\"@id\":\"https:\\\/\\\/promis.ro\\\/#website\"},\"primaryImageOfPage\":{\"@id\":\"https:\\\/\\\/promis.ro\\\/product\\\/vinga-gigaro-cheese-knives\\\/#primaryimage\"},\"image\":{\"@id\":\"https:\\\/\\\/promis.ro\\\/product\\\/vinga-gigaro-cheese-knives\\\/#primaryimage\"},\"thumbnailUrl\":\"https:\\\/\\\/promis.ro\\\/wp-content\\\/uploads\\\/2025\\\/11\\\/30710__B_1__c41ae1443c6a48f68b1bf57e8d0a9e49-2.jpg\",\"datePublished\":\"2025-11-12T03:52:37+00:00\",\"dateModified\":\"2025-11-12T03:57:11+00:00\",\"description\":\"Un set exclusiv de cu\u021bite pentru br\u00e2nz\u0103 din o\u021bel inoxidabil, format din dou\u0103 cu\u021bite pentru br\u00e2nz\u0103 \u0219i un cu\u021bit pentru unt, cu un m\u00e2ner din lemn pakka\",\"breadcrumb\":{\"@id\":\"https:\\\/\\\/promis.ro\\\/product\\\/vinga-gigaro-cheese-knives\\\/#breadcrumb\"},\"inLanguage\":\"ro-RO\",\"potentialAction\":[{\"@type\":\"ReadAction\",\"target\":[\"https:\\\/\\\/promis.ro\\\/product\\\/vinga-gigaro-cheese-knives\\\/\"]}]},{\"@type\":\"ImageObject\",\"inLanguage\":\"ro-RO\",\"@id\":\"https:\\\/\\\/promis.ro\\\/product\\\/vinga-gigaro-cheese-knives\\\/#primaryimage\",\"url\":\"https:\\\/\\\/promis.ro\\\/wp-content\\\/uploads\\\/2025\\\/11\\\/30710__B_1__c41ae1443c6a48f68b1bf57e8d0a9e49-2.jpg\",\"contentUrl\":\"https:\\\/\\\/promis.ro\\\/wp-content\\\/uploads\\\/2025\\\/11\\\/30710__B_1__c41ae1443c6a48f68b1bf57e8d0a9e49-2.jpg\",\"width\":1024,\"height\":1024},{\"@type\":\"BreadcrumbList\",\"@id\":\"https:\\\/\\\/promis.ro\\\/product\\\/vinga-gigaro-cheese-knives\\\/#breadcrumb\",\"itemListElement\":[{\"@type\":\"ListItem\",\"position\":1,\"name\":\"Home\",\"item\":\"https:\\\/\\\/promis.ro\\\/\"},{\"@type\":\"ListItem\",\"position\":2,\"name\":\"Magazin\",\"item\":\"https:\\\/\\\/promis.ro\\\/magazin\\\/\"},{\"@type\":\"ListItem\",\"position\":3,\"name\":\"VINGA Gigaro cheese knives\"}]},{\"@type\":\"WebSite\",\"@id\":\"https:\\\/\\\/promis.ro\\\/#website\",\"url\":\"https:\\\/\\\/promis.ro\\\/\",\"name\":\"Promis.ro\",\"description\":\"\",\"potentialAction\":[{\"@type\":\"SearchAction\",\"target\":{\"@type\":\"EntryPoint\",\"urlTemplate\":\"https:\\\/\\\/promis.ro\\\/?s={search_term_string}\"},\"query-input\":{\"@type\":\"PropertyValueSpecification\",\"valueRequired\":true,\"valueName\":\"search_term_string\"}}],\"inLanguage\":\"ro-RO\"}]}<\/script>\n<!-- \/ Yoast SEO plugin. -->","yoast_head_json":{"title":"VINGA Gigaro cheese knives - Promis.ro","description":"Un set exclusiv de cu\u021bite pentru br\u00e2nz\u0103 din o\u021bel inoxidabil, format din dou\u0103 cu\u021bite pentru br\u00e2nz\u0103 \u0219i un cu\u021bit pentru unt, cu un m\u00e2ner din lemn pakka","robots":{"index":"index","follow":"follow","max-snippet":"max-snippet:-1","max-image-preview":"max-image-preview:large","max-video-preview":"max-video-preview:-1"},"canonical":"https:\/\/promis.ro\/ro\/produs\/vinga-gigaro-cheese-knives\/","og_locale":"ro_RO","og_type":"article","og_title":"VINGA Gigaro cheese knives - Promis.ro","og_description":"Un set exclusiv de cu\u021bite pentru br\u00e2nz\u0103 din o\u021bel inoxidabil, format din dou\u0103 cu\u021bite pentru br\u00e2nz\u0103 \u0219i un cu\u021bit pentru unt, cu un m\u00e2ner din lemn pakka","og_url":"https:\/\/promis.ro\/ro\/produs\/vinga-gigaro-cheese-knives\/","og_site_name":"Promis.ro","article_modified_time":"2025-11-12T03:57:11+00:00","og_image":[{"width":1024,"height":1024,"url":"https:\/\/promis.ro\/wp-content\/uploads\/2025\/11\/30710__B_1__c41ae1443c6a48f68b1bf57e8d0a9e49-2.jpg","type":"image\/jpeg"}],"twitter_card":"summary_large_image","schema":{"@context":"https:\/\/schema.org","@graph":[{"@type":"WebPage","@id":"https:\/\/promis.ro\/product\/vinga-gigaro-cheese-knives\/","url":"https:\/\/promis.ro\/product\/vinga-gigaro-cheese-knives\/","name":"VINGA Gigaro cheese knives - Promis.ro","isPartOf":{"@id":"https:\/\/promis.ro\/#website"},"primaryImageOfPage":{"@id":"https:\/\/promis.ro\/product\/vinga-gigaro-cheese-knives\/#primaryimage"},"image":{"@id":"https:\/\/promis.ro\/product\/vinga-gigaro-cheese-knives\/#primaryimage"},"thumbnailUrl":"https:\/\/promis.ro\/wp-content\/uploads\/2025\/11\/30710__B_1__c41ae1443c6a48f68b1bf57e8d0a9e49-2.jpg","datePublished":"2025-11-12T03:52:37+00:00","dateModified":"2025-11-12T03:57:11+00:00","description":"Un set exclusiv de cu\u021bite pentru br\u00e2nz\u0103 din o\u021bel inoxidabil, format din dou\u0103 cu\u021bite pentru br\u00e2nz\u0103 \u0219i un cu\u021bit pentru unt, cu un m\u00e2ner din lemn pakka","breadcrumb":{"@id":"https:\/\/promis.ro\/product\/vinga-gigaro-cheese-knives\/#breadcrumb"},"inLanguage":"ro-RO","potentialAction":[{"@type":"ReadAction","target":["https:\/\/promis.ro\/product\/vinga-gigaro-cheese-knives\/"]}]},{"@type":"ImageObject","inLanguage":"ro-RO","@id":"https:\/\/promis.ro\/product\/vinga-gigaro-cheese-knives\/#primaryimage","url":"https:\/\/promis.ro\/wp-content\/uploads\/2025\/11\/30710__B_1__c41ae1443c6a48f68b1bf57e8d0a9e49-2.jpg","contentUrl":"https:\/\/promis.ro\/wp-content\/uploads\/2025\/11\/30710__B_1__c41ae1443c6a48f68b1bf57e8d0a9e49-2.jpg","width":1024,"height":1024},{"@type":"BreadcrumbList","@id":"https:\/\/promis.ro\/product\/vinga-gigaro-cheese-knives\/#breadcrumb","itemListElement":[{"@type":"ListItem","position":1,"name":"Home","item":"https:\/\/promis.ro\/"},{"@type":"ListItem","position":2,"name":"Magazin","item":"https:\/\/promis.ro\/magazin\/"},{"@type":"ListItem","position":3,"name":"VINGA Gigaro cheese knives"}]},{"@type":"WebSite","@id":"https:\/\/promis.ro\/#website","url":"https:\/\/promis.ro\/","name":"Promis.ro","description":"","potentialAction":[{"@type":"SearchAction","target":{"@type":"EntryPoint","urlTemplate":"https:\/\/promis.ro\/?s={search_term_string}"},"query-input":{"@type":"PropertyValueSpecification","valueRequired":true,"valueName":"search_term_string"}}],"inLanguage":"ro-RO"}]}},"_links":{"self":[{"href":"https:\/\/promis.ro\/ro\/wp-json\/wp\/v2\/product\/163315","targetHints":{"allow":["GET"]}}],"collection":[{"href":"https:\/\/promis.ro\/ro\/wp-json\/wp\/v2\/product"}],"about":[{"href":"https:\/\/promis.ro\/ro\/wp-json\/wp\/v2\/types\/product"}],"replies":[{"embeddable":true,"href":"https:\/\/promis.ro\/ro\/wp-json\/wp\/v2\/comments?post=163315"}],"version-history":[{"count":1,"href":"https:\/\/promis.ro\/ro\/wp-json\/wp\/v2\/product\/163315\/revisions"}],"predecessor-version":[{"id":163964,"href":"https:\/\/promis.ro\/ro\/wp-json\/wp\/v2\/product\/163315\/revisions\/163964"}],"wp:featuredmedia":[{"embeddable":true,"href":"https:\/\/promis.ro\/ro\/wp-json\/wp\/v2\/media\/163312"}],"wp:attachment":[{"href":"https:\/\/promis.ro\/ro\/wp-json\/wp\/v2\/media?parent=163315"}],"wp:term":[{"taxonomy":"product_brand","embeddable":true,"href":"https:\/\/promis.ro\/ro\/wp-json\/wp\/v2\/product_brand?post=163315"},{"taxonomy":"product_cat","embeddable":true,"href":"https:\/\/promis.ro\/ro\/wp-json\/wp\/v2\/product_cat?post=163315"},{"taxonomy":"product_tag","embeddable":true,"href":"https:\/\/promis.ro\/ro\/wp-json\/wp\/v2\/product_tag?post=163315"}],"curies":[{"name":"wp","href":"https:\/\/api.w.org\/{rel}","templated":true}]}}