{"id":164128,"date":"2025-11-12T04:00:07","date_gmt":"2025-11-12T04:00:07","guid":{"rendered":"https:\/\/promis.ro\/product\/vinga-playing-cards-coffee-table-edt\/"},"modified":"2025-11-12T05:23:59","modified_gmt":"2025-11-12T05:23:59","slug":"vinga-playing-cards-coffee-table-edt","status":"publish","type":"product","link":"https:\/\/promis.ro\/ro\/produs\/vinga-playing-cards-coffee-table-edt\/","title":{"rendered":"VINGA Playing cards coffee table edt."},"content":{"rendered":"<p>Acest set inteligent de c\u0103r\u021bi de joc este o ad\u0103ugare distractiv\u0103 \u0219i elegant\u0103 \u00een orice cas\u0103. Cutia ordonat\u0103 arat\u0103 fantastic ca un detaliu \u00een decorul t\u0103u, \u00een timp ce este distractiv s\u0103 o folose\u0219ti cu prietenii \u0219i familia pentru un joc rapid de c\u0103r\u021bi.<\/p>","protected":false},"excerpt":{"rendered":"<p>Acest set inteligent de c\u0103r\u021bi de joc este o ad\u0103ugare distractiv\u0103 \u0219i elegant\u0103 \u00een orice cas\u0103. Cutia ordonat\u0103 arat\u0103 fantastic<\/p>","protected":false},"featured_media":164125,"comment_status":"open","ping_status":"closed","template":"","meta":[],"product_brand":[],"product_cat":[177],"product_tag":[],"class_list":{"0":"post-164128","1":"product","2":"type-product","3":"status-publish","4":"has-post-thumbnail","6":"product_cat-timp-liber-si-divertisment","8":"first","9":"instock","10":"shipping-taxable","11":"purchasable","12":"product-type-simple"},"_links":{"self":[{"href":"https:\/\/promis.ro\/ro\/wp-json\/wp\/v2\/product\/164128","targetHints":{"allow":["GET"]}}],"collection":[{"href":"https:\/\/promis.ro\/ro\/wp-json\/wp\/v2\/product"}],"about":[{"href":"https:\/\/promis.ro\/ro\/wp-json\/wp\/v2\/types\/product"}],"replies":[{"embeddable":true,"href":"https:\/\/promis.ro\/ro\/wp-json\/wp\/v2\/comments?post=164128"}],"version-history":[{"count":1,"href":"https:\/\/promis.ro\/ro\/wp-json\/wp\/v2\/product\/164128\/revisions"}],"predecessor-version":[{"id":173115,"href":"https:\/\/promis.ro\/ro\/wp-json\/wp\/v2\/product\/164128\/revisions\/173115"}],"wp:featuredmedia":[{"embeddable":true,"href":"https:\/\/promis.ro\/ro\/wp-json\/wp\/v2\/media\/164125"}],"wp:attachment":[{"href":"https:\/\/promis.ro\/ro\/wp-json\/wp\/v2\/media?parent=164128"}],"wp:term":[{"taxonomy":"product_brand","embeddable":true,"href":"https:\/\/promis.ro\/ro\/wp-json\/wp\/v2\/product_brand?post=164128"},{"taxonomy":"product_cat","embeddable":true,"href":"https:\/\/promis.ro\/ro\/wp-json\/wp\/v2\/product_cat?post=164128"},{"taxonomy":"product_tag","embeddable":true,"href":"https:\/\/promis.ro\/ro\/wp-json\/wp\/v2\/product_tag?post=164128"}],"curies":[{"name":"wp","href":"https:\/\/api.w.org\/{rel}","templated":true}]}}