{"id":164132,"date":"2025-11-12T04:00:14","date_gmt":"2025-11-12T04:00:14","guid":{"rendered":"https:\/\/promis.ro\/product\/vinga-ludo-coffee-table-game\/"},"modified":"2025-11-12T05:23:55","modified_gmt":"2025-11-12T05:23:55","slug":"vinga-ludo-coffee-table-game","status":"publish","type":"product","link":"https:\/\/promis.ro\/ro\/produs\/vinga-ludo-coffee-table-game\/","title":{"rendered":"VINGA Ludo coffee table game"},"content":{"rendered":"<p>Ludo clasic, dar cu un design mult mai distractiv \u0219i elegant. Jocul este livrat \u00eentr-o cutie de depozitare frumoas\u0103, care devine de asemenea o lovely decorare interioar\u0103 pentru acas\u0103.<\/p>","protected":false},"excerpt":{"rendered":"<p>Ludo clasic, dar cu un design mult mai distractiv \u0219i elegant. Jocul este livrat \u00eentr-o cutie de depozitare frumoas\u0103, care<\/p>","protected":false},"featured_media":164129,"comment_status":"open","ping_status":"closed","template":"","meta":[],"product_brand":[],"product_cat":[177],"product_tag":[],"class_list":{"0":"post-164132","1":"product","2":"type-product","3":"status-publish","4":"has-post-thumbnail","6":"product_cat-timp-liber-si-divertisment","8":"first","9":"outofstock","10":"shipping-taxable","11":"purchasable","12":"product-type-simple"},"_links":{"self":[{"href":"https:\/\/promis.ro\/ro\/wp-json\/wp\/v2\/product\/164132","targetHints":{"allow":["GET"]}}],"collection":[{"href":"https:\/\/promis.ro\/ro\/wp-json\/wp\/v2\/product"}],"about":[{"href":"https:\/\/promis.ro\/ro\/wp-json\/wp\/v2\/types\/product"}],"replies":[{"embeddable":true,"href":"https:\/\/promis.ro\/ro\/wp-json\/wp\/v2\/comments?post=164132"}],"version-history":[{"count":1,"href":"https:\/\/promis.ro\/ro\/wp-json\/wp\/v2\/product\/164132\/revisions"}],"predecessor-version":[{"id":173107,"href":"https:\/\/promis.ro\/ro\/wp-json\/wp\/v2\/product\/164132\/revisions\/173107"}],"wp:featuredmedia":[{"embeddable":true,"href":"https:\/\/promis.ro\/ro\/wp-json\/wp\/v2\/media\/164129"}],"wp:attachment":[{"href":"https:\/\/promis.ro\/ro\/wp-json\/wp\/v2\/media?parent=164132"}],"wp:term":[{"taxonomy":"product_brand","embeddable":true,"href":"https:\/\/promis.ro\/ro\/wp-json\/wp\/v2\/product_brand?post=164132"},{"taxonomy":"product_cat","embeddable":true,"href":"https:\/\/promis.ro\/ro\/wp-json\/wp\/v2\/product_cat?post=164132"},{"taxonomy":"product_tag","embeddable":true,"href":"https:\/\/promis.ro\/ro\/wp-json\/wp\/v2\/product_tag?post=164132"}],"curies":[{"name":"wp","href":"https:\/\/api.w.org\/{rel}","templated":true}]}}