{"id":164663,"date":"2025-11-12T04:05:36","date_gmt":"2025-11-12T04:05:36","guid":{"rendered":"https:\/\/promis.ro\/product\/ukiyo-bamboo-serving-tongs\/"},"modified":"2025-11-12T05:24:38","modified_gmt":"2025-11-12T05:24:38","slug":"ukiyo-bamboo-serving-tongs","status":"publish","type":"product","link":"https:\/\/promis.ro\/ro\/produs\/ukiyo-bamboo-serving-tongs\/","title":{"rendered":"Ukiyo bamboo serving tongs"},"content":{"rendered":"<p>Aceste cle\u0219ti de servire din bambus Ukiyo vor deveni ustensila dumneavoastr\u0103 preferat\u0103 \u00een buc\u0103t\u0103rie. Ideali pentru ridicarea, \u00eentoarcerea sau servirea alimentelor. Vine \u00eentr-o cutie de cadou din kraft.<\/p>","protected":false},"excerpt":{"rendered":"<p>Aceste cle\u0219ti de servire din bambus Ukiyo vor deveni ustensila dumneavoastr\u0103 preferat\u0103 \u00een buc\u0103t\u0103rie. Ideali pentru ridicarea, \u00eentoarcerea sau servirea<\/p>","protected":false},"featured_media":164660,"comment_status":"open","ping_status":"closed","template":"","meta":[],"product_brand":[],"product_cat":[179],"product_tag":[],"class_list":{"0":"post-164663","1":"product","2":"type-product","3":"status-publish","4":"has-post-thumbnail","6":"product_cat-casa-si-decoratiuni","8":"first","9":"instock","10":"shipping-taxable","11":"purchasable","12":"product-type-simple"},"_links":{"self":[{"href":"https:\/\/promis.ro\/ro\/wp-json\/wp\/v2\/product\/164663","targetHints":{"allow":["GET"]}}],"collection":[{"href":"https:\/\/promis.ro\/ro\/wp-json\/wp\/v2\/product"}],"about":[{"href":"https:\/\/promis.ro\/ro\/wp-json\/wp\/v2\/types\/product"}],"replies":[{"embeddable":true,"href":"https:\/\/promis.ro\/ro\/wp-json\/wp\/v2\/comments?post=164663"}],"version-history":[{"count":1,"href":"https:\/\/promis.ro\/ro\/wp-json\/wp\/v2\/product\/164663\/revisions"}],"predecessor-version":[{"id":173192,"href":"https:\/\/promis.ro\/ro\/wp-json\/wp\/v2\/product\/164663\/revisions\/173192"}],"wp:featuredmedia":[{"embeddable":true,"href":"https:\/\/promis.ro\/ro\/wp-json\/wp\/v2\/media\/164660"}],"wp:attachment":[{"href":"https:\/\/promis.ro\/ro\/wp-json\/wp\/v2\/media?parent=164663"}],"wp:term":[{"taxonomy":"product_brand","embeddable":true,"href":"https:\/\/promis.ro\/ro\/wp-json\/wp\/v2\/product_brand?post=164663"},{"taxonomy":"product_cat","embeddable":true,"href":"https:\/\/promis.ro\/ro\/wp-json\/wp\/v2\/product_cat?post=164663"},{"taxonomy":"product_tag","embeddable":true,"href":"https:\/\/promis.ro\/ro\/wp-json\/wp\/v2\/product_tag?post=164663"}],"curies":[{"name":"wp","href":"https:\/\/api.w.org\/{rel}","templated":true}]}}