{"id":164707,"date":"2025-11-12T04:06:14","date_gmt":"2025-11-12T04:06:14","guid":{"rendered":"https:\/\/promis.ro\/product\/ukiyo-sushi-dinner-set-for-two\/"},"modified":"2025-11-12T05:24:44","modified_gmt":"2025-11-12T05:24:44","slug":"ukiyo-sushi-dinner-set-for-two","status":"publish","type":"product","link":"https:\/\/promis.ro\/ro\/produs\/ukiyo-sushi-dinner-set-for-two\/","title":{"rendered":"Ukiyo sushi dinner set for two"},"content":{"rendered":"<p>Bucura\u021bi-v\u0103 de cel mai gustos sushi cu acest frumos set de sushi Ukiyo de 8 piese pentru dou\u0103 persoane, care ofer\u0103 dou\u0103 farfurii cu un design alb curat \u0219i margine detaliat\u0103 \u00een negru. Setul de vesel\u0103 vine, de asemenea, cu dou\u0103 boluri pentru sos de \u00eembibat asortate \u0219i dou\u0103 perechi de be\u021bi\u0219oare. Ambalat \u00eentr-o cutie de cadou din Kraft.<\/p>","protected":false},"excerpt":{"rendered":"<p>Bucura\u021bi-v\u0103 de cel mai gustos sushi cu acest frumos set de sushi Ukiyo de 8 piese pentru dou\u0103 persoane, care<\/p>","protected":false},"featured_media":164704,"comment_status":"open","ping_status":"closed","template":"","meta":[],"product_brand":[],"product_cat":[179],"product_tag":[],"class_list":{"0":"post-164707","1":"product","2":"type-product","3":"status-publish","4":"has-post-thumbnail","6":"product_cat-casa-si-decoratiuni","8":"first","9":"instock","10":"shipping-taxable","11":"purchasable","12":"product-type-simple"},"_links":{"self":[{"href":"https:\/\/promis.ro\/ro\/wp-json\/wp\/v2\/product\/164707","targetHints":{"allow":["GET"]}}],"collection":[{"href":"https:\/\/promis.ro\/ro\/wp-json\/wp\/v2\/product"}],"about":[{"href":"https:\/\/promis.ro\/ro\/wp-json\/wp\/v2\/types\/product"}],"replies":[{"embeddable":true,"href":"https:\/\/promis.ro\/ro\/wp-json\/wp\/v2\/comments?post=164707"}],"version-history":[{"count":1,"href":"https:\/\/promis.ro\/ro\/wp-json\/wp\/v2\/product\/164707\/revisions"}],"predecessor-version":[{"id":173203,"href":"https:\/\/promis.ro\/ro\/wp-json\/wp\/v2\/product\/164707\/revisions\/173203"}],"wp:featuredmedia":[{"embeddable":true,"href":"https:\/\/promis.ro\/ro\/wp-json\/wp\/v2\/media\/164704"}],"wp:attachment":[{"href":"https:\/\/promis.ro\/ro\/wp-json\/wp\/v2\/media?parent=164707"}],"wp:term":[{"taxonomy":"product_brand","embeddable":true,"href":"https:\/\/promis.ro\/ro\/wp-json\/wp\/v2\/product_brand?post=164707"},{"taxonomy":"product_cat","embeddable":true,"href":"https:\/\/promis.ro\/ro\/wp-json\/wp\/v2\/product_cat?post=164707"},{"taxonomy":"product_tag","embeddable":true,"href":"https:\/\/promis.ro\/ro\/wp-json\/wp\/v2\/product_tag?post=164707"}],"curies":[{"name":"wp","href":"https:\/\/api.w.org\/{rel}","templated":true}]}}