{"id":164739,"date":"2025-11-12T04:06:43","date_gmt":"2025-11-12T04:06:43","guid":{"rendered":"https:\/\/promis.ro\/product\/xd-design-protective-mask-set\/"},"modified":"2025-11-12T05:24:51","modified_gmt":"2025-11-12T05:24:51","slug":"xd-design-protective-mask-set","status":"publish","type":"product","link":"https:\/\/promis.ro\/ro\/produs\/xd-design-protective-mask-set\/","title":{"rendered":"XD DESIGN Protective Mask Set"},"content":{"rendered":"<p>Acest masca de fa\u021b\u0103 confortabil\u0103 XD DESIGN este creat\u0103 pentru fiecare fa\u021b\u0103. Design u\u0219or cu trei straturi; Strat frontal din poliester tratat cu ViralOff\u00ae, o tehnologie care elimin\u0103 99% din virusuri \u00een 2 ore. Strat intermediar con\u021bine un filtru unic Hyproof\u00ae Nanofibre testat \u00een laborator. Acest filtru are o eficien\u021b\u0103 de filtrare de 95%. Strat interior din poliester. Cu structur\u0103 tridimensional\u0103 pentru b\u0103rbie \u0219i punte nazal\u0103 pentru o respira\u021bie u\u0219oar\u0103. Acest set include: 1 masc\u0103 de fa\u021b\u0103 reutilizabil\u0103 \u0219i lavabil\u0103, 5 filtre reutilizabile, 1 pouch de depozitare. Acest dispozitiv nu este un dispozitiv medical \u00een sensul Regulamentului UE \/ 2017\/745 (m\u0103\u0219ti chirurgicale) \u0219i nici echipament de protec\u021bie personal\u0103 \u00een sensul Regulamentului UE \/ 2016\/425 (m\u0103\u0219ti filtrante de tip FFP2). Design \u00eenregistrat\u00ae<\/p>","protected":false},"excerpt":{"rendered":"<p>Acest masca de fa\u021b\u0103 confortabil\u0103 XD DESIGN este creat\u0103 pentru fiecare fa\u021b\u0103. Design u\u0219or cu trei straturi; Strat frontal din<\/p>","protected":false},"featured_media":164736,"comment_status":"open","ping_status":"closed","template":"","meta":[],"product_brand":[],"product_cat":[181],"product_tag":[],"class_list":{"0":"post-164739","1":"product","2":"type-product","3":"status-publish","4":"has-post-thumbnail","6":"product_cat-ingrijire-personala-si-farmaceutica","8":"first","9":"instock","10":"shipping-taxable","11":"purchasable","12":"product-type-variable"},"yoast_head":"<!-- This site is optimized with the Yoast SEO plugin v27.4 - https:\/\/yoast.com\/product\/yoast-seo-wordpress\/ -->\n<title>XD DESIGN Protective Mask Set - Promis.ro<\/title>\n<meta name=\"description\" content=\"Acest masca de fa\u021b\u0103 confortabil\u0103 XD DESIGN este creat\u0103 pentru fiecare fa\u021b\u0103. Design u\u0219or cu trei straturi; Strat frontal din poliester tratat cu ViralOff\u00ae,\" \/>\n<meta name=\"robots\" content=\"index, follow, max-snippet:-1, max-image-preview:large, max-video-preview:-1\" \/>\n<link rel=\"canonical\" href=\"https:\/\/promis.ro\/ro\/produs\/xd-design-protective-mask-set\/\" \/>\n<meta property=\"og:locale\" content=\"ro_RO\" \/>\n<meta property=\"og:type\" content=\"article\" \/>\n<meta property=\"og:title\" content=\"XD DESIGN Protective Mask Set - Promis.ro\" \/>\n<meta property=\"og:description\" content=\"Acest masca de fa\u021b\u0103 confortabil\u0103 XD DESIGN este creat\u0103 pentru fiecare fa\u021b\u0103. Design u\u0219or cu trei straturi; Strat frontal din poliester tratat cu ViralOff\u00ae,\" \/>\n<meta property=\"og:url\" content=\"https:\/\/promis.ro\/ro\/produs\/xd-design-protective-mask-set\/\" \/>\n<meta property=\"og:site_name\" content=\"Promis.ro\" \/>\n<meta property=\"article:modified_time\" content=\"2025-11-12T05:24:51+00:00\" \/>\n<meta property=\"og:image\" content=\"https:\/\/promis.ro\/wp-content\/uploads\/2025\/11\/P265.871__B_1__523f2be271a3434fa5d75cc0145a01b1.jpg\" \/>\n\t<meta property=\"og:image:width\" content=\"1024\" \/>\n\t<meta property=\"og:image:height\" content=\"1024\" \/>\n\t<meta property=\"og:image:type\" content=\"image\/jpeg\" \/>\n<meta name=\"twitter:card\" content=\"summary_large_image\" \/>\n<meta name=\"twitter:label1\" content=\"Timp estimat pentru citire\" \/>\n\t<meta name=\"twitter:data1\" content=\"1 minut\" \/>\n<script type=\"application\/ld+json\" class=\"yoast-schema-graph\">{\"@context\":\"https:\\\/\\\/schema.org\",\"@graph\":[{\"@type\":\"WebPage\",\"@id\":\"https:\\\/\\\/promis.ro\\\/product\\\/xd-design-protective-mask-set\\\/\",\"url\":\"https:\\\/\\\/promis.ro\\\/product\\\/xd-design-protective-mask-set\\\/\",\"name\":\"XD DESIGN Protective Mask Set - Promis.ro\",\"isPartOf\":{\"@id\":\"https:\\\/\\\/promis.ro\\\/#website\"},\"primaryImageOfPage\":{\"@id\":\"https:\\\/\\\/promis.ro\\\/product\\\/xd-design-protective-mask-set\\\/#primaryimage\"},\"image\":{\"@id\":\"https:\\\/\\\/promis.ro\\\/product\\\/xd-design-protective-mask-set\\\/#primaryimage\"},\"thumbnailUrl\":\"https:\\\/\\\/promis.ro\\\/wp-content\\\/uploads\\\/2025\\\/11\\\/P265.871__B_1__523f2be271a3434fa5d75cc0145a01b1.jpg\",\"datePublished\":\"2025-11-12T04:06:43+00:00\",\"dateModified\":\"2025-11-12T05:24:51+00:00\",\"description\":\"Acest masca de fa\u021b\u0103 confortabil\u0103 XD DESIGN este creat\u0103 pentru fiecare fa\u021b\u0103. Design u\u0219or cu trei straturi; Strat frontal din poliester tratat cu ViralOff\u00ae,\",\"breadcrumb\":{\"@id\":\"https:\\\/\\\/promis.ro\\\/product\\\/xd-design-protective-mask-set\\\/#breadcrumb\"},\"inLanguage\":\"ro-RO\",\"potentialAction\":[{\"@type\":\"ReadAction\",\"target\":[\"https:\\\/\\\/promis.ro\\\/product\\\/xd-design-protective-mask-set\\\/\"]}]},{\"@type\":\"ImageObject\",\"inLanguage\":\"ro-RO\",\"@id\":\"https:\\\/\\\/promis.ro\\\/product\\\/xd-design-protective-mask-set\\\/#primaryimage\",\"url\":\"https:\\\/\\\/promis.ro\\\/wp-content\\\/uploads\\\/2025\\\/11\\\/P265.871__B_1__523f2be271a3434fa5d75cc0145a01b1.jpg\",\"contentUrl\":\"https:\\\/\\\/promis.ro\\\/wp-content\\\/uploads\\\/2025\\\/11\\\/P265.871__B_1__523f2be271a3434fa5d75cc0145a01b1.jpg\",\"width\":1024,\"height\":1024},{\"@type\":\"BreadcrumbList\",\"@id\":\"https:\\\/\\\/promis.ro\\\/product\\\/xd-design-protective-mask-set\\\/#breadcrumb\",\"itemListElement\":[{\"@type\":\"ListItem\",\"position\":1,\"name\":\"Home\",\"item\":\"https:\\\/\\\/promis.ro\\\/\"},{\"@type\":\"ListItem\",\"position\":2,\"name\":\"Magazin\",\"item\":\"https:\\\/\\\/promis.ro\\\/magazin\\\/\"},{\"@type\":\"ListItem\",\"position\":3,\"name\":\"XD DESIGN Protective Mask Set\"}]},{\"@type\":\"WebSite\",\"@id\":\"https:\\\/\\\/promis.ro\\\/#website\",\"url\":\"https:\\\/\\\/promis.ro\\\/\",\"name\":\"Promis.ro\",\"description\":\"\",\"potentialAction\":[{\"@type\":\"SearchAction\",\"target\":{\"@type\":\"EntryPoint\",\"urlTemplate\":\"https:\\\/\\\/promis.ro\\\/?s={search_term_string}\"},\"query-input\":{\"@type\":\"PropertyValueSpecification\",\"valueRequired\":true,\"valueName\":\"search_term_string\"}}],\"inLanguage\":\"ro-RO\"}]}<\/script>\n<!-- \/ Yoast SEO plugin. -->","yoast_head_json":{"title":"XD DESIGN Protective Mask Set - Promis.ro","description":"Acest masca de fa\u021b\u0103 confortabil\u0103 XD DESIGN este creat\u0103 pentru fiecare fa\u021b\u0103. Design u\u0219or cu trei straturi; Strat frontal din poliester tratat cu ViralOff\u00ae,","robots":{"index":"index","follow":"follow","max-snippet":"max-snippet:-1","max-image-preview":"max-image-preview:large","max-video-preview":"max-video-preview:-1"},"canonical":"https:\/\/promis.ro\/ro\/produs\/xd-design-protective-mask-set\/","og_locale":"ro_RO","og_type":"article","og_title":"XD DESIGN Protective Mask Set - Promis.ro","og_description":"Acest masca de fa\u021b\u0103 confortabil\u0103 XD DESIGN este creat\u0103 pentru fiecare fa\u021b\u0103. Design u\u0219or cu trei straturi; Strat frontal din poliester tratat cu ViralOff\u00ae,","og_url":"https:\/\/promis.ro\/ro\/produs\/xd-design-protective-mask-set\/","og_site_name":"Promis.ro","article_modified_time":"2025-11-12T05:24:51+00:00","og_image":[{"width":1024,"height":1024,"url":"https:\/\/promis.ro\/wp-content\/uploads\/2025\/11\/P265.871__B_1__523f2be271a3434fa5d75cc0145a01b1.jpg","type":"image\/jpeg"}],"twitter_card":"summary_large_image","twitter_misc":{"Timp estimat pentru citire":"1 minut"},"schema":{"@context":"https:\/\/schema.org","@graph":[{"@type":"WebPage","@id":"https:\/\/promis.ro\/product\/xd-design-protective-mask-set\/","url":"https:\/\/promis.ro\/product\/xd-design-protective-mask-set\/","name":"XD DESIGN Protective Mask Set - Promis.ro","isPartOf":{"@id":"https:\/\/promis.ro\/#website"},"primaryImageOfPage":{"@id":"https:\/\/promis.ro\/product\/xd-design-protective-mask-set\/#primaryimage"},"image":{"@id":"https:\/\/promis.ro\/product\/xd-design-protective-mask-set\/#primaryimage"},"thumbnailUrl":"https:\/\/promis.ro\/wp-content\/uploads\/2025\/11\/P265.871__B_1__523f2be271a3434fa5d75cc0145a01b1.jpg","datePublished":"2025-11-12T04:06:43+00:00","dateModified":"2025-11-12T05:24:51+00:00","description":"Acest masca de fa\u021b\u0103 confortabil\u0103 XD DESIGN este creat\u0103 pentru fiecare fa\u021b\u0103. Design u\u0219or cu trei straturi; Strat frontal din poliester tratat cu ViralOff\u00ae,","breadcrumb":{"@id":"https:\/\/promis.ro\/product\/xd-design-protective-mask-set\/#breadcrumb"},"inLanguage":"ro-RO","potentialAction":[{"@type":"ReadAction","target":["https:\/\/promis.ro\/product\/xd-design-protective-mask-set\/"]}]},{"@type":"ImageObject","inLanguage":"ro-RO","@id":"https:\/\/promis.ro\/product\/xd-design-protective-mask-set\/#primaryimage","url":"https:\/\/promis.ro\/wp-content\/uploads\/2025\/11\/P265.871__B_1__523f2be271a3434fa5d75cc0145a01b1.jpg","contentUrl":"https:\/\/promis.ro\/wp-content\/uploads\/2025\/11\/P265.871__B_1__523f2be271a3434fa5d75cc0145a01b1.jpg","width":1024,"height":1024},{"@type":"BreadcrumbList","@id":"https:\/\/promis.ro\/product\/xd-design-protective-mask-set\/#breadcrumb","itemListElement":[{"@type":"ListItem","position":1,"name":"Home","item":"https:\/\/promis.ro\/"},{"@type":"ListItem","position":2,"name":"Magazin","item":"https:\/\/promis.ro\/magazin\/"},{"@type":"ListItem","position":3,"name":"XD DESIGN Protective Mask Set"}]},{"@type":"WebSite","@id":"https:\/\/promis.ro\/#website","url":"https:\/\/promis.ro\/","name":"Promis.ro","description":"","potentialAction":[{"@type":"SearchAction","target":{"@type":"EntryPoint","urlTemplate":"https:\/\/promis.ro\/?s={search_term_string}"},"query-input":{"@type":"PropertyValueSpecification","valueRequired":true,"valueName":"search_term_string"}}],"inLanguage":"ro-RO"}]}},"_links":{"self":[{"href":"https:\/\/promis.ro\/ro\/wp-json\/wp\/v2\/product\/164739","targetHints":{"allow":["GET"]}}],"collection":[{"href":"https:\/\/promis.ro\/ro\/wp-json\/wp\/v2\/product"}],"about":[{"href":"https:\/\/promis.ro\/ro\/wp-json\/wp\/v2\/types\/product"}],"replies":[{"embeddable":true,"href":"https:\/\/promis.ro\/ro\/wp-json\/wp\/v2\/comments?post=164739"}],"version-history":[{"count":1,"href":"https:\/\/promis.ro\/ro\/wp-json\/wp\/v2\/product\/164739\/revisions"}],"predecessor-version":[{"id":173216,"href":"https:\/\/promis.ro\/ro\/wp-json\/wp\/v2\/product\/164739\/revisions\/173216"}],"wp:featuredmedia":[{"embeddable":true,"href":"https:\/\/promis.ro\/ro\/wp-json\/wp\/v2\/media\/164736"}],"wp:attachment":[{"href":"https:\/\/promis.ro\/ro\/wp-json\/wp\/v2\/media?parent=164739"}],"wp:term":[{"taxonomy":"product_brand","embeddable":true,"href":"https:\/\/promis.ro\/ro\/wp-json\/wp\/v2\/product_brand?post=164739"},{"taxonomy":"product_cat","embeddable":true,"href":"https:\/\/promis.ro\/ro\/wp-json\/wp\/v2\/product_cat?post=164739"},{"taxonomy":"product_tag","embeddable":true,"href":"https:\/\/promis.ro\/ro\/wp-json\/wp\/v2\/product_tag?post=164739"}],"curies":[{"name":"wp","href":"https:\/\/api.w.org\/{rel}","templated":true}]}}