{"id":165131,"date":"2025-11-12T04:11:10","date_gmt":"2025-11-12T04:11:10","guid":{"rendered":"https:\/\/promis.ro\/product\/rcs-standard-recycled-plastic-and-tpe-6-in-1-cable\/"},"modified":"2025-11-12T05:25:33","modified_gmt":"2025-11-12T05:25:33","slug":"rcs-standard-recycled-plastic-and-tpe-6-in-1-cable","status":"publish","type":"product","link":"https:\/\/promis.ro\/ro\/produs\/rcs-standard-recycled-plastic-and-tpe-6-in-1-cable\/","title":{"rendered":"RCS standard recycled plastic and TPE 6-in-1 cable"},"content":{"rendered":"<p>6-in-1 cablu retractabil unde carcasa este fabricat\u0103 din plastic ABS reciclat certificat RCS, iar firul din TPE reciclat. Con\u021binut total reciclat: 59% pe baza greut\u0103\u021bii totale a articolului. RCS (Recycled Claim Standard) este un standard pentru a verifica con\u021binutul reciclat al unui produs pe \u00eentreaga lan\u021b de aprovizionare. RCS este standardul utilizat atunci c\u00e2nd o parte din articol a fost fabricat\u0103 din materiale reciclate. Cablu are 5 conectori diferi\u021bi: USB C \u00een, USB A \u00een, tip C ie\u0219ire, IOS ie\u0219ire \u0219i micro USB ie\u0219ire. Acest lucru v\u0103 permite s\u0103 utiliza\u021bi cablul cu dispozitive cu ie\u0219ire tip C care sunt incluse \u00een noua genera\u021bie de telefoane \u0219i computere MacBook. Cablu are, de asemenea, o op\u021biune de intrare ie\u0219ire USB A, astfel \u00eenc\u00e2t s\u0103 poat\u0103 \u00eenc\u0103rca orice dispozitiv din orice surs\u0103 de ie\u0219ire. Articolul este complet f\u0103r\u0103 PVC.<\/p>","protected":false},"excerpt":{"rendered":"<p>6-in-1 cablu retractabil unde carcasa este fabricat\u0103 din plastic ABS reciclat certificat RCS, iar firul din TPE reciclat. Con\u021binut total<\/p>","protected":false},"featured_media":165128,"comment_status":"open","ping_status":"closed","template":"","meta":[],"product_brand":[],"product_cat":[170],"product_tag":[],"class_list":{"0":"post-165131","1":"product","2":"type-product","3":"status-publish","4":"has-post-thumbnail","6":"product_cat-tehnologie-si-accesorii","8":"first","9":"instock","10":"shipping-taxable","11":"purchasable","12":"product-type-variable"},"_links":{"self":[{"href":"https:\/\/promis.ro\/ro\/wp-json\/wp\/v2\/product\/165131","targetHints":{"allow":["GET"]}}],"collection":[{"href":"https:\/\/promis.ro\/ro\/wp-json\/wp\/v2\/product"}],"about":[{"href":"https:\/\/promis.ro\/ro\/wp-json\/wp\/v2\/types\/product"}],"replies":[{"embeddable":true,"href":"https:\/\/promis.ro\/ro\/wp-json\/wp\/v2\/comments?post=165131"}],"version-history":[{"count":1,"href":"https:\/\/promis.ro\/ro\/wp-json\/wp\/v2\/product\/165131\/revisions"}],"predecessor-version":[{"id":173297,"href":"https:\/\/promis.ro\/ro\/wp-json\/wp\/v2\/product\/165131\/revisions\/173297"}],"wp:featuredmedia":[{"embeddable":true,"href":"https:\/\/promis.ro\/ro\/wp-json\/wp\/v2\/media\/165128"}],"wp:attachment":[{"href":"https:\/\/promis.ro\/ro\/wp-json\/wp\/v2\/media?parent=165131"}],"wp:term":[{"taxonomy":"product_brand","embeddable":true,"href":"https:\/\/promis.ro\/ro\/wp-json\/wp\/v2\/product_brand?post=165131"},{"taxonomy":"product_cat","embeddable":true,"href":"https:\/\/promis.ro\/ro\/wp-json\/wp\/v2\/product_cat?post=165131"},{"taxonomy":"product_tag","embeddable":true,"href":"https:\/\/promis.ro\/ro\/wp-json\/wp\/v2\/product_tag?post=165131"}],"curies":[{"name":"wp","href":"https:\/\/api.w.org\/{rel}","templated":true}]}}