{"id":165135,"date":"2025-11-12T04:11:13","date_gmt":"2025-11-12T04:11:13","guid":{"rendered":"https:\/\/promis.ro\/product\/terra-rcs-recycled-aluminium-6-in-1-charging-cable\/"},"modified":"2025-11-12T05:25:32","modified_gmt":"2025-11-12T05:25:32","slug":"terra-rcs-recycled-aluminium-6-in-1-charging-cable","status":"publish","type":"product","link":"https:\/\/promis.ro\/ro\/produs\/terra-rcs-recycled-aluminium-6-in-1-charging-cable\/","title":{"rendered":"Terra RCS recycled aluminium 6-in-1 charging cable"},"content":{"rendered":"<p>Cablu de \u00eenc\u0103rcare fabricat din aluminiu reciclat certificat RCS (Recycled Claim Standard), TPE reciclat \u0219i PET reciclat. Con\u021binut total reciclat: 68% din greutatea total\u0103 a produsului. Certificarea RCS asigur\u0103 o lan\u021b de aprovizionare complet certificat al materialelor reciclate. Aluminiul nu \u00ee\u0219i pierde caracteristicile \u00een procesul de reciclare \u0219i poate fi reciclat la nesf\u00e2r\u0219it. Cu conector dual de intrare: USB A \u0219i tip C. Ie\u0219ire tripla: Apple Lightning\/Micro \u0219i Tip C, oferind \u00een total 6 op\u021biuni de \u00eenc\u0103rcare. Cu cabluri \u00eempletite din PET reciclat certificat RCS cu o lungime de 12 cm. Ambalat \u00een ambalaj FSC\u00ae mix. Potrivit pentru \u00eenc\u0103rcare, sincronizare \u0219i compatibil cu car play (tip C la tip C doar). Suport\u0103 \u00eenc\u0103rcare rapid\u0103 de p\u00e2n\u0103 la 9V\/2A.<\/p>","protected":false},"excerpt":{"rendered":"<p>Cablu de \u00eenc\u0103rcare fabricat din aluminiu reciclat certificat RCS (Recycled Claim Standard), TPE reciclat \u0219i PET reciclat. Con\u021binut total reciclat:<\/p>","protected":false},"featured_media":165132,"comment_status":"open","ping_status":"closed","template":"","meta":[],"product_brand":[],"product_cat":[170],"product_tag":[],"class_list":{"0":"post-165135","1":"product","2":"type-product","3":"status-publish","4":"has-post-thumbnail","6":"product_cat-tehnologie-si-accesorii","8":"first","9":"instock","10":"shipping-taxable","11":"purchasable","12":"product-type-simple"},"_links":{"self":[{"href":"https:\/\/promis.ro\/ro\/wp-json\/wp\/v2\/product\/165135","targetHints":{"allow":["GET"]}}],"collection":[{"href":"https:\/\/promis.ro\/ro\/wp-json\/wp\/v2\/product"}],"about":[{"href":"https:\/\/promis.ro\/ro\/wp-json\/wp\/v2\/types\/product"}],"replies":[{"embeddable":true,"href":"https:\/\/promis.ro\/ro\/wp-json\/wp\/v2\/comments?post=165135"}],"version-history":[{"count":1,"href":"https:\/\/promis.ro\/ro\/wp-json\/wp\/v2\/product\/165135\/revisions"}],"predecessor-version":[{"id":173296,"href":"https:\/\/promis.ro\/ro\/wp-json\/wp\/v2\/product\/165135\/revisions\/173296"}],"wp:featuredmedia":[{"embeddable":true,"href":"https:\/\/promis.ro\/ro\/wp-json\/wp\/v2\/media\/165132"}],"wp:attachment":[{"href":"https:\/\/promis.ro\/ro\/wp-json\/wp\/v2\/media?parent=165135"}],"wp:term":[{"taxonomy":"product_brand","embeddable":true,"href":"https:\/\/promis.ro\/ro\/wp-json\/wp\/v2\/product_brand?post=165135"},{"taxonomy":"product_cat","embeddable":true,"href":"https:\/\/promis.ro\/ro\/wp-json\/wp\/v2\/product_cat?post=165135"},{"taxonomy":"product_tag","embeddable":true,"href":"https:\/\/promis.ro\/ro\/wp-json\/wp\/v2\/product_tag?post=165135"}],"curies":[{"name":"wp","href":"https:\/\/api.w.org\/{rel}","templated":true}]}}