{"id":165139,"date":"2025-11-12T04:11:16","date_gmt":"2025-11-12T04:11:16","guid":{"rendered":"https:\/\/promis.ro\/product\/terra-60w-rcs-recycled-aluminium-120cm-6-in-1-cable\/"},"modified":"2025-11-12T05:25:39","modified_gmt":"2025-11-12T05:25:39","slug":"terra-60w-rcs-recycled-aluminium-120cm-6-in-1-cable","status":"publish","type":"product","link":"https:\/\/promis.ro\/ro\/produs\/terra-60w-rcs-recycled-aluminium-120cm-6-in-1-cable\/","title":{"rendered":"Terra 60W RCS recycled aluminium 120cm 6-in-1 cable"},"content":{"rendered":"<p>Cablu de \u00eenc\u0103rcare fabricat din aluminiu reciclat certificat RCS (Recycled Claim Standard), TPE reciclat \u0219i PET reciclat. Con\u021binut total reciclat: 65% din greutatea total\u0103 a articolului. Certificarea RCS asigur\u0103 o lan\u021b de aprovizionare complet certificat al materialelor reciclate. Aluminiul nu \u00ee\u0219i pierde caracteristicile \u00een procesul de reciclare \u0219i poate fi reciclat la nesf\u00e2r\u0219it. Cu conector dual de intrare: USB A \u0219i tip C. Iesire tripla: Apple Lightning\/Micro \u0219i Tip C, oferind \u00een total 6 op\u021biuni de \u00eenc\u0103rcare. Cu cablu \u00eempletit din PET reciclat certificat RCS cu o lungime de 120 cm. Ambalat \u00een ambalaj FSC\u00ae mix. Potrivit pentru \u00eenc\u0103rcare, sincronizare \u0219i compatibil cu Android Auto (tip C la tip C doar). Suport\u0103 \u00eenc\u0103rcare rapid\u0103 de p\u00e2n\u0103 la 9V\/2A.<\/p>","protected":false},"excerpt":{"rendered":"<p>Cablu de \u00eenc\u0103rcare fabricat din aluminiu reciclat certificat RCS (Recycled Claim Standard), TPE reciclat \u0219i PET reciclat. Con\u021binut total reciclat:<\/p>","protected":false},"featured_media":165136,"comment_status":"open","ping_status":"closed","template":"","meta":[],"product_brand":[],"product_cat":[170],"product_tag":[],"class_list":{"0":"post-165139","1":"product","2":"type-product","3":"status-publish","4":"has-post-thumbnail","6":"product_cat-tehnologie-si-accesorii","8":"first","9":"outofstock","10":"shipping-taxable","11":"purchasable","12":"product-type-simple"},"_links":{"self":[{"href":"https:\/\/promis.ro\/ro\/wp-json\/wp\/v2\/product\/165139","targetHints":{"allow":["GET"]}}],"collection":[{"href":"https:\/\/promis.ro\/ro\/wp-json\/wp\/v2\/product"}],"about":[{"href":"https:\/\/promis.ro\/ro\/wp-json\/wp\/v2\/types\/product"}],"replies":[{"embeddable":true,"href":"https:\/\/promis.ro\/ro\/wp-json\/wp\/v2\/comments?post=165139"}],"version-history":[{"count":1,"href":"https:\/\/promis.ro\/ro\/wp-json\/wp\/v2\/product\/165139\/revisions"}],"predecessor-version":[{"id":173308,"href":"https:\/\/promis.ro\/ro\/wp-json\/wp\/v2\/product\/165139\/revisions\/173308"}],"wp:featuredmedia":[{"embeddable":true,"href":"https:\/\/promis.ro\/ro\/wp-json\/wp\/v2\/media\/165136"}],"wp:attachment":[{"href":"https:\/\/promis.ro\/ro\/wp-json\/wp\/v2\/media?parent=165139"}],"wp:term":[{"taxonomy":"product_brand","embeddable":true,"href":"https:\/\/promis.ro\/ro\/wp-json\/wp\/v2\/product_brand?post=165139"},{"taxonomy":"product_cat","embeddable":true,"href":"https:\/\/promis.ro\/ro\/wp-json\/wp\/v2\/product_cat?post=165139"},{"taxonomy":"product_tag","embeddable":true,"href":"https:\/\/promis.ro\/ro\/wp-json\/wp\/v2\/product_tag?post=165139"}],"curies":[{"name":"wp","href":"https:\/\/api.w.org\/{rel}","templated":true}]}}