{"id":165143,"date":"2025-11-12T04:11:20","date_gmt":"2025-11-12T04:11:20","guid":{"rendered":"https:\/\/promis.ro\/product\/oakland-rcs-recycled-plastic-6-in-1-fast-charging-45w-cable\/"},"modified":"2025-11-12T05:25:41","modified_gmt":"2025-11-12T05:25:41","slug":"oakland-rcs-recycled-plastic-6-in-1-fast-charging-45w-cable","status":"publish","type":"product","link":"https:\/\/promis.ro\/ro\/produs\/oakland-rcs-recycled-plastic-6-in-1-fast-charging-45w-cable\/","title":{"rendered":"Oakland RCS recycled plastic 6-in-1 fast charging 45W cable"},"content":{"rendered":"<p>\u00cenc\u0103rca\u021bi \u00eentotdeauna folosind cea mai rapid\u0103 vitez\u0103 de \u00eenc\u0103rcare posibil\u0103 cu cablul de \u00eenc\u0103rcare rapid\u0103 Oakland. Fabricat din materiale reciclate certificate. Carcasa este realizat\u0103 din plastic TPE reciclat 100% certificat RCS, iar firul din material interior TPE reciclat 100% \u0219i strat exterior PET reciclat 100%. RCS (Recycled Claim Standard) este un standard pentru a verifica con\u021binutul reciclat al unui produs pe \u00eentreaga lan\u021b de aprovizionare. RCS este standardul utilizat atunci c\u00e2nd o parte a articolului a fost fabricat\u0103 din materiale reciclate. Cablul de 120 cm are 5 conectori diferi\u021bi: USB C \u00een, USB A \u00een, tip C ie\u0219ire, IOS ie\u0219ire \u0219i micro USB ie\u0219ire. Acest lucru v\u0103 permite, de asemenea, s\u0103 utiliza\u021bi cablul cu dispozitive cu ie\u0219ire tip C care sunt incluse \u00een noua genera\u021bie de telefoane \u0219i computere MacBook. Cablul are, de asemenea, o op\u021biune de intrare ie\u0219ire USB A, astfel \u00eenc\u00e2t s\u0103 poat\u0103 \u00eenc\u0103rca orice dispozitiv din orice surs\u0103 de ie\u0219ire. Curent maxim tip C la lightning 18W. Curent maxim tip C la tip C 45W. Produsele Urban Vitamin sunt fabricate f\u0103r\u0103 PVC \u0219i ambalate \u00een ambalaje cu plastic redus.<\/p>","protected":false},"excerpt":{"rendered":"<p>\u00cenc\u0103rca\u021bi \u00eentotdeauna folosind cea mai rapid\u0103 vitez\u0103 de \u00eenc\u0103rcare posibil\u0103 cu cablul de \u00eenc\u0103rcare rapid\u0103 Oakland. Fabricat din materiale reciclate<\/p>","protected":false},"featured_media":165140,"comment_status":"open","ping_status":"closed","template":"","meta":[],"product_brand":[],"product_cat":[170],"product_tag":[],"class_list":{"0":"post-165143","1":"product","2":"type-product","3":"status-publish","4":"has-post-thumbnail","6":"product_cat-tehnologie-si-accesorii","8":"first","9":"instock","10":"shipping-taxable","11":"purchasable","12":"product-type-variable"},"_links":{"self":[{"href":"https:\/\/promis.ro\/ro\/wp-json\/wp\/v2\/product\/165143","targetHints":{"allow":["GET"]}}],"collection":[{"href":"https:\/\/promis.ro\/ro\/wp-json\/wp\/v2\/product"}],"about":[{"href":"https:\/\/promis.ro\/ro\/wp-json\/wp\/v2\/types\/product"}],"replies":[{"embeddable":true,"href":"https:\/\/promis.ro\/ro\/wp-json\/wp\/v2\/comments?post=165143"}],"version-history":[{"count":1,"href":"https:\/\/promis.ro\/ro\/wp-json\/wp\/v2\/product\/165143\/revisions"}],"predecessor-version":[{"id":173312,"href":"https:\/\/promis.ro\/ro\/wp-json\/wp\/v2\/product\/165143\/revisions\/173312"}],"wp:featuredmedia":[{"embeddable":true,"href":"https:\/\/promis.ro\/ro\/wp-json\/wp\/v2\/media\/165140"}],"wp:attachment":[{"href":"https:\/\/promis.ro\/ro\/wp-json\/wp\/v2\/media?parent=165143"}],"wp:term":[{"taxonomy":"product_brand","embeddable":true,"href":"https:\/\/promis.ro\/ro\/wp-json\/wp\/v2\/product_brand?post=165143"},{"taxonomy":"product_cat","embeddable":true,"href":"https:\/\/promis.ro\/ro\/wp-json\/wp\/v2\/product_cat?post=165143"},{"taxonomy":"product_tag","embeddable":true,"href":"https:\/\/promis.ro\/ro\/wp-json\/wp\/v2\/product_tag?post=165143"}],"curies":[{"name":"wp","href":"https:\/\/api.w.org\/{rel}","templated":true}]}}